{"id":785,"date":"2022-12-12T09:57:14","date_gmt":"2022-12-12T08:57:14","guid":{"rendered":"http:\/\/429.ablak.arnes.si\/?page_id=785"},"modified":"2025-09-01T06:24:22","modified_gmt":"2025-09-01T04:24:22","slug":"kontakti","status":"publish","type":"page","link":"https:\/\/vrtecsemedela.si\/index.php\/kontakti\/","title":{"rendered":"Kontakti"},"content":{"rendered":"\n<div class=\"wp-block-columns is-layout-flex wp-container-core-columns-is-layout-9d6595d7 wp-block-columns-is-layout-flex\">\n<div class=\"wp-block-column is-layout-flow wp-block-column-is-layout-flow\" style=\"flex-basis:66.66%\">\n<figure class=\"wp-block-table\"><table class=\"has-white-color has-vivid-cyan-blue-background-color has-text-color has-background\"><tbody><tr><td>Ime in priimek<\/td><td><i class=\"fas fa-envelope\"><\/i><\/td><td><i class=\"fas fa-phone-volume\"><\/i><\/td><\/tr><\/tbody><\/table><\/figure>\n\n\n\n<figure class=\"wp-block-table is-style-stripes\"><table class=\"has-black-color has-text-color\"><tbody><tr><td><strong>Tja\u0161a Rapotec<\/strong><br>Ravnateljica<\/td><td>tjasa.rapotec@vrtecsemedela.si<\/td><td>05 614 50 20<\/td><\/tr><tr><td><strong>Metka Baruca<\/strong><br>Pomo\u010dnica ravnateljice<\/td><td>metka.baruca@vrtecsemedela.si<\/td><td>05 614 50 12<br>051 247 474<\/td><\/tr><tr><td><strong>Anita Hrvatin<\/strong><br>Pomo\u010dnica ravnateljice<\/td><td>anita.hrvatin@vrtecsemedela.si<\/td><td>05 614 50 13<br>031 634 357<\/td><\/tr><tr><td><strong>Maja \u0160ebalj<\/strong><br>Poslovna sekretarka<\/td><td>vrtec.semedela@vrtecsemedela.si<\/td><td>05 614 50 14<\/td><\/tr><tr><td><strong>Monika Kora\u017eija<\/strong><br>Ra\u010dunovodja<\/td><td>monika.korazija@vrtecsemedela.si<\/td><td>05 614 50 15<\/td><\/tr><tr><td><strong>Fabricija \u017delko<\/strong><br>Knjigovodja (polo\u017enice)<\/td><td>fabricija.zelko@vrtecsemedela.si<\/td><td>05 614 50 11<\/td><\/tr><tr><td><strong>Sabina Pri\u0161li\u0107<\/strong><br>Svetovalna slu\u017eba vrtca<\/td><td>svetovalna.sluzba@vrtecsemedela.si<\/td><td>041 502 782<\/td><\/tr><tr><td><strong>Mateja Kocjan\u010di\u010d<\/strong><br>Organizatorka zdravstveno higienskega re\u017eima in prehrane<\/td><td>mateja.kocjanciczhr@vrtecsemedela.si<\/td><td>05 628 41 25<br>041 951 028<\/td><\/tr><tr><td><strong>Damijan Koro\u0161ec<\/strong><br>Hi\u0161nik<\/td><td>damijan.korosec@vrtecsemedela.si<\/td><td>05 614 50 19<\/td><\/tr><\/tbody><\/table><\/figure>\n<\/div>\n\n\n\n<div class=\"wp-block-column is-layout-flow wp-block-column-is-layout-flow\" style=\"flex-basis:33.33%\">\n<figure class=\"wp-block-image size-full\"><img loading=\"lazy\" decoding=\"async\" width=\"300\" height=\"400\" src=\"https:\/\/vrtecsemedela.si\/wp-content\/uploads\/2023\/01\/image5.jpg\" alt=\"\" class=\"wp-image-1043\" srcset=\"https:\/\/vrtecsemedela.si\/wp-content\/uploads\/2023\/01\/image5.jpg 300w, https:\/\/vrtecsemedela.si\/wp-content\/uploads\/2023\/01\/image5-225x300.jpg 225w\" sizes=\"auto, (max-width: 300px) 100vw, 300px\" \/><\/figure>\n<\/div>\n<\/div>\n","protected":false},"excerpt":{"rendered":"<p>Ime in priimek Tja\u0161a RapotecRavnateljica tjasa.rapotec@vrtecsemedela.si 05 614 50 20 Metka BarucaPomo\u010dnica ravnateljice metka.baruca@vrtecsemedela.si 05 614 50 12051 247 474 Anita HrvatinPomo\u010dnica ravnateljice anita.hrvatin@vrtecsemedela.si 05 614 50 13031 634 357 Maja \u0160ebaljPoslovna sekretarka vrtec.semedela@vrtecsemedela.si 05 614 50 14 Monika Kora\u017eijaRa\u010dunovodja monika.korazija@vrtecsemedela.si 05 614 50 15 Fabricija \u017delkoKnjigovodja (polo\u017enice) fabricija.zelko@vrtecsemedela.si 05 614 50 11 Sabina Pri\u0161li\u0107Svetovalna &hellip; <\/p>\n<p class=\"link-more\"><a href=\"https:\/\/vrtecsemedela.si\/index.php\/kontakti\/\" class=\"more-link\">Continue reading<span class=\"screen-reader-text\"> &#8220;Kontakti&#8221;<\/span><\/a><\/p>\n","protected":false},"author":1,"featured_media":0,"parent":0,"menu_order":0,"comment_status":"closed","ping_status":"closed","template":"","meta":{"footnotes":""},"class_list":["post-785","page","type-page","status-publish","hentry"],"_links":{"self":[{"href":"https:\/\/vrtecsemedela.si\/index.php\/wp-json\/wp\/v2\/pages\/785","targetHints":{"allow":["GET"]}}],"collection":[{"href":"https:\/\/vrtecsemedela.si\/index.php\/wp-json\/wp\/v2\/pages"}],"about":[{"href":"https:\/\/vrtecsemedela.si\/index.php\/wp-json\/wp\/v2\/types\/page"}],"author":[{"embeddable":true,"href":"https:\/\/vrtecsemedela.si\/index.php\/wp-json\/wp\/v2\/users\/1"}],"replies":[{"embeddable":true,"href":"https:\/\/vrtecsemedela.si\/index.php\/wp-json\/wp\/v2\/comments?post=785"}],"version-history":[{"count":35,"href":"https:\/\/vrtecsemedela.si\/index.php\/wp-json\/wp\/v2\/pages\/785\/revisions"}],"predecessor-version":[{"id":7556,"href":"https:\/\/vrtecsemedela.si\/index.php\/wp-json\/wp\/v2\/pages\/785\/revisions\/7556"}],"wp:attachment":[{"href":"https:\/\/vrtecsemedela.si\/index.php\/wp-json\/wp\/v2\/media?parent=785"}],"curies":[{"name":"wp","href":"https:\/\/api.w.org\/{rel}","templated":true}]}}