{"id":7181,"date":"2025-06-03T14:00:48","date_gmt":"2025-06-03T12:00:48","guid":{"rendered":"https:\/\/vrtecsemedela.si\/?page_id=7181"},"modified":"2025-09-10T13:46:47","modified_gmt":"2025-09-10T11:46:47","slug":"gibanje","status":"publish","type":"page","link":"https:\/\/vrtecsemedela.si\/index.php\/gibanje\/","title":{"rendered":"Gibanje v vrtcu"},"content":{"rendered":"\n<div class=\"wp-block-columns is-layout-flex wp-container-core-columns-is-layout-9d6595d7 wp-block-columns-is-layout-flex\">\n<div class=\"wp-block-column is-layout-flow wp-block-column-is-layout-flow\">\n<p>S sodelovanjem v razli\u010dnih projektih in v vsakdanjem \u017eivljenju v vrtcu otroke spodbujamo k gibanju. Dejavnosti izvajamo tako v igralnicah kot na prostem z \u017eeljo, da bi otroci dopoldneve pre\u017eiveli \u010dim bolj fizi\u010dno aktivni, saj se zavedamo pomena gibanja, ki spodbuja dobro po\u010dutje in krepi zdravje ter pomembno vpliva na razvoj mo\u017eganov. Gibanje vpliva na telesno in du\u0161evno zdravje:<\/p>\n<ul>\n<li>zagotavlja zdravje kosti in srca, krepi mi\u0161ice, pove\u010duje cirkulacijo,<\/li>\n<li>izbolj\u0161uje telesno dr\u017eo (posledice pretiranega posedanja pred ekrani \u2013 se najprej odra\u017eajo na hrbtenici in vidu), vpliva na razvoj gibalnih sposobnosti in spretnosti,<\/li>\n<li>pozitivno deluje na odpornost (gibanje na sve\u017eem zraku v vseh letnih \u010dasih!),<\/li>\n<li>prepre\u010duje nastanek debelosti (pove\u010duje porabo energije in izbolj\u0161uje presnovo),<\/li>\n<li>zmanj\u0161uje tveganja za razvoj kroni\u010dnih bolezni (SB, S\u017dB, nekaterih vrst raka, osteoporoze, zgodnje umrljivosti),<\/li>\n<li>izbolj\u0161uje razpolo\u017eenje, \u017eivljenjsko energijo, osredoto\u010denost in storilnost ter delovanje mo\u017eganov.<\/li>\n<\/ul>\n<\/div>\n<\/div>\n\n\n\n<div class=\"wp-block-group\"><div class=\"wp-block-group__inner-container is-layout-constrained wp-block-group-is-layout-constrained\">\n<div class=\"wp-block-columns is-layout-flex wp-container-core-columns-is-layout-9d6595d7 wp-block-columns-is-layout-flex\">\n<div class=\"wp-block-column is-layout-flow wp-block-column-is-layout-flow\">\n<p>V \u017eelji, da bi otrokom ponudili \u0161e ve\u010d kakovostnega gibanja, smo oblikovali program <strong><span style=\"color: #0000ff;\">GUMB<\/span><\/strong> (<strong><span style=\"color: #0000ff;\">G<\/span><\/strong>ibalne <strong><span style=\"color: #0000ff;\">U<\/span><\/strong>re in <strong><span style=\"color: #0000ff;\">M<\/span><\/strong>inute <strong><span style=\"color: #0000ff;\">B<\/span><\/strong>ogatijo), s katerim \u017eelimo otroke na igriv in pozitiven na\u010din spodbuditi k telesni dejavnosti ter \u0161iriti miselnost o pomenu gibanja \u2013 tako med otroki kot tudi med odraslimi, ki jih pri tem spremljamo.<\/p>\n<p>Vsak dan v tednu bo \u0161portna pedagoginja prisotna v eni izmed enot na\u0161ega vrtca, kjer bo s pestrostjo izbranih \u0161portnih aktivnosti v sodelovanju s strokovnimi delavkami skupine, otroke spodbujala in navdu\u0161evala nad pomenom gibanja. Z njeno strokovno podporo \u017eelimo otrokom zagotoviti dodatne raznolike, varne in kakovostne gibalne aktivnosti, ki bodo pozitivno vplivale na njihovo zdravje in kakovost bivanja v vrtcu. Na\u0161 glavni cilj je razvijati pozitiven odnos do telesne dejavnosti ter vzpodbujati veselje do gibanja \u017ee od najzgodnej\u0161ih let.<\/p>\n<\/div>\n\n\n\n<div class=\"wp-block-column is-layout-flow wp-block-column-is-layout-flow\">\n<figure class=\"wp-block-image size-full is-resized\"><img loading=\"lazy\" decoding=\"async\" width=\"1080\" height=\"1080\" src=\"https:\/\/vrtecsemedela.si\/wp-content\/uploads\/2025\/09\/GUMB-LOGO-PROSOJNO-OZADJE.png\" alt=\"\" class=\"wp-image-7612\" style=\"width:300px\" srcset=\"https:\/\/vrtecsemedela.si\/wp-content\/uploads\/2025\/09\/GUMB-LOGO-PROSOJNO-OZADJE.png 1080w, https:\/\/vrtecsemedela.si\/wp-content\/uploads\/2025\/09\/GUMB-LOGO-PROSOJNO-OZADJE-300x300.png 300w, https:\/\/vrtecsemedela.si\/wp-content\/uploads\/2025\/09\/GUMB-LOGO-PROSOJNO-OZADJE-1024x1024.png 1024w, https:\/\/vrtecsemedela.si\/wp-content\/uploads\/2025\/09\/GUMB-LOGO-PROSOJNO-OZADJE-150x150.png 150w, https:\/\/vrtecsemedela.si\/wp-content\/uploads\/2025\/09\/GUMB-LOGO-PROSOJNO-OZADJE-768x768.png 768w\" sizes=\"auto, (max-width: 1080px) 100vw, 1080px\" \/><\/figure>\n<\/div>\n<\/div>\n<\/div><\/div>\n","protected":false},"excerpt":{"rendered":"<p>S sodelovanjem v razli\u010dnih projektih in v vsakdanjem \u017eivljenju v vrtcu otroke spodbujamo k gibanju. Dejavnosti izvajamo tako v igralnicah kot na prostem z \u017eeljo, da bi otroci dopoldneve pre\u017eiveli \u010dim bolj fizi\u010dno aktivni, saj se zavedamo pomena gibanja, ki spodbuja dobro po\u010dutje in krepi zdravje ter pomembno vpliva na razvoj mo\u017eganov. Gibanje vpliva na &hellip; <\/p>\n<p class=\"link-more\"><a href=\"https:\/\/vrtecsemedela.si\/index.php\/gibanje\/\" class=\"more-link\">Continue reading<span class=\"screen-reader-text\"> &#8220;Gibanje v vrtcu&#8221;<\/span><\/a><\/p>\n","protected":false},"author":11,"featured_media":0,"parent":0,"menu_order":0,"comment_status":"closed","ping_status":"closed","template":"","meta":{"footnotes":""},"class_list":["post-7181","page","type-page","status-publish","hentry"],"_links":{"self":[{"href":"https:\/\/vrtecsemedela.si\/index.php\/wp-json\/wp\/v2\/pages\/7181","targetHints":{"allow":["GET"]}}],"collection":[{"href":"https:\/\/vrtecsemedela.si\/index.php\/wp-json\/wp\/v2\/pages"}],"about":[{"href":"https:\/\/vrtecsemedela.si\/index.php\/wp-json\/wp\/v2\/types\/page"}],"author":[{"embeddable":true,"href":"https:\/\/vrtecsemedela.si\/index.php\/wp-json\/wp\/v2\/users\/11"}],"replies":[{"embeddable":true,"href":"https:\/\/vrtecsemedela.si\/index.php\/wp-json\/wp\/v2\/comments?post=7181"}],"version-history":[{"count":31,"href":"https:\/\/vrtecsemedela.si\/index.php\/wp-json\/wp\/v2\/pages\/7181\/revisions"}],"predecessor-version":[{"id":7614,"href":"https:\/\/vrtecsemedela.si\/index.php\/wp-json\/wp\/v2\/pages\/7181\/revisions\/7614"}],"wp:attachment":[{"href":"https:\/\/vrtecsemedela.si\/index.php\/wp-json\/wp\/v2\/media?parent=7181"}],"curies":[{"name":"wp","href":"https:\/\/api.w.org\/{rel}","templated":true}]}}