{"id":691,"date":"2022-12-11T16:38:38","date_gmt":"2022-12-11T15:38:38","guid":{"rendered":"http:\/\/429.ablak.arnes.si\/?page_id=691"},"modified":"2024-09-12T10:53:59","modified_gmt":"2024-09-12T08:53:59","slug":"uvajanje-otroka-v-vrtec","status":"publish","type":"page","link":"https:\/\/vrtecsemedela.si\/index.php\/uvajanje-otroka-v-vrtec\/","title":{"rendered":"Uvajanje otroka v vrtec"},"content":{"rendered":"\n<p>Vstop in prilagajanje otroka v vrtec veljata za stresna, tako za otroka kot tudi za star\u0161e. Pred otrokom, ki prvi\u010d vstopa v vrtec, je zahtevna naloga. Za dalj\u0161i \u010das bo, morda celo prvi\u010d, lo\u010den od star\u0161ev. Vstopiti mora v novo okolje, kjer se bo sre\u010deval z neznanimi odraslimi in otroki, si z vrstniki delil igra\u010de in pozornost vzgojiteljice. To je za otroka, ki ima \u0161e malo izku\u0161enj, kar zahtevna naloga.<\/p>\n\n\n\n<div class=\"wp-block-columns is-layout-flex wp-container-core-columns-is-layout-9d6595d7 wp-block-columns-is-layout-flex\">\n<div class=\"wp-block-column is-layout-flow wp-block-column-is-layout-flow\" style=\"flex-basis:33.33%\">\n<figure class=\"wp-block-image size-full\"><img loading=\"lazy\" decoding=\"async\" width=\"600\" height=\"450\" src=\"https:\/\/vrtecsemedela.si\/wp-content\/uploads\/2022\/10\/images22.jpg\" alt=\"\" class=\"wp-image-599\" srcset=\"https:\/\/vrtecsemedela.si\/wp-content\/uploads\/2022\/10\/images22.jpg 600w, https:\/\/vrtecsemedela.si\/wp-content\/uploads\/2022\/10\/images22-300x225.jpg 300w\" sizes=\"auto, (max-width: 600px) 100vw, 600px\" \/><\/figure>\n\n\n\n<figure class=\"wp-block-image size-large\"><img decoding=\"async\" src=\"https:\/\/vrtecsemedela.si\/wp-content\/uploads\/2022\/10\/image6-1024x768.jpeg\" alt=\"\" class=\"wp-image-594\"\/><\/figure>\n\n\n\n<figure class=\"wp-block-image size-large\"><img decoding=\"async\" src=\"https:\/\/vrtecsemedela.si\/wp-content\/uploads\/2022\/10\/IMG_20221122_110214-1024x768.jpg\" alt=\"\" class=\"wp-image-593\"\/><\/figure>\n\n\n\n<figure class=\"wp-block-image size-large\"><img loading=\"lazy\" decoding=\"async\" width=\"1024\" height=\"768\" src=\"https:\/\/vrtecsemedela.si\/wp-content\/uploads\/2022\/10\/image7-1024x768.jpeg\" alt=\"\" class=\"wp-image-596\" srcset=\"https:\/\/vrtecsemedela.si\/wp-content\/uploads\/2022\/10\/image7-1024x768.jpeg 1024w, https:\/\/vrtecsemedela.si\/wp-content\/uploads\/2022\/10\/image7-300x225.jpeg 300w, https:\/\/vrtecsemedela.si\/wp-content\/uploads\/2022\/10\/image7-768x576.jpeg 768w, https:\/\/vrtecsemedela.si\/wp-content\/uploads\/2022\/10\/image7-1536x1152.jpeg 1536w, https:\/\/vrtecsemedela.si\/wp-content\/uploads\/2022\/10\/image7-2048x1536.jpeg 2048w\" sizes=\"auto, (max-width: 1024px) 100vw, 1024px\" \/><\/figure>\n\n\n\n<p><\/p>\n<\/div>\n\n\n\n<div class=\"wp-block-column is-layout-flow wp-block-column-is-layout-flow\" style=\"flex-basis:66.66%\">\n<h5 class=\"wp-block-heading\">KOLIKO \u010cASA TRAJA UVAJANJE?<\/h5>\n\n\n\n<p>Splo\u0161nega pravila koliko \u010dasa naj traja uvajanje ni. Kljub temu se strinjamo, da lahko predolgo uvajanje otroka v vrtec prej \u0161kodi kot koristi. Razvojna psihologinja dr. Ljubica Marjanovi\u010d Umek opozarja, da mora biti uvajanje prilagojeno posameznemu otroku. Primerno uvajalno obdobje pa je po njenem mnenju dolgo do enega tedna. &nbsp;&nbsp;&nbsp;&nbsp;&nbsp;&nbsp;&nbsp; <\/p>\n\n\n\n<p>Vstop otroka v vrtec bo la\u017eji ob pomo\u010di star\u0161ev, ki mu stojijo ob strani, ga spodbujajo in \u010dustveno podpirajo, ter ob sodelovanju star\u0161ev s strokovnimi delavkami v oddelku. Pred uvajanju je zelo pomembno, da so star\u0161i odlo\u010deni, da \u017eelijo vklju\u010diti otroka v vrtec. \u010ce imajo veliko dvomov \u017ee pred vklju\u010ditvijo, \u010de jih skrbi, ali je otrok dovolj star, ali je vrtec primeren, ali mu ne bi bilo bolje pri babici\u2026, bo uvajanje zagotovo veliko te\u017eje. Najprimernej\u0161i \u010das za vpis otroka v vrtec je takrat, ko se star\u0161a odlo\u010dita in tudi trdno verjameta, da je vrtec prava izbira za njunega otroka.<\/p>\n\n\n\n<h5 class=\"wp-block-heading\">PRVI DNEVI V VRTCU \u2013 Nasveti za star\u0161e<\/h5>\n\n\n\n<p>Prvi dan naj bo otrok prisoten v vrtcu le kratek \u010das. Z vsakim dnem pa naj se \u010das prisotnosti otroka v vrtcu podalj\u0161uje. Prve dni bodite z otrokom v skupini in se v \u010dasu, ko so v skupini, aktivno vklju\u010dujte v \u017eivljenje skupine. <\/p>\n\n\n\n<p>Priporo\u010dljivo je, da se igrate z otroki, po potrebi pomagate pri vsakdanjih opravilih v vrtcu, ste otroku v oporo pri raziskovanju novega okolja in navezovanju prvih stikov.&nbsp; <strong>\u010cez dan ali dva za<\/strong> <strong>kraj\u0161i \u010das zapustite igralnico<\/strong> in otroka za nekaj \u010dasa pustite samega. V dogovoru z vzgojiteljico po\u010dakajte v bli\u017eini vrtca, da lahko po otroka pridete, \u010de vas vzgojiteljica pokli\u010de. \u010cas ko je otrok sam v skupini se z vsakim dnem podalj\u0161uje. Bistvo uvajanja je, da otrok postopno sprejema novo okolje in se navezuje na druge osebe ter, da se postopno podalj\u0161uje \u010das samostojnega bivanja v vrtcu in kraj\u0161a \u010das prisotnosti star\u0161ev. Ko se odlo\u010dite, da bo otrok sam ostal v vrtcu, svoje odlo\u010ditve ne spreminjajte.<\/p>\n\n\n\n<p>V \u010dasu uvajanja prisluhnite navodilom vzgojiteljice glede \u010dasa prisotnosti v skupini. Zaupajte vzgojiteljici, ko vas spodbudi, da zapustite oddelek. Z vzgojiteljico in pomo\u010dnico vzgojiteljice posku\u0161ajte zgraditi zaupen in spo\u0161tljiv odnos.<\/p>\n\n\n\n<p>Ko odhajate iz skupine, otroku povejte, da greste in da se boste ponj vrnili. Mal\u010dki sicer ne razumejo, \u010de jim je re\u010deno, da star\u0161i pridejo nazaj, zato potrebuje izku\u0161nje, da se star\u0161a vrneta, in ve\u010d kot jih ima, bolj varno se po\u010duti. Za pridobiti tovrstno izku\u0161njo pa vsak otrok potrebuje svoj \u010das.<\/p>\n\n\n\n<p>Otrok ne sme ob\u010dutiti va\u0161ega oklevanja, va\u0161e negotovosti. Pomembno je, da se zjutraj, \u010detudi se vam ne mudi v slu\u017ebo, v vrtcu ne zaustavljate preve\u010d. Potrebno je jasno, odlo\u010dno, ne\u017eno in mirno vedenje, z mislijo, da bo zanj dobro poskrbljeno. Otroku razlo\u017eite da nima druge mo\u017enosti. Ne prosite, da naj neha jokati in ne podkupujte ga. Ostanite mirni in obvladani, saj isto vedenje pri\u010dakujete od svojega mal\u010dka.<\/p>\n\n\n\n<p>Poslovite se na kratko, ga objemite, povejte mu, da mora v vrtec in ga oddajte. Najbolje je, da ustvarite jutranji ritual, ki daje ob\u010dutek varnosti in se ga dosledno dr\u017eite. Zaupajte vzgojiteljici, da vas bo poklicala, \u010de bo potrebno.<\/p>\n\n\n\n<h5 class=\"wp-block-heading\">KAJ LAHKO NAREDITE PRED VSTOPOM, DA BO OTROKU LA\u017dJE?<\/h5>\n\n\n\n<ul class=\"wp-block-list\">\n<li>Samostojnost: navajajte ga, da vse, kar zmore, opravi sam.<\/li>\n\n\n\n<li>Hranjenje: navajajte ga na samostojno hranjenje z \u017elico in na hrano s ko\u0161\u010dki, ne pasirano.<\/li>\n\n\n\n<li>Samostojna igra: spodbujajte ga, da se zaigra sam.<\/li>\n\n\n\n<li>Dru\u017eenje: \u010de imate mo\u017enost, mu omogo\u010dite, da \u017ee pred vstopom v vrtec kak\u0161no uro pre\u017eivi v varstvu drugih oseb.<\/li>\n\n\n\n<li>Pogovor: berite mu knjige, pripovedujte mu pravljice, pogovarjajte se o vrtcu realno; povejte mu, da se bo imel v vrtcu lepo, da bo tam veliko igra\u010d, da bo spoznal veliko novih in zanimivih stvari, da bo imel tam prijatelje. Povejte mu tudi o \u010disto konkretnih stvareh, npr. komu naj pove, da mu je vro\u010de, da je \u017eejen, da gre lulat, kdo mu bo obrisal ritko, \u010digave so igra\u010de v vrtcu ali jih lahko vzame&#8230; vse to otroke pogosto skrbi.<\/li>\n\n\n\n<li>Ne zadr\u017eujte se predolgo pred vrati igralnice ali v garderobi.<\/li>\n\n\n\n<li>\u010cim ve\u010d informacij posredujte strokovnim delavkam o otrokovih navadah, bioritmu, njegovih posebnostih, osebah in predmetih, ki jih ima rad.<\/li>\n\n\n\n<li>Za\u017eeleno je, da ima otrok s sabo ljubkovalne igra\u010de (ninice, dude, stekleni\u010dke), saj imajo te izrazito izvorno komunikacijsko in relacijsko vrednost.<\/li>\n\n\n\n<li>V \u010dasu uvajanja bodite do otroka posebej obzirni; paziti je treba, da se hkrati ne dodajajo \u0161e druge spremembe in nove zahteve.<\/li>\n\n\n\n<li>Ne odidite od otroka, ne da bi ga na to opozorili.<\/li>\n\n\n\n<li>Glede prihoda po otroka se kar se da, dr\u017eite svojih obljub.<\/li>\n\n\n\n<li>Zavedajte se, da se bodo otroci najverjetneje jokali. V obdobju uvajanja je otrok lahko zelo razdra\u017eljiv, venomer se dr\u017ei star\u0161ev, veliko joka, se prebuja pono\u010di&#8230;<\/li>\n<\/ul>\n<\/div>\n<\/div>\n\n\n\n<p>Zavedati se moramo, da je lo\u010ditev od matere in \u010dustveno prilagajanje na novo okolje za otroka stresno, posledica tega pa je lahko padec odpornosti in ve\u010dja obolelost otroka. Otroci, ki do sedaj niso zbolevali, ob vstopu v vrtec pogosteje podle\u017eejo virusom in raznim oku\u017ebam. Zaprti prostori, polno razigranih otrok, \u017eal lahko hitro postanejo centri razli\u010dnih oku\u017eb. Otrok se oku\u017ebam ne more izogniti, star\u0161i pa lahko poskrbite za la\u017eje in hitrej\u0161e okrevanje. Otrokov imunski sistem se \u0161ele razvija in u\u010di bojevanja s tujki in oku\u017ebami. Morda so vam lahko v pomo\u010d naravne metode. Naravna lekarna \u017ee dolga stoletja pozna rastline in izvle\u010dke, ki dolgoro\u010dno in naravno krepijo zmo\u017enost organizma za obrambo pred boleznimi. Med najbolj znane sodijo ameri\u0161ki slamnik, bezeg, \u0161ipek, med, limone. Priporo\u010damo veliko sadja in zelenjave.<\/p>\n\n\n\n<p>Tudi po\u0161kodbam se na \u017ealost v \u010dasu bivanja otroka v vrtcu \u017eal ne moremo popolnoma izogniti. Vse strokovne delavke skrbijo za varnost otrok v vrtcu, kljub temu, pa se lahko zgodi, da se otrok v vrtcu spotakne, pade, da ga kateri od otrok ugrizne, popraska\u2026 Predvsem v obdobje, ko otroci \u0161e nimajo razvite besedne komunikacije je konfliktnih situacij ve\u010d. Otroci \u0161e nimajo razvitih ve\u0161\u010din, da bi jih lahko primerneje re\u0161ili, zato se zna zgoditi, da se poleg kak\u0161ne praske lahko pojavi tudi kak\u0161en ugriz. Prav tako so mlaj\u0161i otroci motori\u010dno manj spretni kar pove\u010da mo\u017enost padcev in po\u0161kodb. Menimo pa, da so situacije ko otrok pade oz. je v konfliktu za igra\u010do tudi prilo\u017enost za u\u010denje in otrokov razvoj, ter da so tovrstne izku\u0161nje del otrokovega zdravega razvoja.<\/p>\n\n\n\n<p>Postopnost, \u010das in pozitivne izku\u0161nje so elementi, ki delajo v prid otrokovi navezanosti in vklju\u010devanju v novo okolje. Vzgojiteljica v vrtcu ne more nadomestiti vloge mame, lahko pa s svojim odnosom in kakovostnim delom postane oseba, na katero se otrok varno nave\u017ee. Ko otrok za\u010duti varnost in vzpostavi zaupanje do vzgojiteljic, za\u010dne z veseljem prihajati v vrtec in osvajati socialne odnose ter pridobivati nove izku\u0161nje. \u00a0\u00a0\u00a0\u00a0\u00a0\u00a0\u00a0\u00a0 <\/p>\n\n\n\n<p>Zavedati se morate, da ima med uvajanjem \u010das pomembno vlogo &#8211; z vsakim dnem je prihod v vrtec la\u017eji. Do otrok moramo biti strpni, jim stati ob strani, predvsem pa morate zaupati sebi in va\u0161im otrokom.<\/p>\n","protected":false},"excerpt":{"rendered":"<p>Vstop in prilagajanje otroka v vrtec veljata za stresna, tako za otroka kot tudi za star\u0161e. Pred otrokom, ki prvi\u010d vstopa v vrtec, je zahtevna naloga. Za dalj\u0161i \u010das bo, morda celo prvi\u010d, lo\u010den od star\u0161ev. Vstopiti mora v novo okolje, kjer se bo sre\u010deval z neznanimi odraslimi in otroki, si z vrstniki delil igra\u010de &hellip; <\/p>\n<p class=\"link-more\"><a href=\"https:\/\/vrtecsemedela.si\/index.php\/uvajanje-otroka-v-vrtec\/\" class=\"more-link\">Continue reading<span class=\"screen-reader-text\"> &#8220;Uvajanje otroka v vrtec&#8221;<\/span><\/a><\/p>\n","protected":false},"author":1,"featured_media":0,"parent":0,"menu_order":0,"comment_status":"closed","ping_status":"closed","template":"","meta":{"footnotes":""},"class_list":["post-691","page","type-page","status-publish","hentry"],"_links":{"self":[{"href":"https:\/\/vrtecsemedela.si\/index.php\/wp-json\/wp\/v2\/pages\/691","targetHints":{"allow":["GET"]}}],"collection":[{"href":"https:\/\/vrtecsemedela.si\/index.php\/wp-json\/wp\/v2\/pages"}],"about":[{"href":"https:\/\/vrtecsemedela.si\/index.php\/wp-json\/wp\/v2\/types\/page"}],"author":[{"embeddable":true,"href":"https:\/\/vrtecsemedela.si\/index.php\/wp-json\/wp\/v2\/users\/1"}],"replies":[{"embeddable":true,"href":"https:\/\/vrtecsemedela.si\/index.php\/wp-json\/wp\/v2\/comments?post=691"}],"version-history":[{"count":17,"href":"https:\/\/vrtecsemedela.si\/index.php\/wp-json\/wp\/v2\/pages\/691\/revisions"}],"predecessor-version":[{"id":5940,"href":"https:\/\/vrtecsemedela.si\/index.php\/wp-json\/wp\/v2\/pages\/691\/revisions\/5940"}],"wp:attachment":[{"href":"https:\/\/vrtecsemedela.si\/index.php\/wp-json\/wp\/v2\/media?parent=691"}],"curies":[{"name":"wp","href":"https:\/\/api.w.org\/{rel}","templated":true}]}}