{"id":478,"date":"2022-12-04T22:51:33","date_gmt":"2022-12-04T21:51:33","guid":{"rendered":"http:\/\/429.ablak.arnes.si\/?page_id=478"},"modified":"2024-05-21T17:32:25","modified_gmt":"2024-05-21T15:32:25","slug":"zgodnja-obravnava","status":"publish","type":"page","link":"https:\/\/vrtecsemedela.si\/index.php\/zgodnja-obravnava\/","title":{"rendered":"Zgodnja obravnava"},"content":{"rendered":"\n<div class=\"wp-block-columns is-layout-flex wp-container-core-columns-is-layout-9d6595d7 wp-block-columns-is-layout-flex\">\n<div class=\"wp-block-column is-layout-flow wp-block-column-is-layout-flow\" style=\"flex-basis:66.66%\">\n<p>Otroci s posebnimi potrebami ali rizi\u010dnimi dejavniki so v Vrtec Semedela vklju\u010deni skladno z zakonodajo in sicer Zakonom o usmerjanju otrok s posebnimi potrebami ter od januarja 2019 dalje Zakonom o celostni zgodnji obravnavi pred\u0161olskih otrok s posebnimi potrebami, ki spreminja sistem nudenja pomo\u010di otrokom, ki imajo primanjkljaje, ovire oziroma motnje ali pa otrokom, pri katerih obstajajo rizi\u010dni dejavniki za to.<\/p>\n\n\n\n<p> Z novim zakonom naj bi otroci pomo\u010d prejeli \u010dim prej, star\u0161i pa vse potrebne informacije na enem mestu. Razvojne ambulante se bodo postopoma preoblikovale v centre za zgodnjo obravnavo, kjer otroka obravnavajo razli\u010dni strokovnjaki in zanj predlagajo najustreznej\u0161e oblike pomo\u010di.<\/p>\n<\/div>\n\n\n\n<div class=\"wp-block-column is-layout-flow wp-block-column-is-layout-flow\" style=\"flex-basis:33.33%\">\n<figure class=\"wp-block-image size-full is-resized\"><img loading=\"lazy\" decoding=\"async\" src=\"https:\/\/vrtecsemedela.si\/wp-content\/uploads\/2023\/01\/images.jpg\" alt=\"\" class=\"wp-image-1417\" width=\"263\" height=\"213\"\/><\/figure>\n<\/div>\n<\/div>\n\n\n\n<div class=\"wp-block-columns is-layout-flex wp-container-core-columns-is-layout-9d6595d7 wp-block-columns-is-layout-flex\">\n<div class=\"wp-block-column is-layout-flow wp-block-column-is-layout-flow\">\n<p>Pri otroku lahko tekom razvoja opazimo razli\u010dne izzive. Te lahko opazite star\u0161i, lahko jih opazimo v vrtcu. V kolikor jih opazimo v vrtcu, vas povabimo na pogovor in z opa\u017eenim seznanimo. Ob podanem soglasju in va\u0161em strinjanju pripravimo obvestilo za OSEBNEGA PEDIATRA va\u0161ega otroka. Osebni pediater je vstopna to\u010dka usmerjanja. Nanj se lahko obrnete tudi star\u0161i sami in nas o tem obvestite. Pediatru opi\u0161ete te\u017eave, ta pa vas usmeri v RAZVOJNO AMBULANTO (Zdravstveni dom Koper). V razvojni ambulanti so zaposleni: zdravnik specialist pediater, diplomirana medicinska sestra, srednja medicinska sestra ali administrator, fizioterapevti, delovni terapevti, logopedi, psihologi, strokovni delavci s podro\u010dja specialne in rehabilitacijske pedagogike in socialni delavci ter po potrebi drugi strokovnjaki.<\/p>\n<\/div>\n<\/div>\n\n\n\n<div class=\"wp-block-columns is-layout-flex wp-container-core-columns-is-layout-9d6595d7 wp-block-columns-is-layout-flex\">\n<div class=\"wp-block-column is-layout-flow wp-block-column-is-layout-flow\">\n<p>Pediater v RA s CZO se po pregledu otroka odlo\u010di, h kateremu strokovnemu delavcu (ali ve\u010d strokovnim delavcem) znotraj centra bo \u0161e napotil otroka s star\u0161i na podrobnej\u0161i pregled. Po opravljenih pregledih se skli\u010de timski sestanek strokovnih delavcev centra ali pa multidisciplinarni tim, na katerem poleg strokovnjakov iz RA s CZO sodeluje tudi vrtec v katerega je otrok vklju\u010den. Na tem sestanku se predstavijo ugotovitve in se predlaga na\u010din pomo\u010di otroku doma in v vrtcu ter na\u010din pomo\u010di dru\u017eini (\u010de je to potrebno). Rezultat timskega sestanka je zapisnik, ki postane uradni dokument (kot prej odlo\u010dba o usmeritvi). V njem so \u017ee lahko zapisane potrebne prilagoditve za otroka (prostor, igra\u010de, \u010dasovne prilagoditve ipd.), zapi\u0161e se ali otrok potrebuje spremljevalca v vrtcu, zapi\u0161e se program, v katerega se vklju\u010di otrok (v t.i. redne oddelke vrtca ali t.i. razvojne oddelke). Na osnovi zapisnika se otroku nudi pomo\u010d v vrtcu.<\/p>\n\n\n\n<p>Pomo\u010d otroku poteka v skladu z individualnim na\u010drtom pomo\u010di dru\u017eini ali zapisnikom multidisciplinarnega tima centra za zgodnjo obravnavo. Vrtec po prejemu podpisanega zapisnika s strani star\u0161ev sestavi strokovno skupino, ki za otroka pripravi individualiziran program. V njem povzame potrebne prilagoditve, ki jih izvajajo strokovni delavci v skupini pri vzgojno-izobra\u017eevalnem delu ter predstavi na\u010drt dodatne strokovne pomo\u010di v vrtcu, ki jo izvaja vzgojitelj za zgodnjo obravnavo (strokovnjaki razli\u010dnih profilov).<\/p>\n\n\n\n<p><strong><mark style=\"background-color:rgba(0, 0, 0, 0)\" class=\"has-inline-color has-vivid-cyan-blue-color\">IZVAJANJE POMO\u010cI V VRTCU<\/mark><\/strong><\/p>\n\n\n\n<p>Pomo\u010d otroku poteka v vrtcu, v oddelku ali izven oddelka, individualno ali v manj\u0161i skupini. Otroku se nudi pomo\u010d tako, da se mu omogo\u010da normalno vklju\u010devanje v skupne dejavnosti, hkrati pa se mu nudi pomo\u010d za uspe\u0161no re\u0161evanje izzivov. Otroci z dodatno strokovno pomo\u010djo v vrtcu la\u017eje napredujejo, velikokrat lahko svoje primanjkljaje povsem omilijo in to jim omogo\u010da bolj\u0161i za\u010detek nadaljnjega izobra\u017eevanja. Multidisciplinarni tim najkasneje 6 mesecev pred vstopom v osnovno \u0161olo v&nbsp; zapisniku predlaga program vzgoje in izobra\u017eevanja ter pomo\u010d v \u0161oli, pri \u010demer upo\u0161teva tudi mnenje vrtca. Star\u0161i vlo\u017eijo zahtevo za za\u010detek postopka usmerjanja v skladu z zakonom, ki ureja usmerjanje otrok s posebnimi potrebami. Zavod Republike Slovenije za \u0161olstvo na podlagi zapisnika multidisciplinarnega tima izda odlo\u010dbo o usmeritvi v skladu z zakonom, ki ureja usmerjanje otrok s posebnimi potrebami. Strokovno mnenje komisije za usmerjanje v tem primeru ni potrebno.<\/p>\n<\/div>\n<\/div>\n\n\n\n<div class=\"wp-block-columns is-layout-flex wp-container-core-columns-is-layout-9d6595d7 wp-block-columns-is-layout-flex\">\n<div class=\"wp-block-column is-layout-flow wp-block-column-is-layout-flow\"><\/div>\n<\/div>\n","protected":false},"excerpt":{"rendered":"<p>Otroci s posebnimi potrebami ali rizi\u010dnimi dejavniki so v Vrtec Semedela vklju\u010deni skladno z zakonodajo in sicer Zakonom o usmerjanju otrok s posebnimi potrebami ter od januarja 2019 dalje Zakonom o celostni zgodnji obravnavi pred\u0161olskih otrok s posebnimi potrebami, ki spreminja sistem nudenja pomo\u010di otrokom, ki imajo primanjkljaje, ovire oziroma motnje ali pa otrokom, pri &hellip; <\/p>\n<p class=\"link-more\"><a href=\"https:\/\/vrtecsemedela.si\/index.php\/zgodnja-obravnava\/\" class=\"more-link\">Continue reading<span class=\"screen-reader-text\"> &#8220;Zgodnja obravnava&#8221;<\/span><\/a><\/p>\n","protected":false},"author":1,"featured_media":0,"parent":0,"menu_order":0,"comment_status":"closed","ping_status":"closed","template":"","meta":{"footnotes":""},"class_list":["post-478","page","type-page","status-publish","hentry"],"_links":{"self":[{"href":"https:\/\/vrtecsemedela.si\/index.php\/wp-json\/wp\/v2\/pages\/478","targetHints":{"allow":["GET"]}}],"collection":[{"href":"https:\/\/vrtecsemedela.si\/index.php\/wp-json\/wp\/v2\/pages"}],"about":[{"href":"https:\/\/vrtecsemedela.si\/index.php\/wp-json\/wp\/v2\/types\/page"}],"author":[{"embeddable":true,"href":"https:\/\/vrtecsemedela.si\/index.php\/wp-json\/wp\/v2\/users\/1"}],"replies":[{"embeddable":true,"href":"https:\/\/vrtecsemedela.si\/index.php\/wp-json\/wp\/v2\/comments?post=478"}],"version-history":[{"count":14,"href":"https:\/\/vrtecsemedela.si\/index.php\/wp-json\/wp\/v2\/pages\/478\/revisions"}],"predecessor-version":[{"id":5634,"href":"https:\/\/vrtecsemedela.si\/index.php\/wp-json\/wp\/v2\/pages\/478\/revisions\/5634"}],"wp:attachment":[{"href":"https:\/\/vrtecsemedela.si\/index.php\/wp-json\/wp\/v2\/media?parent=478"}],"curies":[{"name":"wp","href":"https:\/\/api.w.org\/{rel}","templated":true}]}}