{"id":476,"date":"2022-12-04T22:51:11","date_gmt":"2022-12-04T21:51:11","guid":{"rendered":"http:\/\/429.ablak.arnes.si\/?page_id=476"},"modified":"2025-09-01T06:27:06","modified_gmt":"2025-09-01T04:27:06","slug":"svetovalna","status":"publish","type":"page","link":"https:\/\/vrtecsemedela.si\/index.php\/svetovalna\/","title":{"rendered":"Svetovalna slu\u017eba"},"content":{"rendered":"\n<div class=\"wp-block-columns is-layout-flex wp-container-core-columns-is-layout-9d6595d7 wp-block-columns-is-layout-flex\">\n<div class=\"wp-block-column is-layout-flow wp-block-column-is-layout-flow\" style=\"flex-basis:66.66%\">\n<div class=\"wp-block-group\"><div class=\"wp-block-group__inner-container is-layout-constrained wp-block-group-is-layout-constrained\">\n<div class=\"wp-block-group\"><div class=\"wp-block-group__inner-container is-layout-constrained wp-block-group-is-layout-constrained\">\n<figure class=\"wp-block-table is-style-regular\"><table class=\"has-white-color has-vivid-cyan-blue-background-color has-text-color has-background\"><tbody><tr><td>Naziv<\/td><td><i class=\"fas fa-envelope\"><\/i><\/td><td><i class=\"fas fa-phone-volume\"><\/i><\/td><\/tr><\/tbody><\/table><\/figure>\n<\/div><\/div>\n\n\n\n<figure class=\"wp-block-table is-style-stripes\"><table><tbody><tr><td>Sabina Pri\u0161li\u0107 <br>svetovalna delavka<\/td><td>svetovalna.sluzba@vrtecsemedela.si<\/td><td>041 502 782<\/td><\/tr><\/tbody><\/table><\/figure>\n\n\n\n<figure class=\"wp-block-table is-style-stripes\"><table><tbody><tr><td>Jana Olivieri <br>vzgojiteljica za zgodnjo obravnavo<\/td><td>jana.olivieri@vrtecsemedela.si<\/td><td>051 247 141<\/td><\/tr><\/tbody><\/table><\/figure>\n\n\n\n<figure class=\"wp-block-table is-style-stripes\"><table><tbody><tr><td>Nika Begovi\u0107 <br>vzgojiteljica za zgodnjo obravnavo<\/td><td>nika.begovic@vrtecsemedela.si<\/td><td>051 247 135 <\/td><\/tr><\/tbody><\/table><\/figure>\n<\/div><\/div>\n\n\n\n<p>Svetovalna slu\u017eba nudi star\u0161em, otrokom in strokovnemu osebju vrtca pomo\u010d pri vzgoji in izobra\u017eevanju otrok ter skupaj s star\u0161i, strokovnimi delavci in vodstvom sodeluje pri zagotavljanju, vzpostavljanju in vzdr\u017eevanju pogojev za optimalni razvoj vsakega otroka v vrtcu.<\/p>\n\n\n\n<p>Delo svetovalne slu\u017ebe zajema:<\/p>\n\n\n\n<ul class=\"wp-block-list\">\n<li>vklju\u010devanje in navajanje otroka na \u017eivljenje v vrtcu,<\/li>\n\n\n\n<li>vzgojo otroka in skrb za otrokov optimalni razvoj,<\/li>\n\n\n\n<li>posvetovanje ob kriti\u010dnih situacijah v dru\u017eini (razveza, smrt, odvisnost, selitev, rojstvo sorojenca ipd.),<\/li>\n\n\n\n<li>odpravljanje otrokovih razvojnih, \u010dustvenih in vedenjskih te\u017eav ter stisk (te\u017eave pri hranjenju, spanju, mo\u010denju, blatenju, nemirnosti, agresivnem vedenju itd.),<\/li>\n\n\n\n<li>prehod in priprava otroka na vstop v \u0161olo,<\/li>\n\n\n\n<li>pomo\u010d in usmerjanje otrok s te\u017eavami in motnjami v razvoju,<\/li>\n\n\n\n<li>spodbujanje nadarjenega otroka \u2026<\/li>\n<\/ul>\n\n\n\n<p><\/p>\n\n\n\n<p>Svetovalna slu\u017eba je namenjena vsem otrokom, ki so vklju\u010deni v vrtec. Pomo\u010d in sodelovanje nudi z namenom, da bi bili vsi posamezni udele\u017eenci v vrtcu: otroci, vzgojitelji in drugi strokovni delavci, vodstvo vzgojno-izobra\u017eevalne ustanove in star\u0161i ter vzgojno-izobra\u017eevalna ustanova kot celota, \u010dim bolj uspe\u0161ni pri uresni\u010devanju temeljnega in v tem okviru vseh drugih sistematsko zastavljenih splo\u0161nih in posebnih vzgojno-izobra\u017eevalnih ciljev.<\/p>\n<\/div>\n\n\n\n<div class=\"wp-block-column is-layout-flow wp-block-column-is-layout-flow\" style=\"flex-basis:33.33%\">\n<figure class=\"wp-block-image size-large is-resized\"><img loading=\"lazy\" decoding=\"async\" width=\"724\" height=\"1024\" src=\"https:\/\/vrtecsemedela.si\/wp-content\/uploads\/2023\/01\/Otroci-v-krogu-1-724x1024.png\" alt=\"\" class=\"wp-image-2303\" style=\"width:368px;height:520px\" srcset=\"https:\/\/vrtecsemedela.si\/wp-content\/uploads\/2023\/01\/Otroci-v-krogu-1-724x1024.png 724w, https:\/\/vrtecsemedela.si\/wp-content\/uploads\/2023\/01\/Otroci-v-krogu-1-212x300.png 212w, https:\/\/vrtecsemedela.si\/wp-content\/uploads\/2023\/01\/Otroci-v-krogu-1-768x1086.png 768w, https:\/\/vrtecsemedela.si\/wp-content\/uploads\/2023\/01\/Otroci-v-krogu-1-1086x1536.png 1086w, https:\/\/vrtecsemedela.si\/wp-content\/uploads\/2023\/01\/Otroci-v-krogu-1-1448x2048.png 1448w\" sizes=\"auto, (max-width: 724px) 100vw, 724px\" \/><\/figure>\n\n\n\n<p><\/p>\n<\/div>\n<\/div>\n\n\n\n<p><\/p>\n","protected":false},"excerpt":{"rendered":"<p>Naziv Sabina Pri\u0161li\u0107 svetovalna delavka svetovalna.sluzba@vrtecsemedela.si 041 502 782 Jana Olivieri vzgojiteljica za zgodnjo obravnavo jana.olivieri@vrtecsemedela.si 051 247 141 Nika Begovi\u0107 vzgojiteljica za zgodnjo obravnavo nika.begovic@vrtecsemedela.si 051 247 135 Svetovalna slu\u017eba nudi star\u0161em, otrokom in strokovnemu osebju vrtca pomo\u010d pri vzgoji in izobra\u017eevanju otrok ter skupaj s star\u0161i, strokovnimi delavci in vodstvom sodeluje pri zagotavljanju, &hellip; <\/p>\n<p class=\"link-more\"><a href=\"https:\/\/vrtecsemedela.si\/index.php\/svetovalna\/\" class=\"more-link\">Continue reading<span class=\"screen-reader-text\"> &#8220;Svetovalna slu\u017eba&#8221;<\/span><\/a><\/p>\n","protected":false},"author":1,"featured_media":0,"parent":0,"menu_order":0,"comment_status":"closed","ping_status":"closed","template":"","meta":{"footnotes":""},"class_list":["post-476","page","type-page","status-publish","hentry"],"_links":{"self":[{"href":"https:\/\/vrtecsemedela.si\/index.php\/wp-json\/wp\/v2\/pages\/476","targetHints":{"allow":["GET"]}}],"collection":[{"href":"https:\/\/vrtecsemedela.si\/index.php\/wp-json\/wp\/v2\/pages"}],"about":[{"href":"https:\/\/vrtecsemedela.si\/index.php\/wp-json\/wp\/v2\/types\/page"}],"author":[{"embeddable":true,"href":"https:\/\/vrtecsemedela.si\/index.php\/wp-json\/wp\/v2\/users\/1"}],"replies":[{"embeddable":true,"href":"https:\/\/vrtecsemedela.si\/index.php\/wp-json\/wp\/v2\/comments?post=476"}],"version-history":[{"count":53,"href":"https:\/\/vrtecsemedela.si\/index.php\/wp-json\/wp\/v2\/pages\/476\/revisions"}],"predecessor-version":[{"id":7559,"href":"https:\/\/vrtecsemedela.si\/index.php\/wp-json\/wp\/v2\/pages\/476\/revisions\/7559"}],"wp:attachment":[{"href":"https:\/\/vrtecsemedela.si\/index.php\/wp-json\/wp\/v2\/media?parent=476"}],"curies":[{"name":"wp","href":"https:\/\/api.w.org\/{rel}","templated":true}]}}