{"id":474,"date":"2022-12-04T22:50:08","date_gmt":"2022-12-04T21:50:08","guid":{"rendered":"http:\/\/429.ablak.arnes.si\/?page_id=474"},"modified":"2024-05-21T17:36:11","modified_gmt":"2024-05-21T15:36:11","slug":"projekti","status":"publish","type":"page","link":"https:\/\/vrtecsemedela.si\/index.php\/projekti\/","title":{"rendered":"Projekti"},"content":{"rendered":"<p>Pri odlo\u010ditvi z<span style=\"color: #000000;\">a sodelovanje v pr<\/span>ojektih dajemo prednost trajnostnim vsebinam in projektom, ki spodbujajo celostni razvoj otroka, zdrav \u017eivljenjski slog, aktivno \u017eivljenje, skrb za okolje, kakovostne medsebojne odnose, prijateljstvo, strpnost, medkulturnost, sprejemanje razli\u010dnosti in druga\u010dnosti, humanitarnost, rahljanje stereotipov in podobne vrednote.<\/p>\n<p>Izhajamo iz varnega in spodbudnega u\u010dnega okolja, kjer so v ospredju kakovostni odnosi in dobro po\u010dutje otrok ter aktivno u\u010denje in raziskovanje.<\/p>\n<p>Nekaj projektov, ki jih, pod okriljem razli\u010dnih nosilcev, izvajamo na ob\u010dinski, dr\u017eavni ali mednarodni ravni: Spodbujamo prijateljstvo, Dan za strpnost in prijateljstvo \u2013 lepa beseda lepo mesto najde, Evropski teden mobilnosti in Beli zaj\u010dek, Koper \u2013 zdravo mesto, Tradicionalni slovenski zajtrk, Teden umetnosti, Varno s soncem, Zeleni nahrbtnik in zmaj\u010dek Jur\u010dek, Z igro do prvih turisti\u010dnih korakov, Mali son\u010dek, Pun\u010dka iz cunj, Pomahajmo v svet in drugo.<\/p>\n<p>Z obiski, gledali\u0161\u010da, muzeja ter drugih kulturnih ustanov in dogodkov, podpiramo na\u010drten razvoj kulturno-umetnostne vzgoje.<\/p>\n<p><\/p>\n\n\n<figure class=\"wp-block-gallery has-nested-images columns-default is-cropped wp-block-gallery-1 is-layout-flex wp-block-gallery-is-layout-flex\">\n<figure class=\"wp-block-image size-medium is-style-rounded\"><img loading=\"lazy\" decoding=\"async\" width=\"300\" height=\"225\" data-id=\"599\" src=\"https:\/\/vrtecsemedela.si\/wp-content\/uploads\/2022\/10\/images22-300x225.jpg\" alt=\"\" class=\"wp-image-599\" srcset=\"https:\/\/vrtecsemedela.si\/wp-content\/uploads\/2022\/10\/images22-300x225.jpg 300w, https:\/\/vrtecsemedela.si\/wp-content\/uploads\/2022\/10\/images22.jpg 600w\" sizes=\"auto, (max-width: 300px) 100vw, 300px\" \/><\/figure>\n\n\n\n<figure class=\"wp-block-image size-medium is-style-rounded\"><img decoding=\"async\" data-id=\"594\" src=\"https:\/\/vrtecsemedela.si\/wp-content\/uploads\/2022\/10\/image6-300x225.jpeg\" alt=\"\" class=\"wp-image-594\"\/><\/figure>\n<\/figure>\n","protected":false},"excerpt":{"rendered":"<p>Pri odlo\u010ditvi za sodelovanje v projektih dajemo prednost trajnostnim vsebinam in projektom, ki spodbujajo celostni razvoj otroka, zdrav \u017eivljenjski slog, aktivno \u017eivljenje, skrb za okolje, kakovostne medsebojne odnose, prijateljstvo, strpnost, medkulturnost, sprejemanje razli\u010dnosti in druga\u010dnosti, humanitarnost, rahljanje stereotipov in podobne vrednote. Izhajamo iz varnega in spodbudnega u\u010dnega okolja, kjer so v ospredju kakovostni odnosi in &hellip; <\/p>\n<p class=\"link-more\"><a href=\"https:\/\/vrtecsemedela.si\/index.php\/projekti\/\" class=\"more-link\">Continue reading<span class=\"screen-reader-text\"> &#8220;Projekti&#8221;<\/span><\/a><\/p>\n","protected":false},"author":1,"featured_media":0,"parent":0,"menu_order":0,"comment_status":"closed","ping_status":"closed","template":"","meta":{"footnotes":""},"class_list":["post-474","page","type-page","status-publish","hentry"],"_links":{"self":[{"href":"https:\/\/vrtecsemedela.si\/index.php\/wp-json\/wp\/v2\/pages\/474","targetHints":{"allow":["GET"]}}],"collection":[{"href":"https:\/\/vrtecsemedela.si\/index.php\/wp-json\/wp\/v2\/pages"}],"about":[{"href":"https:\/\/vrtecsemedela.si\/index.php\/wp-json\/wp\/v2\/types\/page"}],"author":[{"embeddable":true,"href":"https:\/\/vrtecsemedela.si\/index.php\/wp-json\/wp\/v2\/users\/1"}],"replies":[{"embeddable":true,"href":"https:\/\/vrtecsemedela.si\/index.php\/wp-json\/wp\/v2\/comments?post=474"}],"version-history":[{"count":12,"href":"https:\/\/vrtecsemedela.si\/index.php\/wp-json\/wp\/v2\/pages\/474\/revisions"}],"predecessor-version":[{"id":5636,"href":"https:\/\/vrtecsemedela.si\/index.php\/wp-json\/wp\/v2\/pages\/474\/revisions\/5636"}],"wp:attachment":[{"href":"https:\/\/vrtecsemedela.si\/index.php\/wp-json\/wp\/v2\/media?parent=474"}],"curies":[{"name":"wp","href":"https:\/\/api.w.org\/{rel}","templated":true}]}}