{"id":472,"date":"2022-12-04T22:49:51","date_gmt":"2022-12-04T21:49:51","guid":{"rendered":"http:\/\/429.ablak.arnes.si\/?page_id=472"},"modified":"2026-01-30T14:14:16","modified_gmt":"2026-01-30T13:14:16","slug":"program-vrtca","status":"publish","type":"page","link":"https:\/\/vrtecsemedela.si\/index.php\/program-vrtca\/","title":{"rendered":"Program vrtca"},"content":{"rendered":"\n<div class=\"wp-block-columns is-layout-flex wp-container-core-columns-is-layout-9d6595d7 wp-block-columns-is-layout-flex\">\n<div class=\"wp-block-column is-layout-flow wp-block-column-is-layout-flow\" style=\"flex-basis:66.66%\">\n<h4 class=\"wp-block-heading\">Vzgojni programi<\/h4>\n\n\n\n<p>Vzgojni programi so namenjeni otrokom od 1 leta do vstopa v \u0161olo in star\u0161i lahko izbirate med naslednjimi programi:<\/p>\n\n\n\n<p><strong>Dnevni program <\/strong>-Traja od 6 do 9 ur in obsega vzgojo, izobra\u017eevanje, varstvo in prehrano s tremi obroki (zajtrkom, kosilom in popoldansko malico). Otrok ne sme biti v vrtcu ve\u010d kot 9 ur dnevno.<\/p>\n\n\n\n<p><strong>Poldnevni program <\/strong>&#8211; Traja od 4 do 6 ur in obsega vzgojo, izobra\u017eevanje, varstvo in prehrano z enim ali dvema obrokoma. Otrok je lahko v vrtcu v \u010dasu od 7. 30 do 13. 30 ure. Otrok ne sme biti v vrtcu ve\u010d kot 6 ur dnevno.<\/p>\n\n\n\n<p>Pisna sprememba dnevnega in poldnevnega vzgojnega programa velja s prvim dnem v naslednjem mesecu.<\/p>\n\n\n\n<p><strong>Program za pred\u0161olske otroke s prilagojenim izvajanjem in dodatno strokovno pomo\u010djo <\/strong>&#8211; Izvaja se v vseh rednih oddelkih Vrtca Semedela. Pomo\u010d otrokom poteka, ko so za to zagotovljeni osnovni pogoji (kader, izvajalke DSP, prostor, \u0161tevilo otrok, sodelovanje star\u0161ev in drugo) v skladu z individualnim na\u010drtom pomo\u010di dru\u017eini ali zapisnikom multidisciplinarnega tima Centra za zgodnjo obravnavo.<\/p>\n<\/div>\n\n\n\n<div class=\"wp-block-column is-layout-flow wp-block-column-is-layout-flow\" style=\"flex-basis:33.33%\">\n<figure class=\"wp-block-image size-large is-resized\"><img loading=\"lazy\" decoding=\"async\" width=\"1024\" height=\"715\" src=\"https:\/\/vrtecsemedela.si\/wp-content\/uploads\/2023\/01\/Slika-6-Masa-1024x715.jpg\" alt=\"\" class=\"wp-image-1751\" style=\"width:358px;height:250px\" srcset=\"https:\/\/vrtecsemedela.si\/wp-content\/uploads\/2023\/01\/Slika-6-Masa-1024x715.jpg 1024w, https:\/\/vrtecsemedela.si\/wp-content\/uploads\/2023\/01\/Slika-6-Masa-300x209.jpg 300w, https:\/\/vrtecsemedela.si\/wp-content\/uploads\/2023\/01\/Slika-6-Masa-768x536.jpg 768w, https:\/\/vrtecsemedela.si\/wp-content\/uploads\/2023\/01\/Slika-6-Masa-1536x1072.jpg 1536w, https:\/\/vrtecsemedela.si\/wp-content\/uploads\/2023\/01\/Slika-6-Masa-2048x1430.jpg 2048w\" sizes=\"auto, (max-width: 1024px) 100vw, 1024px\" \/><\/figure>\n<\/div>\n<\/div>\n\n\n\n<h4 class=\"wp-block-heading\">Dnevni potek dejavnosti<\/h4>\n\n\n\n<figure class=\"wp-block-table is-style-regular\"><table class=\"has-background has-fixed-layout\" style=\"background:linear-gradient(150deg,rgb(255,245,203) 0%,rgb(182,227,212) 50%,rgb(51,167,181) 100%)\"><thead><tr><th class=\"has-text-align-center\" data-align=\"center\"><\/th><th><\/th><\/tr><\/thead><tbody><tr><td class=\"has-text-align-center\" data-align=\"center\">od 6.00          <\/td><td>Sprejem otrok &#8211; igra in igralne dejavnosti po \u017eelji<\/td><\/tr><tr><td class=\"has-text-align-center\" data-align=\"center\">8.15<\/td><td><mark style=\"background-color:rgba(0, 0, 0, 0)\" class=\"has-inline-color has-black-color\">Zajtrk in osebna higiena<\/mark><\/td><\/tr><tr><td class=\"has-text-align-center\" data-align=\"center\">9.00<\/td><td>Usmerjene dejavnosti podro\u010dij Kurikula z obogatitvenimi dejavnostmi &#8211; projekti, aktivnosti na prostem, sprehodi &#8230;<\/td><\/tr><tr><td class=\"has-text-align-center\" data-align=\"center\">12.00<\/td><td>Priprava na kosilo in kosilo (otroci od 1 do 2 let)<\/td><\/tr><tr><td class=\"has-text-align-center\" data-align=\"center\">12.45<\/td><td>Po\u010ditek ali umirjene aktivnosti (otroci od 1 do 2 let)<\/td><\/tr><tr><td class=\"has-text-align-center\" data-align=\"center\">12.30<\/td><td>Priprava na kosilo in kosilo <\/td><\/tr><tr><td class=\"has-text-align-center\" data-align=\"center\">13.15<\/td><td>Umirjene aktivnosti, skupinske igre ali po\u010ditek<\/td><\/tr><tr><td class=\"has-text-align-center\" data-align=\"center\">od 14.30<\/td><td>Popoldanska malica<\/td><\/tr><tr><td class=\"has-text-align-center\" data-align=\"center\">14.45<\/td><td>Na\u010drtovane zaposlitve in igre z razli\u010dnih podro\u010dij dejavnosti po interesu otrok ter bivanje na prostem<\/td><\/tr><tr><td class=\"has-text-align-center\" data-align=\"center\">do 16.30<\/td><td>Odhod otrok domov<\/td><\/tr><\/tbody><\/table><\/figure>\n\n\n\n<h4 class=\"wp-block-heading\">Dodatne dejavnosti<\/h4>\n\n\n\n<p>Dodatne dejavnosti niso del izvedbenega kurikula vrtca. Zaradi zagotavljanja varnosti otrok in odgovornosti izvajalcev se izvajajo po 17. uri, izven poslovalnega \u010dasa vrtca.<\/p>\n\n\n\n<p>Z njihovim izvajanjem bogatimo programe za podro\u010dja vzgojno &#8211; izobra\u017eevalne dejavnosti. Le-te izbirajo star\u0161i za otroke od 4. leta dalje, po interesih in \u017eeljah otrok.<\/p>\n\n\n\n<p>Izvajanje dodatnih dejavnosti je vezano na \u0161tevilo udele\u017eencev, denarna sredstva, \u010dasovne, prostorske pogoje in strokovni kader.<\/p>\n\n\n\n<figure class=\"wp-block-table\"><table class=\"has-background has-fixed-layout\" style=\"background:linear-gradient(135deg,rgb(255,245,203) 5%,rgb(182,227,212) 74%,rgb(51,167,181) 97%)\"><tbody><tr><td><strong>Enote<\/strong><\/td><td><strong>Dejavnost<\/strong><\/td><\/tr><tr><td>Hrvatini<\/td><td>PRAVLJI\u010cNE URICE<\/td><\/tr><tr><td>Markovec <\/td><td>\u0160PORTNE URICE<br>NARAVOSLOVNE URICE &#8211; eksperimenti<\/td><\/tr><tr><td>Prisoje <\/td><td>MALI RAZISKOVALCI<\/td><\/tr><tr><td>Rozmanova <\/td><td>POHODNI\u0160TVO<br>NARAVOSLOVNE URICE<\/td><\/tr><tr><td>Slavnik <\/td><td>OD TELOVADBE DO POHODA<br>PLESNE DEJAVNOSTI<\/td><\/tr><\/tbody><\/table><figcaption class=\"wp-element-caption\">Dejavnosti v \u0161olskem letu 2025\/2026<\/figcaption><\/figure>\n\n\n\n<p>Otroci se lahko vklju\u010dujejo v dejavnosti v katero koli enoto na podlagi razpolo\u017eljivih mest v posameznem \u0161olskem letu. <\/p>\n","protected":false},"excerpt":{"rendered":"<p>Vzgojni programi Vzgojni programi so namenjeni otrokom od 1 leta do vstopa v \u0161olo in star\u0161i lahko izbirate med naslednjimi programi: Dnevni program -Traja od 6 do 9 ur in obsega vzgojo, izobra\u017eevanje, varstvo in prehrano s tremi obroki (zajtrkom, kosilom in popoldansko malico). Otrok ne sme biti v vrtcu ve\u010d kot 9 ur dnevno. &hellip; <\/p>\n<p class=\"link-more\"><a href=\"https:\/\/vrtecsemedela.si\/index.php\/program-vrtca\/\" class=\"more-link\">Continue reading<span class=\"screen-reader-text\"> &#8220;Program vrtca&#8221;<\/span><\/a><\/p>\n","protected":false},"author":1,"featured_media":794,"parent":0,"menu_order":0,"comment_status":"closed","ping_status":"closed","template":"","meta":{"footnotes":""},"class_list":["post-472","page","type-page","status-publish","has-post-thumbnail","hentry"],"_links":{"self":[{"href":"https:\/\/vrtecsemedela.si\/index.php\/wp-json\/wp\/v2\/pages\/472","targetHints":{"allow":["GET"]}}],"collection":[{"href":"https:\/\/vrtecsemedela.si\/index.php\/wp-json\/wp\/v2\/pages"}],"about":[{"href":"https:\/\/vrtecsemedela.si\/index.php\/wp-json\/wp\/v2\/types\/page"}],"author":[{"embeddable":true,"href":"https:\/\/vrtecsemedela.si\/index.php\/wp-json\/wp\/v2\/users\/1"}],"replies":[{"embeddable":true,"href":"https:\/\/vrtecsemedela.si\/index.php\/wp-json\/wp\/v2\/comments?post=472"}],"version-history":[{"count":28,"href":"https:\/\/vrtecsemedela.si\/index.php\/wp-json\/wp\/v2\/pages\/472\/revisions"}],"predecessor-version":[{"id":8719,"href":"https:\/\/vrtecsemedela.si\/index.php\/wp-json\/wp\/v2\/pages\/472\/revisions\/8719"}],"wp:featuredmedia":[{"embeddable":true,"href":"https:\/\/vrtecsemedela.si\/index.php\/wp-json\/wp\/v2\/media\/794"}],"wp:attachment":[{"href":"https:\/\/vrtecsemedela.si\/index.php\/wp-json\/wp\/v2\/media?parent=472"}],"curies":[{"name":"wp","href":"https:\/\/api.w.org\/{rel}","templated":true}]}}