{"id":470,"date":"2022-12-04T22:49:35","date_gmt":"2022-12-04T21:49:35","guid":{"rendered":"http:\/\/429.ablak.arnes.si\/?page_id=470"},"modified":"2025-04-03T13:59:55","modified_gmt":"2025-04-03T11:59:55","slug":"pravilniki","status":"publish","type":"page","link":"https:\/\/vrtecsemedela.si\/index.php\/pravilniki\/","title":{"rendered":"Pravilniki"},"content":{"rendered":"\n<div class=\"wp-block-file\"><a id=\"wp-block-file--media-abe5977a-016c-4399-955c-5b380fbd9b10\" href=\"https:\/\/vrtecsemedela.si\/wp-content\/uploads\/2023\/01\/Odlok-o-ustanovitvi-javnega-vrtca-Vrtca-Semedela.pdf\" target=\"_blank\" rel=\"noreferrer noopener\">Odlok o ustanovitvi javnega vrtca Vrtca Semedela<\/a><\/div>\n\n\n\n<div class=\"wp-block-file\"><a id=\"wp-block-file--media-e29c5b74-c25e-4cc9-ad12-e90ebf73819e\" href=\"https:\/\/vrtecsemedela.si\/wp-content\/uploads\/2023\/01\/17.-marec-2016-Odlok-o-spremembah-Odloka-o-ustanovitvi-Vrtca-Semedela.pdf\" target=\"_blank\" rel=\"noreferrer noopener\">Odlok o spremembah Odloka o ustanovitvi Vrtca Semedela<\/a><\/div>\n\n\n\n<div class=\"wp-block-file\"><a id=\"wp-block-file--media-46ce1769-a913-46b1-8a0e-d13a99d335a0\" href=\"https:\/\/vrtecsemedela.si\/wp-content\/uploads\/2025\/04\/06-Sklep-dolocitev-cen-programov-predsolske-vzgoje-v-javnih-vrtcih-MOK-2025-sprejet.pdf\" target=\"_blank\" rel=\"noreferrer noopener\">Sklep o dolo\u010ditvi cen programov pred\u0161olske vzgoje v javnih vrtcih Mestne ob\u010dine Koper 2025<\/a><\/div>\n\n\n\n<div class=\"wp-block-file\"><a id=\"wp-block-file--media-6a5a4730-fdb0-40f9-a52d-52e5139d33cf\" href=\"https:\/\/vrtecsemedela.si\/wp-content\/uploads\/2023\/01\/sklep-zupana-jan-2020_dodatne_ugodnosti_pri_placilu_cen_programov_predsolske_vzgoje.pdf\" target=\"_blank\" rel=\"noreferrer noopener\">Sklep \u017eupana o dolo\u010ditvi pogojev in postopka za uveljavljanje dodatne ugodnosti pri pla\u010dilu cen programov pred\u0161olske vzgoje 2020<\/a><\/div>\n\n\n\n<div class=\"wp-block-file\"><a id=\"wp-block-file--media-0b0d6acc-9b28-4120-ac6d-cb69e81676c6\" href=\"https:\/\/vrtecsemedela.si\/wp-content\/uploads\/2023\/01\/Pravilnik-o-sprejemu-otrok-v-vrtec-neuradno-precisceno-besedilo-_zajema-UR-L-st-110-2010-13_2013-in-8_2018_.pdf\" target=\"_blank\" rel=\"noreferrer noopener\">Pravilnik o sprejemu otrok v vrtec neuradno precisceno besedilo (UL \u0161t. 110\/2010, 13\/2013 in 8\/2018)<\/a><\/div>\n\n\n<p><a href=\"https:\/\/vrtecsemedela.si\/wp-content\/uploads\/2024\/08\/Sklep_o_dolocitvi_pravil_obrac_str_zivil_vrtci-MOK.pdf\" target=\"_blank\" rel=\"noopener\">Sklep o dolo\u010ditvi pravil za obra\u010dunavanje stro\u0161ka \u017eivil v \u010dasu otrokove odsotnosti v javnih vrtcih Mestne ob\u010dine Koper, \u0161t. 602-12\/2024<\/a><\/p>","protected":false},"excerpt":{"rendered":"<p>Sklep o dolo\u010ditvi pravil za obra\u010dunavanje stro\u0161ka \u017eivil v \u010dasu otrokove odsotnosti v javnih vrtcih Mestne ob\u010dine Koper, \u0161t. 602-12\/2024<\/p>\n","protected":false},"author":1,"featured_media":0,"parent":0,"menu_order":0,"comment_status":"closed","ping_status":"closed","template":"","meta":{"footnotes":""},"class_list":["post-470","page","type-page","status-publish","hentry"],"_links":{"self":[{"href":"https:\/\/vrtecsemedela.si\/index.php\/wp-json\/wp\/v2\/pages\/470","targetHints":{"allow":["GET"]}}],"collection":[{"href":"https:\/\/vrtecsemedela.si\/index.php\/wp-json\/wp\/v2\/pages"}],"about":[{"href":"https:\/\/vrtecsemedela.si\/index.php\/wp-json\/wp\/v2\/types\/page"}],"author":[{"embeddable":true,"href":"https:\/\/vrtecsemedela.si\/index.php\/wp-json\/wp\/v2\/users\/1"}],"replies":[{"embeddable":true,"href":"https:\/\/vrtecsemedela.si\/index.php\/wp-json\/wp\/v2\/comments?post=470"}],"version-history":[{"count":14,"href":"https:\/\/vrtecsemedela.si\/index.php\/wp-json\/wp\/v2\/pages\/470\/revisions"}],"predecessor-version":[{"id":6897,"href":"https:\/\/vrtecsemedela.si\/index.php\/wp-json\/wp\/v2\/pages\/470\/revisions\/6897"}],"wp:attachment":[{"href":"https:\/\/vrtecsemedela.si\/index.php\/wp-json\/wp\/v2\/media?parent=470"}],"curies":[{"name":"wp","href":"https:\/\/api.w.org\/{rel}","templated":true}]}}