{"id":466,"date":"2022-12-04T22:48:57","date_gmt":"2022-12-04T21:48:57","guid":{"rendered":"http:\/\/429.ablak.arnes.si\/?page_id=466"},"modified":"2025-09-19T11:55:47","modified_gmt":"2025-09-19T09:55:47","slug":"obrazci","status":"publish","type":"page","link":"https:\/\/vrtecsemedela.si\/index.php\/obrazci\/","title":{"rendered":"Obrazci"},"content":{"rendered":"\n<div class=\"wp-block-file\"><a id=\"wp-block-file--media-1885bcd5-2c54-4aa9-b729-46e8ed6193d8\" href=\"https:\/\/vrtecsemedela.si\/wp-content\/uploads\/2024\/05\/Obrazec-za-enkratno-neprekinjeno-enomesecno-odsotnost.pdf\" target=\"_blank\" rel=\"noreferrer noopener\">Obrazec ENKRATNA NEPREKINJENA ENOMESE\u010cNA ODSOTNOST OTROKA <\/a><\/div>\n\n\n\n<div class=\"wp-block-file\"><a id=\"wp-block-file--media-8bc1354c-d94e-4afd-8efe-5731c087a9f2\" href=\"https:\/\/vrtecsemedela.si\/wp-content\/uploads\/2024\/02\/dvomesecna_odsotnost_iz_zdravstvenih_razlogov.pdf\" target=\"_blank\" rel=\"noreferrer noopener\">Obrazec ENKRATNA NEPREKINJENA DVOMESE\u010cNA ODSOTNOST OTROKA IZ ZDRAVSTVENIH RAZLOGOV<\/a><\/div>\n\n\n\n<div class=\"wp-block-file\"><a id=\"wp-block-file--media-c03451ce-c3a8-4ae8-9ad8-1857330e2dc9\" href=\"https:\/\/vrtecsemedela.si\/wp-content\/uploads\/2024\/12\/izjava-sprememba_enote.pdf\" target=\"_blank\" rel=\"noreferrer noopener\">Izjava star\u0161ev PREMESTITEV OTROKA V DRUGO ENOTO ALI DRUGI VRTEC<\/a><\/div>\n\n\n\n<div class=\"wp-block-file\"><a id=\"wp-block-file--media-87f91c27-bfe1-43e8-ab31-075b6fb13228\" href=\"https:\/\/vrtecsemedela.si\/wp-content\/uploads\/2025\/04\/Aneks-za-skrajsan-program-2025-1.pdf\" target=\"_blank\" rel=\"noreferrer noopener\">Aneks SPREMEMBA PROGRAMA<\/a><\/div>\n\n\n\n<div class=\"wp-block-file\"><a id=\"wp-block-file--media-b56a4012-17e9-4376-94c8-c5c9e7627e69\" href=\"https:\/\/vrtecsemedela.si\/wp-content\/uploads\/2025\/09\/obrazec-prejemanje-poloznic-na-elektronski-naslov.pdf\" target=\"_blank\" rel=\"noreferrer noopener\">Obrazec za prejemanje POLO\u017dNICE na e-NASLOV<\/a><\/div>\n\n\n\n<div class=\"wp-block-file\"><a id=\"wp-block-file--media-216c3b43-fa71-4fbb-8647-c93ced07c732\" href=\"https:\/\/vrtecsemedela.si\/wp-content\/uploads\/2023\/01\/e-racun-1.pdf\" target=\"_blank\" rel=\"noreferrer noopener\">Obrazec e-RA\u010cUN V SPLETNO BANKO<\/a><\/div>\n\n\n\n<div class=\"wp-block-file\"><a id=\"wp-block-file--media-3cf05c4d-ecbe-491e-a351-3e84621714ad\" href=\"https:\/\/vrtecsemedela.si\/wp-content\/uploads\/2023\/01\/Izjava-zdruzitev-stroskov-na-eni-poloznici-1.pdf\" target=\"_blank\" rel=\"noreferrer noopener\">Izjava ZDRU\u017dITEV STRO\u0160KOV NA ENI POLO\u017dNICI<\/a><\/div>\n\n\n\n<div class=\"wp-block-file\"><a id=\"wp-block-file--media-6349707e-d032-4e17-a877-41b5dadb37c0\" href=\"https:\/\/vrtecsemedela.si\/wp-content\/uploads\/2023\/09\/izpisnica-1.pdf\" target=\"_blank\" rel=\"noreferrer noopener\">Izpisnica<\/a><\/div>\n\n\n\n<div class=\"wp-block-file\"><a id=\"wp-block-file--media-07fb4f76-7af1-4f67-a809-06eee675e73c\" href=\"https:\/\/vrtecsemedela.si\/wp-content\/uploads\/2023\/01\/obrazec-za-direktno-obremenitev-SEPA-otvoritev-TRR-1.pdf\" target=\"_blank\" rel=\"noreferrer noopener\">Obrazec DIREKTNA OBREMENITEV SEPA OTVORITEV TRR<\/a><\/div>\n\n\n\n<div class=\"wp-block-file\"><a id=\"wp-block-file--media-0d788e5e-2f26-4fc6-befa-6f128ac44bbe\" href=\"https:\/\/vrtecsemedela.si\/wp-content\/uploads\/2023\/01\/vloga_zupjs_081111-1.pdf\" target=\"_blank\" rel=\"noreferrer noopener\">Vloga za UVELJAVLJANJE PRAVIC IZ JAVNIH SREDSTEV<\/a><\/div>\n\n\n\n<div class=\"wp-block-file\"><a id=\"wp-block-file--media-2652ce4d-0656-4ee2-8337-5752f3faf702\" href=\"https:\/\/vrtecsemedela.si\/wp-content\/uploads\/2023\/01\/Obrazec-za-sporocanje-sprememb-glede-uveljavljanja-pravic-iz-javnih-sredstev-1.pdf\" target=\"_blank\" rel=\"noreferrer noopener\">Obrazec ZA SPORO\u010cANJE SPREMEMB GLEDE UVELJAVLJANJA PRAVIC IZ JAVNIH SREDSTEV<\/a><\/div>\n\n\n<p><a href=\"https:\/\/e-uprava.gov.si\/si\/podrocja\/drzava-druzba\/storitve-obcin\/vpis-v-javne-vrtce-mestne-obcine-koper.html\" target=\"_blank\" rel=\"noopener\">Vloga za SPREJEM OTROKA V VRTEC &#8211; povezava do e-VLOGE (oddaja vloge preko portala e-uprava)<\/a><\/p>\n\n\n<div class=\"wp-block-file\"><a id=\"wp-block-file--media-65ac8490-4922-450e-8751-43dbee606c4e\" href=\"https:\/\/vrtecsemedela.si\/wp-content\/uploads\/2024\/11\/Vloga-za-sprejem-otroka-v-vrtec-2024-25.pdf\" target=\"_blank\" rel=\"noreferrer noopener\">Vloga za SPREJEM OTROKA V VRTEC &#8211; PDF OBLIKA<\/a><\/div>\n","protected":false},"excerpt":{"rendered":"<p>Vloga za SPREJEM OTROKA V VRTEC &#8211; povezava do e-VLOGE (oddaja vloge preko portala e-uprava)<\/p>\n","protected":false},"author":1,"featured_media":0,"parent":0,"menu_order":0,"comment_status":"closed","ping_status":"closed","template":"","meta":{"footnotes":""},"class_list":["post-466","page","type-page","status-publish","hentry"],"_links":{"self":[{"href":"https:\/\/vrtecsemedela.si\/index.php\/wp-json\/wp\/v2\/pages\/466","targetHints":{"allow":["GET"]}}],"collection":[{"href":"https:\/\/vrtecsemedela.si\/index.php\/wp-json\/wp\/v2\/pages"}],"about":[{"href":"https:\/\/vrtecsemedela.si\/index.php\/wp-json\/wp\/v2\/types\/page"}],"author":[{"embeddable":true,"href":"https:\/\/vrtecsemedela.si\/index.php\/wp-json\/wp\/v2\/users\/1"}],"replies":[{"embeddable":true,"href":"https:\/\/vrtecsemedela.si\/index.php\/wp-json\/wp\/v2\/comments?post=466"}],"version-history":[{"count":43,"href":"https:\/\/vrtecsemedela.si\/index.php\/wp-json\/wp\/v2\/pages\/466\/revisions"}],"predecessor-version":[{"id":7635,"href":"https:\/\/vrtecsemedela.si\/index.php\/wp-json\/wp\/v2\/pages\/466\/revisions\/7635"}],"wp:attachment":[{"href":"https:\/\/vrtecsemedela.si\/index.php\/wp-json\/wp\/v2\/media?parent=466"}],"curies":[{"name":"wp","href":"https:\/\/api.w.org\/{rel}","templated":true}]}}