{"id":453,"date":"2022-12-04T22:33:36","date_gmt":"2022-12-04T21:33:36","guid":{"rendered":"http:\/\/429.ablak.arnes.si\/?page_id=453"},"modified":"2024-05-21T18:02:48","modified_gmt":"2024-05-21T16:02:48","slug":"sodelovanje-s-starsi","status":"publish","type":"page","link":"https:\/\/vrtecsemedela.si\/index.php\/sodelovanje-s-starsi\/","title":{"rendered":"Sodelovanje s star\u0161i"},"content":{"rendered":"\n<div class=\"wp-block-columns is-layout-flex wp-container-core-columns-is-layout-9d6595d7 wp-block-columns-is-layout-flex\">\n<div class=\"wp-block-column is-layout-flow wp-block-column-is-layout-flow\" style=\"flex-basis:66.66%\">\n<p>Sodelovanje vrtca s star\u0161i je nujen pogoj za uspe\u0161no dopolnjevanje dru\u017einske vzgoje in doseganje vzgojno &#8211; izobra\u017eevalnih ciljev. Medsebojna podpora in zaupanje sta bistvena za napredek otroka. Temelj sodelovanja med strokovnim osebjem in star\u0161i je dobra komunikacija in sodelovanje na raznih podro\u010djih z upo\u0161tevanjem avtonomije vrtca.<\/p>\n\n\n\n<p>Soodlo\u010danje star\u0161ev je mogo\u010de do meja strokovnosti, ki so domena strokovnega osebja in drugih strokovnjakov s podro\u010dja pred\u0161olske vzgoje.<\/p>\n\n\n\n<p><strong><u>Podro\u010dja sodelovanja:<\/u><\/strong><\/p>\n\n\n\n<ul class=\"wp-block-list\">\n<li><strong>Strokovna sre\u010danja: <\/strong>roditeljski sestanki, govorilne ure, okrogle mize, pogovori s strokovnimi in svetovalnimi delavci, predavanja, delavnice in drugo.<\/li>\n\n\n\n<li><strong>Prireditve in praznovanja:<\/strong> igralne ure, dan odprtih vrat, delavnice, prilo\u017enostna praznovanja, delovne akcije, medgeneracijsko sodelovanje, kraj\u0161i izleti, \u0161portne aktivnosti, obiski na domu in v skupini, sodelovanje pri projektih, predstavitev poklica, zaklju\u010dne prireditve idr. <strong>&nbsp;&nbsp;&nbsp;&nbsp;&nbsp;&nbsp;&nbsp;&nbsp;&nbsp;&nbsp;&nbsp;&nbsp;&nbsp;&nbsp;&nbsp;&nbsp;&nbsp;&nbsp;&nbsp;&nbsp;&nbsp;&nbsp;&nbsp;&nbsp;&nbsp;&nbsp;<\/strong><\/li>\n\n\n\n<li><strong>Soodlo\u010danje o delu in \u017eivljenju v vrtcu:<\/strong> Za organizirano uresni\u010devanje interesov star\u0161ev je v vrtcu oblikovan <strong>Svet star\u0161ev. <\/strong>&nbsp;Star\u0161i imajo svoje predstavnike tudi v Svetu zavoda Vrtca Semedela.<\/li>\n<\/ul>\n\n\n\n<p><\/p>\n\n\n\n<p>Poleg obi\u010dajnih oblik obve\u0161\u010danja star\u0161ev, so v vseh garderobah enot oglasne deske in koti\u010dki za star\u0161e, preko katerih so posredovane pomembne in aktualne informacije v pisni obliki.<\/p>\n<\/div>\n\n\n\n<div class=\"wp-block-column is-layout-flow wp-block-column-is-layout-flow\" style=\"flex-basis:33.33%\">\n<figure class=\"wp-block-image size-large is-resized\"><img loading=\"lazy\" decoding=\"async\" src=\"https:\/\/vrtecsemedela.si\/wp-content\/uploads\/2023\/01\/Slika-1-1024x709.png\" alt=\"\" class=\"wp-image-2278\" width=\"385\" height=\"266\" srcset=\"https:\/\/vrtecsemedela.si\/wp-content\/uploads\/2023\/01\/Slika-1-1024x709.png 1024w, https:\/\/vrtecsemedela.si\/wp-content\/uploads\/2023\/01\/Slika-1-300x208.png 300w, https:\/\/vrtecsemedela.si\/wp-content\/uploads\/2023\/01\/Slika-1-768x532.png 768w, https:\/\/vrtecsemedela.si\/wp-content\/uploads\/2023\/01\/Slika-1.png 1300w\" sizes=\"auto, (max-width: 385px) 100vw, 385px\" \/><\/figure>\n<\/div>\n<\/div>\n\n\n\n<p><\/p>\n","protected":false},"excerpt":{"rendered":"<p>Sodelovanje vrtca s star\u0161i je nujen pogoj za uspe\u0161no dopolnjevanje dru\u017einske vzgoje in doseganje vzgojno &#8211; izobra\u017eevalnih ciljev. Medsebojna podpora in zaupanje sta bistvena za napredek otroka. Temelj sodelovanja med strokovnim osebjem in star\u0161i je dobra komunikacija in sodelovanje na raznih podro\u010djih z upo\u0161tevanjem avtonomije vrtca. Soodlo\u010danje star\u0161ev je mogo\u010de do meja strokovnosti, ki so &hellip; <\/p>\n<p class=\"link-more\"><a href=\"https:\/\/vrtecsemedela.si\/index.php\/sodelovanje-s-starsi\/\" class=\"more-link\">Continue reading<span class=\"screen-reader-text\"> &#8220;Sodelovanje s star\u0161i&#8221;<\/span><\/a><\/p>\n","protected":false},"author":1,"featured_media":0,"parent":0,"menu_order":0,"comment_status":"closed","ping_status":"closed","template":"","meta":{"footnotes":""},"class_list":["post-453","page","type-page","status-publish","hentry"],"_links":{"self":[{"href":"https:\/\/vrtecsemedela.si\/index.php\/wp-json\/wp\/v2\/pages\/453","targetHints":{"allow":["GET"]}}],"collection":[{"href":"https:\/\/vrtecsemedela.si\/index.php\/wp-json\/wp\/v2\/pages"}],"about":[{"href":"https:\/\/vrtecsemedela.si\/index.php\/wp-json\/wp\/v2\/types\/page"}],"author":[{"embeddable":true,"href":"https:\/\/vrtecsemedela.si\/index.php\/wp-json\/wp\/v2\/users\/1"}],"replies":[{"embeddable":true,"href":"https:\/\/vrtecsemedela.si\/index.php\/wp-json\/wp\/v2\/comments?post=453"}],"version-history":[{"count":14,"href":"https:\/\/vrtecsemedela.si\/index.php\/wp-json\/wp\/v2\/pages\/453\/revisions"}],"predecessor-version":[{"id":5670,"href":"https:\/\/vrtecsemedela.si\/index.php\/wp-json\/wp\/v2\/pages\/453\/revisions\/5670"}],"wp:attachment":[{"href":"https:\/\/vrtecsemedela.si\/index.php\/wp-json\/wp\/v2\/media?parent=453"}],"curies":[{"name":"wp","href":"https:\/\/api.w.org\/{rel}","templated":true}]}}