{"id":451,"date":"2022-12-04T22:32:51","date_gmt":"2022-12-04T21:32:51","guid":{"rendered":"http:\/\/429.ablak.arnes.si\/?page_id=451"},"modified":"2024-12-06T13:29:15","modified_gmt":"2024-12-06T12:29:15","slug":"uporabna-dokumentacija","status":"publish","type":"page","link":"https:\/\/vrtecsemedela.si\/index.php\/uporabna-dokumentacija\/","title":{"rendered":"Uporabna dokumentacija ali kako uredim subvencijo vrtca, pla\u010dilo&#8230;?"},"content":{"rendered":"\n<h5 class=\"wp-block-heading\">Kaj moram urediti pred vklju\u010ditvijo otroka v vrtec?<\/h5>\n\n\n\n<ul class=\"wp-block-list\">\n<li>\u010ce imate star\u0161i \u017ee podpisano pogodbo o vklju\u010ditvi otroka v vrtec, morate pred vklju\u010ditvijo otroka v vrtec predlo\u017eiti&nbsp;\u0161e potrdilo pediatra&nbsp;o&nbsp; zdravstvenem stanju otroka in njegovih posebnostih. Lahko jo oddate vzgojiteljici otroka ali na upravi vrtca. <\/li>\n<\/ul>\n\n\n\n<h5 class=\"wp-block-heading\">Kaj moram vedeti o pla\u010dilu vrtca?<\/h5>\n\n\n\n<p>Pla\u010dilo star\u0161ev je opredeljeno v republi\u0161kem predpisu &#8211; <em>Pravilniku o pla\u010dilih star\u0161ev za programe v vrtcih. <\/em>Cena vrtca je opredeljena v<em> Sklepu o dolo\u010ditvi cen programov pred\u0161olske vzgoje v javnih vrtcih MOK.<\/em><\/p>\n\n\n\n<ul class=\"wp-block-list\">\n<li>Star\u0161i ste dol\u017eni upo\u0161tevati in pla\u010devati izbrani program za svojega otroka ter pri tem upo\u0161tevati sprejete dogovore in poslovalni \u010das vrtca.<\/li>\n\n\n\n<li>Star\u0161i, ki prvi\u010d vklju\u010dujete otroka v vrtec, morate<mark style=\"background-color:rgba(0, 0, 0, 0)\" class=\"has-inline-color has-black-color\"> vlogo za zni\u017eano pla\u010dilo vrtca<\/mark> (<a href=\"https:\/\/vrtecsemedela.si\/wp-content\/uploads\/2023\/01\/vloga_zupjs_081111-1.pdf\" data-type=\"URL\" data-id=\"https:\/\/vrtecsemedela.si\/wp-content\/uploads\/2023\/01\/vloga_zupjs_081111-1.pdf\" target=\"_blank\" rel=\"noreferrer noopener\">vloga za uveljavljanje pravic iz javnih sredstev)<\/a> na pristojni Center za socialno delo oddati v mesecu pred vklju\u010ditvijo otroka v vrtec. Na osnovi tega pristojna slu\u017eba dolo\u010di vi\u0161ino prispevka star\u0161ev in izda odlo\u010dbo.<mark style=\"background-color:rgba(0, 0, 0, 0)\" class=\"has-inline-color has-black-color\"> Za podalj\u0161evanje pravice do zni\u017eanega pla\u010dila vrtca&nbsp;<strong>ni potrebno oddajati posebnih vlog<\/strong>, saj centri za socialno delo po uradni dol\u017enosti odlo\u010dajo o nadaljnji upravi\u010denosti do pravice.<\/mark><\/li>\n\n\n\n<li>Na Centru za socialno delo lahko star\u0161i uveljavljate tudi druge pravice v skladu z zakonodajo.<\/li>\n\n\n\n<li>Star\u0161em, ki ne uveljavljate zni\u017eanega pla\u010dila vrtca (in ste zavezanci za dohodnino v Republiki Sloveniji), vrtec izstavi ra\u010dun v vi\u0161ini najvi\u0161jega dohodkovnega razreda po lestvici (77 %).&nbsp;&nbsp;<\/li>\n\n\n\n<li>Star\u0161i, ki niste zavezanci za dohodnino v Republiki Sloveniji, pla\u010dujete polno ceno programa v katerega je vklju\u010den otrok.<\/li>\n\n\n\n<li>Star\u0161i, ki nimate stalnega bivali\u0161\u010da v ob\u010dini Koper, uveljavljate zni\u017eano pla\u010dilo vrtca na pristojnem Centru za socialno delo (v ob\u010dini stalnega bivanja).<\/li>\n\n\n\n<li>Star\u0161i morate odmerjeni mese\u010dni prispevek za pretekli mesec poravnati v zakonskem roku od dne prejetega ra\u010duna. Reklamacije upo\u0161tevamo do 8 dni od izdanega ra\u010duna. Vse obveznosti glede pla\u010dila vrtca star\u0161i urejate na upravi. Polo\u017enico lahko prejmete <a rel=\"noreferrer noopener\" href=\"https:\/\/vrtecsemedela.si\/wp-content\/uploads\/2023\/01\/e-racun-1.pdf\" data-type=\"URL\" data-id=\"https:\/\/vrtecsemedela.si\/wp-content\/uploads\/2023\/01\/e-racun-1.pdf\" target=\"_blank\">preko e &#8211; ra\u010duna<\/a>, <a href=\"https:\/\/vrtecsemedela.si\/wp-content\/uploads\/2023\/01\/e-racun-na-e-naslov-1.pdf\" data-type=\"URL\" data-id=\"https:\/\/vrtecsemedela.si\/wp-content\/uploads\/2023\/01\/e-racun-na-e-naslov-1.pdf\" target=\"_blank\" rel=\"noreferrer noopener\">e &#8211; po\u0161te<\/a> ali&nbsp;<a rel=\"noreferrer noopener\" href=\"https:\/\/vrtecsemedela.si\/wp-content\/uploads\/2023\/01\/obrazec-za-direktno-obremenitev-SEPA-otvoritev-TRR-1.pdf\" data-type=\"URL\" data-id=\"https:\/\/vrtecsemedela.si\/wp-content\/uploads\/2023\/01\/obrazec-za-direktno-obremenitev-SEPA-otvoritev-TRR-1.pdf\" target=\"_blank\">SEPA direktne obremenitve na banki (otvoritev trajnika)<\/a>. Na\u010din prejema polo\u017enice star\u0161i uredite z oddajo obrazca, do katerega dostopate preko povezave s klikom na izbrani na\u010din prejema polo\u017enice.<\/li>\n\n\n\n<li>V primeru nepla\u010dila mese\u010dnega prispevka vrtec, po predhodnem telefonskem klicu\/opozorilu, spro\u017ei postopek za izterjavo dolga z obrestmi in stro\u0161ki postopka v skladu z zakonom.<\/li>\n\n\n\n<li>Star\u0161i, ki \u017eelite spremembo vzgojnega programa, nas morate zaradi pravilnega obra\u010duna prispevka, o tem pisno obvestiti do konca meseca. Sprememba programa velja s prvim dnem v naslednjem mesecu, kar se uredi z <a href=\"https:\/\/vrtecsemedela.si\/wp-content\/uploads\/2024\/09\/Aneks-za-skrajsan-program-2024-1.pdf\" data-type=\"attachment\" data-id=\"5944\" target=\"_blank\" rel=\"noreferrer noopener\">aneksom k <em>Pogodbi o dolo\u010ditvi medsebojnih pravic in obveznosti star\u0161ev in vrtca.<\/em><\/a><\/li>\n\n\n\n<li>Star\u0161i lahko <strong>za enomese\u010dno neprekinjeno odsotnost otroka <\/strong>enkrat v koledarskem letu uveljavljate zni\u017eano pla\u010dilo. Za obdobje odsotnosti prispevate k ceni programa dele\u017e, ki zna\u0161a 50 odstotkov dolo\u010denega pla\u010dila po <em>Pravilniku o pla\u010dilih star\u0161ev za programe v vrtcih<\/em>. Zni\u017eano pla\u010dilo se obra\u010duna na polo\u017enici v mesecu, ko se kori\u0161\u010denje zaklju\u010di. Uveljavljate ga z izpolnitvijo <a href=\"https:\/\/vrtecsemedela.si\/wp-content\/uploads\/2023\/01\/Obrazec-za-enkratno-neprekinjeno-enomesecno-odsotnost-1.pdf\" data-type=\"URL\" data-id=\"https:\/\/vrtecsemedela.si\/wp-content\/uploads\/2023\/01\/Obrazec-za-enkratno-neprekinjeno-enomesecno-odsotnost-1.pdf\" target=\"_blank\" rel=\"noreferrer noopener\">obrazca<\/a>. To lahko uveljavite le star\u0161i, ki vam to omogo\u010da ob\u010dina stalnega prebivali\u0161\u010da. Star\u0161i, ki imate v vrtec vklju\u010denega ve\u010d kot enega otroka, lahko uveljavljate za\u010dasno odsotnost le za starej\u0161ega otroka.<\/li>\n\n\n\n<li>Star\u0161i lahko <strong>za enkratno neprekinjeno najmanj dvomese\u010dno odsotnost otroka iz zdravstvenih razlogov<\/strong> (bolezen ali po\u0161kodba na podlagi zdravni\u0161kega potrdila), enkrat v koledarskem letu, uveljavljate zni\u017eano pla\u010dilo. Za obdobje odsotnosti prispevate k ceni programa dele\u017e, ki zna\u0161a 50 odstotkov dolo\u010denega pla\u010dila po <em>Pravilniku o pla\u010dilih star\u0161ev za programe v vrtcih.<\/em> To uveljavljate z izpolnitvijo <a href=\"https:\/\/vrtecsemedela.si\/wp-content\/uploads\/2024\/02\/dvomesecna_odsotnost_iz_zdravstvenih_razlogov.pdf\" data-type=\"URL\" data-id=\"https:\/\/vrtecsemedela.si\/wp-content\/uploads\/2024\/02\/dvomesecna_odsotnost_iz_zdravstvenih_razlogov.pdf\" target=\"_blank\" rel=\"noreferrer noopener\">obrazca<\/a> in predlo\u017eitvijo zdravni\u0161kega potrdila. Star\u0161i, ki imate v vrtec vklju\u010denega ve\u010d kot enega otroka, lahko uveljavljate za\u010dasno odsotnost le za starej\u0161ega otroka.<\/li>\n\n\n\n<li>V istem mesecu ni mogo\u010de hkrati uveljavljati kori\u0161\u010denja enomese\u010dne odsotnosti in spremembe vzgojnega programa.<\/li>\n\n\n\n<li>\u010ce vam ob\u010dina stalnega prebivali\u0161\u010da nudi druge olaj\u0161ave, se oskrbnina obra\u010duna na osnovi le teh.<\/li>\n<\/ul>\n\n\n\n<p><\/p>\n\n\n\n<p>Dokumentacijo o pla\u010dilu vrtca lahko uredite tudi na upravi vrtca v enoti Slavnik, Nova ulica 2b, v pisarni\u00a0knjigovodje vsak delovni dan od 9. do 12. ure in 13. do 15. ure. Informacije po telefonu lahko dobite vsak delovni dan od 8. do 12. in od 13. do 15.\u00a0ure.<\/p>\n\n\n\n<h5 class=\"wp-block-heading\">Kako uredim spremembo programa, enote, vrtca? <\/h5>\n\n\n\n<ul class=\"wp-block-list\">\n<li>Vse spremembe o pomembnih osebnih podatkih morate star\u0161i sprotno pisno posredovati pomo\u010dnici ravnateljice ali knjigovodji oskrbnin.<\/li>\n\n\n\n<li>Spremembo <a rel=\"noreferrer noopener\" href=\"https:\/\/vrtecsemedela.si\/wp-content\/uploads\/2024\/09\/Aneks-za-skrajsan-program-2024-1.pdf\" data-type=\"attachment\" data-id=\"5944\" target=\"_blank\">programa<\/a> in spremembo <a href=\"https:\/\/vrtecsemedela.si\/wp-content\/uploads\/2024\/12\/izjava-sprememba_enote.pdf\" data-type=\"attachment\" data-id=\"6393\" target=\"_blank\" rel=\"noreferrer noopener\">enote ali vrtca<\/a> (v kolikor je mo\u017eno) uredite na upravi vrtca z izpolnitvijo zahtevane dokumentacije in podpisom aneksa k <mark style=\"background-color:rgba(0, 0, 0, 0)\" class=\"has-inline-color has-black-color\">Pogodbi o dolo\u010ditvi medsebojnih pravic in&nbsp;obveznosti star\u0161ev in vrtca.<\/mark><\/li>\n<\/ul>\n\n\n\n<h5 class=\"wp-block-heading\">Kako izpi\u0161em otroka iz vrtca?<\/h5>\n\n\n\n<ul class=\"wp-block-list\">\n<li>Izpis otroka iz vrtca star\u0161i uredite na upravi vrtca. <a href=\"https:\/\/vrtecsemedela.si\/wp-content\/uploads\/2023\/09\/izpisnica-1.pdf\" data-type=\"URL\" data-id=\"https:\/\/vrtecsemedela.si\/wp-content\/uploads\/2023\/09\/izpisnica-1.pdf\">Izpolnjen obrazec<\/a> je potrebno oddati najmanj 15 (petnajst) dni pred datumom nameravanega izpisa otroka. To velja tudi v primeru podpisa pogodbe, ko otrok sploh \u0161e ni obiskoval vrtca. Po oddaji izpisnice prejmete sklep o izpisu <em>(22. \u010dlen Pravilnika o sprejemu otrok v vrtec). <\/em>Otrok je iz vrtca izpisan z datumom navedenim v sklepu. O izpisu otroka iz vrtca morate z <a rel=\"noreferrer noopener\" href=\"https:\/\/e-uprava.gov.si\/podrocja\/vloge\/vloga.html?id=1481\" target=\"_blank\">obrazcem za sporo\u010danje sprememb pri uveljavljanju pravic iz javnih sredstev<\/a> obvestiti in kopijo izpisnice obvestiti tudi pristojni Center za socialno delo.<\/li>\n<\/ul>\n","protected":false},"excerpt":{"rendered":"<p>Kaj moram urediti pred vklju\u010ditvijo otroka v vrtec? Kaj moram vedeti o pla\u010dilu vrtca? Pla\u010dilo star\u0161ev je opredeljeno v republi\u0161kem predpisu &#8211; Pravilniku o pla\u010dilih star\u0161ev za programe v vrtcih. Cena vrtca je opredeljena v Sklepu o dolo\u010ditvi cen programov pred\u0161olske vzgoje v javnih vrtcih MOK. Dokumentacijo o pla\u010dilu vrtca lahko uredite tudi na upravi &hellip; <\/p>\n<p class=\"link-more\"><a href=\"https:\/\/vrtecsemedela.si\/index.php\/uporabna-dokumentacija\/\" class=\"more-link\">Continue reading<span class=\"screen-reader-text\"> &#8220;Uporabna dokumentacija ali kako uredim subvencijo vrtca, pla\u010dilo&#8230;?&#8221;<\/span><\/a><\/p>\n","protected":false},"author":1,"featured_media":0,"parent":0,"menu_order":0,"comment_status":"closed","ping_status":"closed","template":"","meta":{"footnotes":""},"class_list":["post-451","page","type-page","status-publish","hentry"],"_links":{"self":[{"href":"https:\/\/vrtecsemedela.si\/index.php\/wp-json\/wp\/v2\/pages\/451","targetHints":{"allow":["GET"]}}],"collection":[{"href":"https:\/\/vrtecsemedela.si\/index.php\/wp-json\/wp\/v2\/pages"}],"about":[{"href":"https:\/\/vrtecsemedela.si\/index.php\/wp-json\/wp\/v2\/types\/page"}],"author":[{"embeddable":true,"href":"https:\/\/vrtecsemedela.si\/index.php\/wp-json\/wp\/v2\/users\/1"}],"replies":[{"embeddable":true,"href":"https:\/\/vrtecsemedela.si\/index.php\/wp-json\/wp\/v2\/comments?post=451"}],"version-history":[{"count":49,"href":"https:\/\/vrtecsemedela.si\/index.php\/wp-json\/wp\/v2\/pages\/451\/revisions"}],"predecessor-version":[{"id":6399,"href":"https:\/\/vrtecsemedela.si\/index.php\/wp-json\/wp\/v2\/pages\/451\/revisions\/6399"}],"wp:attachment":[{"href":"https:\/\/vrtecsemedela.si\/index.php\/wp-json\/wp\/v2\/media?parent=451"}],"curies":[{"name":"wp","href":"https:\/\/api.w.org\/{rel}","templated":true}]}}