{"id":449,"date":"2022-12-04T22:32:27","date_gmt":"2022-12-04T21:32:27","guid":{"rendered":"http:\/\/429.ablak.arnes.si\/?page_id=449"},"modified":"2026-03-20T11:47:03","modified_gmt":"2026-03-20T10:47:03","slug":"svet-starsev","status":"publish","type":"page","link":"https:\/\/vrtecsemedela.si\/index.php\/svet-starsev\/","title":{"rendered":"Svet star\u0161ev"},"content":{"rendered":"\n<p>Za organizirano uresni\u010devanje interesa star\u0161ev se v javnem vrtcu oziroma \u0161oli oblikuje svet star\u0161ev. Tehni\u010dno in finan\u010dno podporo za delovanje sveta star\u0161ev zagotavlja vrtec oziroma \u0161ola. Svet star\u0161ev je sestavljen tako, da ima v njem vsak oddelek po enega predstavnika, ki ga star\u0161i izvolijo na roditeljskem sestanku oddelka.<\/p>\n\n\n\n<p>Prvi sklic sveta star\u0161ev opravi ravnatelj.<\/p>\n\n\n\n<p>Pristojnosti sveta star\u0161ev:<\/p>\n\n\n\n<ul class=\"wp-block-list\">\n<li>predlaga nadstandardne programe,<\/li>\n\n\n\n<li>daje soglasje k predlogu ravnatelja o nadstandardnih storitvah,<\/li>\n\n\n\n<li>sodeluje pri nastajanju predloga programa razvoja vrtca oziroma \u0161ole, vzgojnega na\u010drta, pri pravilih, \u0161olskega reda ter da mnenje o letnem delovnem na\u010drtu,<\/li>\n\n\n\n<li>daje mnenje o kandidatih, ki izpolnjujejo pogoje za ravnatelja,<\/li>\n\n\n\n<li>razpravlja o poro\u010dilih ravnatelja o vzgojno-izobra\u017eevalni problematiki,<\/li>\n\n\n\n<li>obravnava prito\u017ebe star\u0161ev v zvezi z vzgojno-izobra\u017eevalnim delom,<\/li>\n\n\n\n<li>voli predstavnike star\u0161ev v svet vrtca oziroma \u0161ole in druge organe \u0161ole,<\/li>\n\n\n\n<li>lahko sprejme svoj program dela sodelovanja s \u0161olo, zlasti glede vklju\u010devanja v lokalno okolje,<\/li>\n\n\n\n<li>v dogovoru z vodstvom \u0161ole lahko ustanavlja oziroma oblikuje delovne skupine,<\/li>\n\n\n\n<li>opravlja druge naloge v skladu z zakonom in drugimi predpisi.<\/li>\n<\/ul>\n\n\n\n<p><\/p>\n\n\n\n<p>Predsednica sveta star\u0161ev je ga. Lara Skeja.<\/p>\n\n\n\n<p>Sveti star\u0161ev se lahko pove\u017eejo v lokalne oziroma regionalne aktive svetov star\u0161ev. Lokalni oziroma regionalni aktivi svetov star\u0161ev lahko ustanovijo nacionalno zvezo aktivov.<\/p>\n\n\n\n<h5 class=\"wp-block-heading\">Zapisniki sej Sveta star\u0161ev<\/h5>\n\n\n\n<div class=\"wp-block-file\"><a id=\"wp-block-file--media-71c131e5-3098-49b8-85ff-e80925f17e1b\" href=\"https:\/\/vrtecsemedela.si\/wp-content\/uploads\/2025\/10\/tapisnik-1.-seje-14.10.2025-svet-starsev.pdf\" target=\"_blank\" rel=\"noreferrer noopener\">Zapisnik 1. seje sveta star\u0161ev Vrtca Semedela 2025\/26<\/a><\/div>\n\n\n\n<div class=\"wp-block-file\"><a id=\"wp-block-file--media-43a5fab3-ef41-48a4-849c-fb262df8e3b6\" href=\"https:\/\/vrtecsemedela.si\/wp-content\/uploads\/2024\/11\/zapisnik-svet-starsev.pdf\" target=\"_blank\" rel=\"noreferrer noopener\">Zapisnik 1. seje sveta star\u0161ev Vrtca Semedela 2024\/25<\/a><\/div>\n\n\n\n<div class=\"wp-block-file\"><a id=\"wp-block-file--media-453c8ffd-1e59-4337-8a92-095652b3a286\" href=\"https:\/\/vrtecsemedela.si\/wp-content\/uploads\/2023\/10\/zapisnik_svet_starsev_23-24.pdf\" target=\"_blank\" rel=\"noreferrer noopener\">Zapisnik 1. seje sveta star\u0161ev Vrtca Semedela 2023\/24<\/a><\/div>\n\n\n\n<div class=\"wp-block-file\"><a id=\"wp-block-file--media-f8885e99-28c3-484d-85e4-fabfa8fb60b7\" href=\"https:\/\/vrtecsemedela.si\/wp-content\/uploads\/2023\/04\/zapisnik-2.-seje-sveta-starsev-2022-2023.pdf\" target=\"_blank\" rel=\"noreferrer noopener\">Zapisnik 2. seje sveta star\u0161ev 2022\/23<\/a><\/div>\n\n\n\n<div class=\"wp-block-file\"><a id=\"wp-block-file--media-8b3d1fc6-04db-4543-be94-90ba724b8f4c\" href=\"https:\/\/vrtecsemedela.si\/wp-content\/uploads\/2023\/01\/Zapisnik-1.-sveta-starsev-2022-2023.pdf\" target=\"_blank\" rel=\"noreferrer noopener\">Zapisnik 1. seje sveta star\u0161ev 2022\/23<\/a><\/div>\n\n\n\n<div class=\"wp-block-file\"><a id=\"wp-block-file--media-81861cb8-2db8-4e31-a064-57c82cb4ea20\" href=\"https:\/\/vrtecsemedela.si\/wp-content\/uploads\/2023\/01\/Zapisnik-3.-seje-sveta-starsev-vrtca-semedela-2021-2022.pdf\" target=\"_blank\" rel=\"noreferrer noopener\">Zapisnik 3. seje sveta star\u0161ev Vrtca Semedela 2021\/22<\/a><\/div>\n\n\n\n<div class=\"wp-block-file\"><a id=\"wp-block-file--media-3d83ddb1-0d18-41a4-a00c-0b627ce0d185\" href=\"https:\/\/vrtecsemedela.si\/wp-content\/uploads\/2023\/01\/Zapisnik-II.-seje-sveta-starsev-vrtca-Semedela-2021-2022.pdf\" target=\"_blank\" rel=\"noreferrer noopener\">Zapisnik 2. seje sveta star\u0161ev Vrtca Semedela 2021\/22<\/a><\/div>\n","protected":false},"excerpt":{"rendered":"<p>Za organizirano uresni\u010devanje interesa star\u0161ev se v javnem vrtcu oziroma \u0161oli oblikuje svet star\u0161ev. Tehni\u010dno in finan\u010dno podporo za delovanje sveta star\u0161ev zagotavlja vrtec oziroma \u0161ola. Svet star\u0161ev je sestavljen tako, da ima v njem vsak oddelek po enega predstavnika, ki ga star\u0161i izvolijo na roditeljskem sestanku oddelka. Prvi sklic sveta star\u0161ev opravi ravnatelj. Pristojnosti &hellip; <\/p>\n<p class=\"link-more\"><a href=\"https:\/\/vrtecsemedela.si\/index.php\/svet-starsev\/\" class=\"more-link\">Continue reading<span class=\"screen-reader-text\"> &#8220;Svet star\u0161ev&#8221;<\/span><\/a><\/p>\n","protected":false},"author":1,"featured_media":0,"parent":0,"menu_order":0,"comment_status":"closed","ping_status":"closed","template":"","meta":{"footnotes":""},"class_list":["post-449","page","type-page","status-publish","hentry"],"_links":{"self":[{"href":"https:\/\/vrtecsemedela.si\/index.php\/wp-json\/wp\/v2\/pages\/449","targetHints":{"allow":["GET"]}}],"collection":[{"href":"https:\/\/vrtecsemedela.si\/index.php\/wp-json\/wp\/v2\/pages"}],"about":[{"href":"https:\/\/vrtecsemedela.si\/index.php\/wp-json\/wp\/v2\/types\/page"}],"author":[{"embeddable":true,"href":"https:\/\/vrtecsemedela.si\/index.php\/wp-json\/wp\/v2\/users\/1"}],"replies":[{"embeddable":true,"href":"https:\/\/vrtecsemedela.si\/index.php\/wp-json\/wp\/v2\/comments?post=449"}],"version-history":[{"count":17,"href":"https:\/\/vrtecsemedela.si\/index.php\/wp-json\/wp\/v2\/pages\/449\/revisions"}],"predecessor-version":[{"id":9364,"href":"https:\/\/vrtecsemedela.si\/index.php\/wp-json\/wp\/v2\/pages\/449\/revisions\/9364"}],"wp:attachment":[{"href":"https:\/\/vrtecsemedela.si\/index.php\/wp-json\/wp\/v2\/media?parent=449"}],"curies":[{"name":"wp","href":"https:\/\/api.w.org\/{rel}","templated":true}]}}