{"id":439,"date":"2022-12-04T22:27:02","date_gmt":"2022-12-04T21:27:02","guid":{"rendered":"http:\/\/429.ablak.arnes.si\/?page_id=439"},"modified":"2026-03-20T07:58:02","modified_gmt":"2026-03-20T06:58:02","slug":"svet-zavoda","status":"publish","type":"page","link":"https:\/\/vrtecsemedela.si\/index.php\/svet-zavoda\/","title":{"rendered":"Svet zavoda"},"content":{"rendered":"\n<p>Svet zavoda Vrtca Semedela v skladu z Zakon o organizaciji in financiranju vzgoje in izobra\u017eevanja (Uradni list RS, \u0161t. 16\/07 \u2013 uradno pre\u010di\u0161\u010deno besedilo, 36\/08, 58\/09, 64\/09 \u2013 popr., 65\/09 \u2013 popr., 20\/11, 40\/12 \u2013 ZUJF, 57\/12 \u2013 ZPCP-2D, 47\/15, 46\/16, 49\/16 \u2013 popr., 25\/17 \u2013 ZVaj, 123\/21, 172\/21, 207\/21, 105\/22 \u2013 ZZN\u0160PP in 141\/22) \u0161teje 11 \u010dlanov in sicer:<\/p>\n\n\n\n<ul class=\"wp-block-list\">\n<li>5 predstavnikov delavcev Vrtca Semedela (Barbara Babi\u010d, Janja Gaj\u0161ek, Breda Gu\u0161tin, Erminij Ivan\u010di\u010d, Lara Koterle),<\/li>\n\n\n\n<li>3 predstavnike star\u0161ev Vrtca Semedela (\u0160pela Bu\u017einel, Tina Ke\u010da, Erika Viler),<\/li>\n\n\n\n<li>3 predstavnike ustanoviteljice &#8211; Mestne ob\u010dine Koper (Almir \u0106osi\u0107, Ester Kapelj, Rok Kozlovi\u010d).<\/li>\n<\/ul>\n\n\n\n<p><\/p>\n\n\n\n<p>Predstavnike delavcev se izvolil na neposrednih in tajnih volitvah znotraj vrtca. Predstavnike star\u0161ev v Svet Vrtca se izvolil na Svetu star\u0161ev. Predstavnike ustanoviteljice Mestne ob\u010dine Koper imenoval pristojni organ le-te.<\/p>\n\n\n\n<h5 class=\"wp-block-heading\">Vabila na seje Sveta zavoda<\/h5>\n\n\n\n<div class=\"wp-block-file\"><a id=\"wp-block-file--media-68130e82-b084-4d42-b3df-cbb7909f46b0\" href=\"https:\/\/vrtecsemedela.si\/wp-content\/uploads\/2023\/05\/Vabilo_1_seja_Sveta_zavoda.pdf\" target=\"_blank\" rel=\"noreferrer noopener\">Vabilo 1. seja sveta zavoda<\/a><\/div>\n\n\n\n<div class=\"wp-block-file\"><a id=\"wp-block-file--media-94a7097b-42db-4085-a2f2-043902a5192e\" href=\"https:\/\/vrtecsemedela.si\/wp-content\/uploads\/2023\/09\/Vabilo-2_korespondencna-seja.pdf\">Vabilo 2. koresponden\u010dna seja sveta zavoda<\/a><\/div>\n\n\n\n<div class=\"wp-block-file\"><a id=\"wp-block-file--media-16d10de6-1c3d-4bc1-b1e3-4ebc7ffc5a3e\" href=\"https:\/\/vrtecsemedela.si\/wp-content\/uploads\/2023\/09\/VAVILO-SVET-ZAVODA-3_SEJA.pdf\">Vabilo 3. seja sveta zavoda<\/a><\/div>\n\n\n\n<div class=\"wp-block-file\"><a id=\"wp-block-file--media-344303e5-aee2-48ba-89f7-fc396cb18a95\" href=\"https:\/\/vrtecsemedela.si\/wp-content\/uploads\/2024\/01\/VAbILO-SVET-ZAVODA-4_SEJA.pdf\" target=\"_blank\" rel=\"noreferrer noopener\">Vabilo 4. seja sveta zavoda<\/a><\/div>\n\n\n\n<div class=\"wp-block-file\"><a id=\"wp-block-file--media-a155a547-76b5-4c59-96b9-1d2538148e7c\" href=\"https:\/\/vrtecsemedela.si\/wp-content\/uploads\/2024\/03\/Vabilo_na_5_sejo_sveta_zavoda.pdf\" target=\"_blank\" rel=\"noreferrer noopener\">Vabilo 5. seja sveta zavoda<\/a><\/div>\n\n\n\n<div class=\"wp-block-file\"><a id=\"wp-block-file--media-5bfd9187-d317-4a31-8b90-2613a0d1baad\" href=\"https:\/\/vrtecsemedela.si\/wp-content\/uploads\/2024\/03\/Vabilo_na_6_sejo_sveta_zavoda.pdf\" target=\"_blank\" rel=\"noreferrer noopener\">Vabilo 6. seja sveta zavoda<\/a><\/div>\n\n\n\n<div class=\"wp-block-file\"><a id=\"wp-block-file--media-c38450cf-ed57-404a-99d4-2e342e60d810\" href=\"https:\/\/vrtecsemedela.si\/wp-content\/uploads\/2024\/10\/vabilo-na-svet-17.10.2024.pdf\" target=\"_blank\" rel=\"noreferrer noopener\">Vabilo 8. seja sveta zavoda<\/a><\/div>\n\n\n\n<div class=\"wp-block-file\"><a id=\"wp-block-file--media-05996e09-a97b-490e-be2e-db3e984fc23a\" href=\"https:\/\/vrtecsemedela.si\/wp-content\/uploads\/2025\/03\/11.-SEJA.pdf\" target=\"_blank\" rel=\"noreferrer noopener\">Vabilo 11. seja sveta zavoda<\/a><\/div>\n\n\n\n<div class=\"wp-block-file\"><a id=\"wp-block-file--media-dd5e2a1d-03f4-4b98-a863-4f5b54816557\" href=\"https:\/\/vrtecsemedela.si\/wp-content\/uploads\/2025\/03\/SVET-12-SEJA.pdf\" target=\"_blank\" rel=\"noreferrer noopener\">Vabilo 12. seja sveta zavoda<\/a><\/div>\n\n\n\n<div class=\"wp-block-file\"><a id=\"wp-block-file--media-34387bdd-5551-46d7-b315-abeab37d09d4\" href=\"https:\/\/vrtecsemedela.si\/wp-content\/uploads\/2025\/10\/Vabilo-na-13-sejo.pdf\" target=\"_blank\" rel=\"noreferrer noopener\">Vabilo 13. seja sveta zavoda<\/a><\/div>\n\n\n\n<div class=\"wp-block-file\"><a id=\"wp-block-file--media-038b2bf9-a471-46f8-b14b-e799db594621\" href=\"https:\/\/vrtecsemedela.si\/wp-content\/uploads\/2025\/10\/15102025064327.pdf\" target=\"_blank\" rel=\"noreferrer noopener\">Vabilo 14. seja sveta zavoda<\/a><\/div>\n\n\n\n<div class=\"wp-block-file\"><a id=\"wp-block-file--media-6d4e0426-091f-4846-8a5f-78f83b27e2ea\" href=\"https:\/\/vrtecsemedela.si\/wp-content\/uploads\/2026\/03\/vabilo_15-seja-sveta-zavoda.pdf\" target=\"_blank\" rel=\"noreferrer noopener\">Vabilo 15. seja sveta zavoda<\/a><\/div>\n\n\n\n<div class=\"wp-block-file\"><a id=\"wp-block-file--media-8af2c439-4c7c-439e-8eeb-b266b5ad8317\" href=\"https:\/\/vrtecsemedela.si\/wp-content\/uploads\/2026\/03\/vabilo_svet_zavoda-16-seja.pdf\" target=\"_blank\" rel=\"noreferrer noopener\">Vabilo 16. seja svet zavoda<\/a><\/div>\n\n\n\n<div class=\"wp-block-file\"><a id=\"wp-block-file--media-117b009f-76a7-4571-895a-df5a20a933f2\" href=\"https:\/\/vrtecsemedela.si\/wp-content\/uploads\/2026\/03\/vabilo_svet_zavoda-17-seja.pdf\" target=\"_blank\" rel=\"noreferrer noopener\">Vabilo 17. seja sveta zavoda<\/a><\/div>\n\n\n\n<h5 class=\"wp-block-heading\">Zapisniki sej Sveta zavoda<\/h5>\n\n\n\n<div class=\"wp-block-file\"><a id=\"wp-block-file--media-491ad04d-aea4-4b1d-954c-4957b66d3528\" href=\"https:\/\/vrtecsemedela.si\/wp-content\/uploads\/2023\/06\/Zapisnik-1.-seje-sveta-zavoda-2022-2023.pdf\" target=\"_blank\" rel=\"noreferrer noopener\">Zapisnik 1. seje sveta zavoda<\/a><\/div>\n\n\n\n<div class=\"wp-block-file\"><a id=\"wp-block-file--media-d7866faf-63d2-4730-a2e8-de49c04a7966\" href=\"https:\/\/vrtecsemedela.si\/wp-content\/uploads\/2023\/09\/zapisnik-2-seje-sveta-1.8.2023.pdf\">Zapisnik 2. koresponden\u010dne seje sveta zavoda<\/a><\/div>\n\n\n\n<div class=\"wp-block-file\"><a id=\"wp-block-file--media-a5114271-c587-4b43-948c-82bd236b630d\" href=\"https:\/\/vrtecsemedela.si\/wp-content\/uploads\/2023\/10\/Zapisnik-3.-seje-sveta-zavoda.pdf\" target=\"_blank\" rel=\"noreferrer noopener\">Zapisnik 3. seje sveta zavoda<\/a><\/div>\n\n\n\n<div class=\"wp-block-file\"><a id=\"wp-block-file--media-c087f09a-b91f-4fdd-a658-316ead0c085c\" href=\"https:\/\/vrtecsemedela.si\/wp-content\/uploads\/2024\/02\/Zapisnik-4.-korespondencne-seje-sveta-zavoda.pdf\">Zapisnik 4. koresponden\u010dne seje sveta zavoda<\/a><\/div>\n\n\n\n<div class=\"wp-block-file\"><a id=\"wp-block-file--media-f7fb3968-d56f-4cf1-8c89-992b57742c85\" href=\"https:\/\/vrtecsemedela.si\/wp-content\/uploads\/2024\/03\/zapisnik-5.seje-11.3.2024.pdf\" target=\"_blank\" rel=\"noreferrer noopener\">Zapisnik 5. seje sveta zavoda<\/a><\/div>\n\n\n\n<div class=\"wp-block-file\"><a id=\"wp-block-file--media-0eec339b-06a2-47dd-8e03-80a354f873a0\" href=\"https:\/\/vrtecsemedela.si\/wp-content\/uploads\/2024\/03\/zapisnik-6-seje-11.3.2024.pdf\" target=\"_blank\" rel=\"noreferrer noopener\">Zapisnik 6. seje sveta zavoda<\/a><\/div>\n\n\n\n<div class=\"wp-block-file\"><a id=\"wp-block-file--media-9282e898-da4a-4658-8bb0-1aad9aeab5c2\" href=\"https:\/\/vrtecsemedela.si\/wp-content\/uploads\/2024\/11\/zapisnik-7.-korespondencne-seje19.7.2024.pdf\" target=\"_blank\" rel=\"noreferrer noopener\">Zapisnik 7. koresponden\u010dne seje sveta zavoda<\/a><\/div>\n\n\n\n<div class=\"wp-block-file\"><a id=\"wp-block-file--media-d7d66087-128e-474f-a5d9-c1992f59dd25\" href=\"https:\/\/vrtecsemedela.si\/wp-content\/uploads\/2024\/11\/zapisnik-8.-seje.pdf\" target=\"_blank\" rel=\"noreferrer noopener\">Zapisnik 8. seje sveta zavoda<\/a><\/div>\n\n\n\n<div class=\"wp-block-file\"><a id=\"wp-block-file--media-c2163113-23b6-40fd-bc6f-c44b7663cdec\" href=\"https:\/\/vrtecsemedela.si\/wp-content\/uploads\/2025\/03\/zapisnik-11.-seja.pdf\" target=\"_blank\" rel=\"noreferrer noopener\">Zapisnik 11. seje sveta zavoda<\/a><\/div>\n\n\n\n<div class=\"wp-block-file\"><a id=\"wp-block-file--media-f1e539ae-1864-4862-b75b-0113f64fb53a\" href=\"https:\/\/vrtecsemedela.si\/wp-content\/uploads\/2025\/03\/zapisnik-12.-seja.pdf\" target=\"_blank\" rel=\"noreferrer noopener\">Zapisnik 12. seje sveta zavoda<\/a><\/div>\n\n\n\n<div class=\"wp-block-file\"><a id=\"wp-block-file--media-2c84fa03-6b67-4efe-9e26-9eadd510eea5\" href=\"https:\/\/vrtecsemedela.si\/wp-content\/uploads\/2025\/10\/15102025121944.pdf\" target=\"_blank\" rel=\"noreferrer noopener\">Zapisnik 13. koresponden\u010dne seje sveta zavoda<\/a><\/div>\n\n\n\n<div class=\"wp-block-file\"><a id=\"wp-block-file--media-c1ce6f83-62fa-43de-a268-449e51a608d1\" href=\"https:\/\/vrtecsemedela.si\/wp-content\/uploads\/2025\/10\/14_seja-sveta-zavoda.pdf\" target=\"_blank\" rel=\"noreferrer noopener\">Zapisnik 14. seje sveta zavoda<\/a><\/div>\n\n\n\n<div class=\"wp-block-file\"><a id=\"wp-block-file--media-cbedf64e-3f57-49fd-a91f-06bf50170aaa\" href=\"https:\/\/vrtecsemedela.si\/wp-content\/uploads\/2026\/03\/zapisnik-15-korespondenzne-seje.pdf\" target=\"_blank\" rel=\"noreferrer noopener\">Zapisnik 15. koresponden\u010dne seje sveta zavoda<\/a><\/div>\n\n\n\n<div class=\"wp-block-file\"><a id=\"wp-block-file--media-c304f6ca-8307-49e8-93f0-589f15123894\" href=\"https:\/\/vrtecsemedela.si\/wp-content\/uploads\/2026\/03\/zapisnik-16-seje-sveta-zavoda.pdf\" target=\"_blank\" rel=\"noreferrer noopener\">Zapisnik 16. seje sveta zavoda<\/a><\/div>\n\n\n\n<p><\/p>\n","protected":false},"excerpt":{"rendered":"<p>Svet zavoda Vrtca Semedela v skladu z Zakon o organizaciji in financiranju vzgoje in izobra\u017eevanja (Uradni list RS, \u0161t. 16\/07 \u2013 uradno pre\u010di\u0161\u010deno besedilo, 36\/08, 58\/09, 64\/09 \u2013 popr., 65\/09 \u2013 popr., 20\/11, 40\/12 \u2013 ZUJF, 57\/12 \u2013 ZPCP-2D, 47\/15, 46\/16, 49\/16 \u2013 popr., 25\/17 \u2013 ZVaj, 123\/21, 172\/21, 207\/21, 105\/22 \u2013 ZZN\u0160PP in 141\/22) &hellip; <\/p>\n<p class=\"link-more\"><a href=\"https:\/\/vrtecsemedela.si\/index.php\/svet-zavoda\/\" class=\"more-link\">Continue reading<span class=\"screen-reader-text\"> &#8220;Svet zavoda&#8221;<\/span><\/a><\/p>\n","protected":false},"author":1,"featured_media":0,"parent":0,"menu_order":0,"comment_status":"closed","ping_status":"closed","template":"","meta":{"footnotes":""},"class_list":["post-439","page","type-page","status-publish","hentry"],"_links":{"self":[{"href":"https:\/\/vrtecsemedela.si\/index.php\/wp-json\/wp\/v2\/pages\/439","targetHints":{"allow":["GET"]}}],"collection":[{"href":"https:\/\/vrtecsemedela.si\/index.php\/wp-json\/wp\/v2\/pages"}],"about":[{"href":"https:\/\/vrtecsemedela.si\/index.php\/wp-json\/wp\/v2\/types\/page"}],"author":[{"embeddable":true,"href":"https:\/\/vrtecsemedela.si\/index.php\/wp-json\/wp\/v2\/users\/1"}],"replies":[{"embeddable":true,"href":"https:\/\/vrtecsemedela.si\/index.php\/wp-json\/wp\/v2\/comments?post=439"}],"version-history":[{"count":38,"href":"https:\/\/vrtecsemedela.si\/index.php\/wp-json\/wp\/v2\/pages\/439\/revisions"}],"predecessor-version":[{"id":9353,"href":"https:\/\/vrtecsemedela.si\/index.php\/wp-json\/wp\/v2\/pages\/439\/revisions\/9353"}],"wp:attachment":[{"href":"https:\/\/vrtecsemedela.si\/index.php\/wp-json\/wp\/v2\/media?parent=439"}],"curies":[{"name":"wp","href":"https:\/\/api.w.org\/{rel}","templated":true}]}}