{"id":434,"date":"2022-12-04T22:24:58","date_gmt":"2022-12-04T21:24:58","guid":{"rendered":"http:\/\/429.ablak.arnes.si\/?page_id=434"},"modified":"2024-05-21T18:26:12","modified_gmt":"2024-05-21T16:26:12","slug":"poslovni-cas","status":"publish","type":"page","link":"https:\/\/vrtecsemedela.si\/index.php\/poslovni-cas\/","title":{"rendered":"Poslovalni \u010das"},"content":{"rendered":"\n<div class=\"wp-block-columns is-layout-flex wp-container-core-columns-is-layout-9d6595d7 wp-block-columns-is-layout-flex\">\n<div class=\"wp-block-column is-layout-flow wp-block-column-is-layout-flow\" style=\"flex-basis:66.66%\">\n<p>Vrtec posluje vsak delavnik, od ponedeljka do petka od 6.00 do 16.30, razen med dr\u017eavnimi prazniki in ob dela prostih dnevih v Republiki Sloveniji.<\/p>\n\n\n\n<p>\u010cas odpiranja in zapiranja se po enotah lahko spreminja znotraj poslovalnega \u010dasa, upo\u0161tevaje potrebe ve\u010dine star\u0161ev ter racionalno organizacijo \u017eivljenja in dela v enoti. V vrtcu zdru\u017eujemo ve\u010d oddelkov otrok na za\u010detku in koncu poslovalnega \u010dasa ter ob pojavu izjemnih okoli\u0161\u010din. V skladu z <em>Letnim delovnim na\u010drtom<\/em> lahko vrtec v poletnih mesecih, v \u010dasu \u0161olskih po\u010ditnic in med dalj\u0161imi prazniki &#8211; &#8220;mostovi&#8221; zdru\u017euje oddelke. Prav tako lahko za dolo\u010deno obdobje zapre posamezno enoto, \u010de zagotovi vklju\u010ditev otrok, ki v tem \u010dasu potrebujejo vrtec, v drugo enoto vrtca z njihovim strokovnim osebjem.<\/p>\n<\/div>\n\n\n\n<div class=\"wp-block-column is-layout-flow wp-block-column-is-layout-flow\" style=\"flex-basis:33.33%\">\n<figure class=\"wp-block-image size-full is-resized\"><img loading=\"lazy\" decoding=\"async\" src=\"https:\/\/vrtecsemedela.si\/wp-content\/uploads\/2023\/01\/326716712_575243031149434_9001424791747658288_n-1.jpg\" alt=\"\" class=\"wp-image-1804\" width=\"355\" height=\"267\" srcset=\"https:\/\/vrtecsemedela.si\/wp-content\/uploads\/2023\/01\/326716712_575243031149434_9001424791747658288_n-1.jpg 548w, https:\/\/vrtecsemedela.si\/wp-content\/uploads\/2023\/01\/326716712_575243031149434_9001424791747658288_n-1-300x225.jpg 300w\" sizes=\"auto, (max-width: 355px) 100vw, 355px\" \/><\/figure>\n<\/div>\n<\/div>\n","protected":false},"excerpt":{"rendered":"<p>Vrtec posluje vsak delavnik, od ponedeljka do petka od 6.00 do 16.30, razen med dr\u017eavnimi prazniki in ob dela prostih dnevih v Republiki Sloveniji. \u010cas odpiranja in zapiranja se po enotah lahko spreminja znotraj poslovalnega \u010dasa, upo\u0161tevaje potrebe ve\u010dine star\u0161ev ter racionalno organizacijo \u017eivljenja in dela v enoti. V vrtcu zdru\u017eujemo ve\u010d oddelkov otrok na &hellip; <\/p>\n<p class=\"link-more\"><a href=\"https:\/\/vrtecsemedela.si\/index.php\/poslovni-cas\/\" class=\"more-link\">Continue reading<span class=\"screen-reader-text\"> &#8220;Poslovalni \u010das&#8221;<\/span><\/a><\/p>\n","protected":false},"author":1,"featured_media":0,"parent":0,"menu_order":0,"comment_status":"closed","ping_status":"closed","template":"","meta":{"footnotes":""},"class_list":["post-434","page","type-page","status-publish","hentry"],"_links":{"self":[{"href":"https:\/\/vrtecsemedela.si\/index.php\/wp-json\/wp\/v2\/pages\/434","targetHints":{"allow":["GET"]}}],"collection":[{"href":"https:\/\/vrtecsemedela.si\/index.php\/wp-json\/wp\/v2\/pages"}],"about":[{"href":"https:\/\/vrtecsemedela.si\/index.php\/wp-json\/wp\/v2\/types\/page"}],"author":[{"embeddable":true,"href":"https:\/\/vrtecsemedela.si\/index.php\/wp-json\/wp\/v2\/users\/1"}],"replies":[{"embeddable":true,"href":"https:\/\/vrtecsemedela.si\/index.php\/wp-json\/wp\/v2\/comments?post=434"}],"version-history":[{"count":8,"href":"https:\/\/vrtecsemedela.si\/index.php\/wp-json\/wp\/v2\/pages\/434\/revisions"}],"predecessor-version":[{"id":5683,"href":"https:\/\/vrtecsemedela.si\/index.php\/wp-json\/wp\/v2\/pages\/434\/revisions\/5683"}],"wp:attachment":[{"href":"https:\/\/vrtecsemedela.si\/index.php\/wp-json\/wp\/v2\/media?parent=434"}],"curies":[{"name":"wp","href":"https:\/\/api.w.org\/{rel}","templated":true}]}}