{"id":429,"date":"2022-11-22T13:43:51","date_gmt":"2022-11-22T12:43:51","guid":{"rendered":"http:\/\/429.ablak.arnes.si\/?page_id=429"},"modified":"2024-05-21T18:06:55","modified_gmt":"2024-05-21T16:06:55","slug":"o-nas","status":"publish","type":"page","link":"https:\/\/vrtecsemedela.si\/index.php\/o-nas\/","title":{"rendered":"O nas"},"content":{"rendered":"\n<div class=\"wp-block-columns is-layout-flex wp-container-core-columns-is-layout-9d6595d7 wp-block-columns-is-layout-flex\">\n<div class=\"wp-block-column is-layout-flow wp-block-column-is-layout-flow\" style=\"flex-basis:66.66%\">\n<p><strong>Javni vzgojno &#8211; izobra\u017eevalni zavod Vrtec Semedela<\/strong><\/p>\n\n\n\n<p><strong>Ente pubblico di istruzione ed educazione<br>Vrtec Semedela<\/strong><\/p>\n\n\n\n<p>Nova ulica 2b<br>6000 Koper &#8211; Capodistria<\/p>\n\n\n\n<p><\/p>\n\n\n\n<p><\/p>\n\n\n\n<p class=\"has-vivid-cyan-blue-color has-text-color\"><strong>Identifikacijska \u0161tevilka: 53006933,&nbsp;Mati\u010dna \u0161tevilka 5050987000<\/strong><\/p>\n<\/div>\n\n\n\n<div class=\"wp-block-column is-layout-flow wp-block-column-is-layout-flow\" style=\"flex-basis:33.33%\">\n<div class=\"wp-block-buttons is-layout-flex wp-block-buttons-is-layout-flex\">\n<div class=\"wp-block-button\"><a class=\"wp-block-button__link has-vivid-cyan-blue-background-color has-background wp-element-button\" href=\"https:\/\/vrtecsemedela.si\/index.php\/kontakti\/\" target=\"_blank\" rel=\"noreferrer noopener\">KONTAKTI<\/a><\/div>\n\n\n\n<div class=\"wp-block-button\"><a class=\"wp-block-button__link has-vivid-cyan-blue-background-color has-background wp-element-button\" href=\"https:\/\/vrtecsemedela.si\/index.php\/contact\/\" target=\"_blank\" rel=\"noreferrer noopener\">PI\u0160ITE NAM<\/a><\/div>\n<\/div>\n\n\n\n<figure class=\"wp-block-image size-full is-resized\"><img loading=\"lazy\" decoding=\"async\" src=\"https:\/\/vrtecsemedela.si\/wp-content\/uploads\/2023\/01\/barcica-2.jpg\" alt=\"\" class=\"wp-image-1163\" width=\"263\" height=\"198\" srcset=\"https:\/\/vrtecsemedela.si\/wp-content\/uploads\/2023\/01\/barcica-2.jpg 500w, https:\/\/vrtecsemedela.si\/wp-content\/uploads\/2023\/01\/barcica-2-300x225.jpg 300w\" sizes=\"auto, (max-width: 263px) 100vw, 263px\" \/><\/figure>\n<\/div>\n<\/div>\n\n\n\n<p><strong><em>Spo\u0161tovani star\u0161i, dobrodo\u0161li v na\u0161em  vrtcu!<\/em><\/strong><\/p>\n\n\n\n<p>Va\u0161ega otroka ste nam zaupali v vzgojo, izobra\u017eevanje in varstvo zato vas vabimo, da se &#8220;sprehodite&#8221; po spletnih straneh vrtca, kjer lahko pokukate kaj vse se v vrtcu dogaja&#8230;<\/p>\n\n\n\n<p>Pri na\u010drtovanju dela stremimo k celostnemu in uravnote\u017eenemu razvoju otrok, zagotavljanju pestre ponudbe vsebin, metod in oblik dela z otroki. Skrbimo za zadovoljevanje otrokovih potreb. Razvijamo njegove posebne potenciale in s tem pozitivno samovrednotenje. Veliko pozornosti posve\u010damo oblikovanju spodbudnega u\u010dnega okolja v vrtcu in spodbujanju socialno-\u010dustvene klime.<\/p>\n\n\n\n<p>V pred\u0161olskem obdobju, ko otroci intenzivno spoznavajo svet, predvsem svet \u010dustev, \u017eelimo&nbsp; z dobrim zgledom, ljubeznijo, razumevanjem in spo\u0161tovanjem ustvariti pogoje, kjer bodo otroci preko medosebnih interakcij za\u010dutili pomen \u010dlove\u0161kih odnosov. Ob prepoznavanju otrokovih potreb otroke vzgajamo, u\u010dimo, varujemo in pripravljamo na samostojno \u017eivljenje.<\/p>\n\n\n\n<p>Trudimo se zagotoviti pogoje, v katerih bodo otroci v interakciji z vrstniki in odraslimi pre\u017eiveli igrivo in aktivno otro\u0161tvo. Skupaj s star\u0161i postavljamo temelje, ki nam omogo\u010dajo, da bodo otroci zrasli v zrele, odgovorne in ustvarjalne osebe. Smo okolje, kjer spo\u0161tujemo sebe in drug drugega.&nbsp;<\/p>\n\n\n\n<p>\u017delimo si, da bi bilo vsako odra\u0161\u010danje edinstveno, igrivo, iskrivo in nepozabno. <\/p>\n\n\n\n<p>\u017delimo vam prijetne, razigrane dneve v Vrtcu Semedela.<\/p>\n","protected":false},"excerpt":{"rendered":"<p>Javni vzgojno &#8211; izobra\u017eevalni zavod Vrtec Semedela Ente pubblico di istruzione ed educazioneVrtec Semedela Nova ulica 2b6000 Koper &#8211; Capodistria Identifikacijska \u0161tevilka: 53006933,&nbsp;Mati\u010dna \u0161tevilka 5050987000 Spo\u0161tovani star\u0161i, dobrodo\u0161li v na\u0161em vrtcu! Va\u0161ega otroka ste nam zaupali v vzgojo, izobra\u017eevanje in varstvo zato vas vabimo, da se &#8220;sprehodite&#8221; po spletnih straneh vrtca, kjer lahko pokukate kaj &hellip; <\/p>\n<p class=\"link-more\"><a href=\"https:\/\/vrtecsemedela.si\/index.php\/o-nas\/\" class=\"more-link\">Continue reading<span class=\"screen-reader-text\"> &#8220;O nas&#8221;<\/span><\/a><\/p>\n","protected":false},"author":1,"featured_media":525,"parent":0,"menu_order":0,"comment_status":"closed","ping_status":"closed","template":"","meta":{"footnotes":""},"class_list":["post-429","page","type-page","status-publish","has-post-thumbnail","hentry"],"_links":{"self":[{"href":"https:\/\/vrtecsemedela.si\/index.php\/wp-json\/wp\/v2\/pages\/429","targetHints":{"allow":["GET"]}}],"collection":[{"href":"https:\/\/vrtecsemedela.si\/index.php\/wp-json\/wp\/v2\/pages"}],"about":[{"href":"https:\/\/vrtecsemedela.si\/index.php\/wp-json\/wp\/v2\/types\/page"}],"author":[{"embeddable":true,"href":"https:\/\/vrtecsemedela.si\/index.php\/wp-json\/wp\/v2\/users\/1"}],"replies":[{"embeddable":true,"href":"https:\/\/vrtecsemedela.si\/index.php\/wp-json\/wp\/v2\/comments?post=429"}],"version-history":[{"count":26,"href":"https:\/\/vrtecsemedela.si\/index.php\/wp-json\/wp\/v2\/pages\/429\/revisions"}],"predecessor-version":[{"id":5675,"href":"https:\/\/vrtecsemedela.si\/index.php\/wp-json\/wp\/v2\/pages\/429\/revisions\/5675"}],"wp:featuredmedia":[{"embeddable":true,"href":"https:\/\/vrtecsemedela.si\/index.php\/wp-json\/wp\/v2\/media\/525"}],"wp:attachment":[{"href":"https:\/\/vrtecsemedela.si\/index.php\/wp-json\/wp\/v2\/media?parent=429"}],"curies":[{"name":"wp","href":"https:\/\/api.w.org\/{rel}","templated":true}]}}