{"id":338,"date":"2022-11-02T20:56:28","date_gmt":"2022-11-02T19:56:28","guid":{"rendered":"http:\/\/429.ablak.arnes.si\/?page_id=338"},"modified":"2026-03-20T11:39:12","modified_gmt":"2026-03-20T10:39:12","slug":"dokumenti","status":"publish","type":"page","link":"https:\/\/vrtecsemedela.si\/index.php\/dokumenti\/","title":{"rendered":"Dokumenti"},"content":{"rendered":"\n<div class=\"wp-block-columns is-layout-flex wp-container-core-columns-is-layout-9d6595d7 wp-block-columns-is-layout-flex\">\n<div class=\"wp-block-column is-layout-flow wp-block-column-is-layout-flow\" style=\"flex-basis:66.66%\">\n<div class=\"wp-block-file\"><a id=\"wp-block-file--media-ff417144-c702-4bf4-8502-98e3fe596155\" href=\"https:\/\/vrtecsemedela.si\/wp-content\/uploads\/2025\/10\/LETNI-DELOVNI-NACRT-VRTCA-SEMEDELA-solsko-leto-2025-2026-predlog.pdf\" target=\"_blank\" rel=\"noreferrer noopener\">Letni delovni na\u010drt Vrtca Semedela za \u0161olsko leto 2025\/2026<\/a><\/div>\n\n\n\n<div class=\"wp-block-file\"><a id=\"wp-block-file--media-d3834bf6-8346-4d3d-ab96-d6b0a243b466\" href=\"https:\/\/vrtecsemedela.si\/wp-content\/uploads\/2025\/10\/Porocila-o-realizaciji-LDN-Vrtca-Semedela-za-solsko-leto-2024-2025-predlog.pdf\" target=\"_blank\" rel=\"noreferrer noopener\">Poro\u010dilo o realizaciji LDN Vrtca Semedela za \u0161olsko leto 2024\/2025<\/a><\/div>\n\n\n\n<div class=\"wp-block-file\"><a id=\"wp-block-file--media-8624ef48-8303-4122-8712-6783b38487ec\" href=\"https:\/\/vrtecsemedela.si\/wp-content\/uploads\/2024\/10\/LETNI-DELOVNI-NACRT-VRTCA-SEMEDELA-solsko-leto-2024-2025-predlog.pdf\" target=\"_blank\" rel=\"noreferrer noopener\">Letni delovni na\u010drt Vrtca Semedela za \u0161olsko leto 2024\/2025<\/a><\/div>\n\n\n\n<div class=\"wp-block-file\"><a id=\"wp-block-file--media-45ac510d-15e4-4d9e-a3c7-b8cc52b3a8f3\" href=\"https:\/\/vrtecsemedela.si\/wp-content\/uploads\/2024\/10\/Porocila-o-realizaciji-LDN-Vrtca-Semedela-za-solsko-leto-2023-2024-predlog.pdf\" target=\"_blank\" rel=\"noreferrer noopener\">Poro\u010dilo o realizaciji LDN Vrtca Semedela za \u0161olsko leto 2023\/2024<\/a><\/div>\n\n\n\n<div class=\"wp-block-file\"><a id=\"wp-block-file--media-6726db19-d59d-471c-a18a-9c52eeba1e19\" href=\"https:\/\/vrtecsemedela.si\/wp-content\/uploads\/2023\/09\/LETNI-DELOVNI-NACRT-VRTCA-SEMEDELA-solsko-leto-2023-2024-predlog.pdf\" target=\"_blank\" rel=\"noreferrer noopener\">Letni delovni na\u010drt Vrtca Semedela za \u0161olsko leto 2023\/24<\/a><\/div>\n\n\n\n<div class=\"wp-block-file\"><a id=\"wp-block-file--media-a0fb4085-0daa-4415-9087-1820897c0873\" href=\"https:\/\/vrtecsemedela.si\/wp-content\/uploads\/2023\/07\/Informacije-prijava-krsitev-in-zascita-prijaviteljev-po-ZZPri.pdf\" target=\"_blank\" rel=\"noreferrer noopener\">Informacije o na\u010dinu uporabe notranjih poti za prijavo kr\u0161itev in za\u0161\u010dito prijavitelja po Zakonu o za\u0161\u010diti prijaviteljev<\/a><\/div>\n<\/div>\n\n\n\n<div class=\"wp-block-column is-layout-flow wp-block-column-is-layout-flow\" style=\"flex-basis:33.33%\">\n<figure class=\"wp-block-image size-full\"><img loading=\"lazy\" decoding=\"async\" width=\"500\" height=\"667\" src=\"https:\/\/vrtecsemedela.si\/wp-content\/uploads\/2023\/01\/dokumenti.jpg\" alt=\"\" class=\"wp-image-1175\" srcset=\"https:\/\/vrtecsemedela.si\/wp-content\/uploads\/2023\/01\/dokumenti.jpg 500w, https:\/\/vrtecsemedela.si\/wp-content\/uploads\/2023\/01\/dokumenti-225x300.jpg 225w\" sizes=\"auto, (max-width: 500px) 100vw, 500px\" \/><\/figure>\n<\/div>\n<\/div>\n","protected":false},"excerpt":{"rendered":"","protected":false},"author":1,"featured_media":0,"parent":0,"menu_order":0,"comment_status":"closed","ping_status":"closed","template":"","meta":{"footnotes":""},"class_list":["post-338","page","type-page","status-publish","hentry"],"_links":{"self":[{"href":"https:\/\/vrtecsemedela.si\/index.php\/wp-json\/wp\/v2\/pages\/338","targetHints":{"allow":["GET"]}}],"collection":[{"href":"https:\/\/vrtecsemedela.si\/index.php\/wp-json\/wp\/v2\/pages"}],"about":[{"href":"https:\/\/vrtecsemedela.si\/index.php\/wp-json\/wp\/v2\/types\/page"}],"author":[{"embeddable":true,"href":"https:\/\/vrtecsemedela.si\/index.php\/wp-json\/wp\/v2\/users\/1"}],"replies":[{"embeddable":true,"href":"https:\/\/vrtecsemedela.si\/index.php\/wp-json\/wp\/v2\/comments?post=338"}],"version-history":[{"count":47,"href":"https:\/\/vrtecsemedela.si\/index.php\/wp-json\/wp\/v2\/pages\/338\/revisions"}],"predecessor-version":[{"id":9360,"href":"https:\/\/vrtecsemedela.si\/index.php\/wp-json\/wp\/v2\/pages\/338\/revisions\/9360"}],"wp:attachment":[{"href":"https:\/\/vrtecsemedela.si\/index.php\/wp-json\/wp\/v2\/media?parent=338"}],"curies":[{"name":"wp","href":"https:\/\/api.w.org\/{rel}","templated":true}]}}