{"id":334,"date":"2022-11-02T20:49:28","date_gmt":"2022-11-02T19:49:28","guid":{"rendered":"http:\/\/429.ablak.arnes.si\/?page_id=334"},"modified":"2026-03-20T11:42:53","modified_gmt":"2026-03-20T10:42:53","slug":"kijz","status":"publish","type":"page","link":"https:\/\/vrtecsemedela.si\/index.php\/kijz\/","title":{"rendered":"KATALOG INFORMACIJ JAVNEGA ZNA\u010cAJA"},"content":{"rendered":"\n<p><strong>KATALOG INFORMACIJ JAVNEGA ZNA\u010cAJA<\/strong><\/p>\n\n\n\n<p><strong>VRTCA SEMEDELA<\/strong><\/p>\n\n\n\n<p><mark style=\"background-color:rgba(0, 0, 0, 0)\" class=\"has-inline-color has-vivid-cyan-blue-color\"><strong>1. OSNOVNI PODATKI<\/strong><\/mark><\/p>\n\n\n\n<p><strong>Naziv organa in kontaktni podatki: <\/strong>Javni vzgojno-izobra\u017eevalni zavod Vrtec Semedela, Nova ulica 2b, 6000 Koper<\/p>\n\n\n\n<p><strong>Skraj\u0161ana oblika: <\/strong>Vrtec Semedela, Nova ulica 2b, 6000 Koper<\/p>\n\n\n\n<p><strong>Odgovorna uradna oseba: <\/strong>Tja\u0161a Rapotec, ravnateljica<\/p>\n\n\n\n<p><strong>Datum prve izdaje kataloga:&nbsp; <\/strong>1. 4. 2004<\/p>\n\n\n\n<p><strong>Datum zadnje spremembe: <\/strong>25. 10. 2023<strong><\/strong><\/p>\n\n\n\n<p><strong>Katalog je dostopen na spletnem naslovu: <\/strong>www.vrtecsemedela.si<\/p>\n\n\n\n<p><strong>Druga oblika kataloga: <\/strong>Je v tiskani obliki dostopen na upravi vrtca vsak dan med 8. in 12 uro (po predhodni najavi).<\/p>\n\n\n\n<p><strong>Kontaktna uradna oseba: <\/strong>Tja\u0161a Rapotec, ravnateljica<\/p>\n\n\n\n<p><strong>V njeni odsotnosti: <\/strong>Metka Baruca, pomo\u010dnica ravnateljice; Anita Hrvatin, pomo\u010dnica ravnateljice<\/p>\n\n\n\n<p><mark style=\"background-color:rgba(0, 0, 0, 0)\" class=\"has-inline-color has-vivid-cyan-blue-color\"><strong>2. SPLO\u0160NI PODATKI O ORGANU IN INFORMACIJAH JAVNEGA ZNA\u010cAJA S KATERIMI RAZPOLAGA<\/strong><\/mark><\/p>\n\n\n\n<p>Vrtec Semedela je bil ustanovljen z odlokom \u0161t. KO153-2\/98, dne 8. 5. 1998 kot pravni naslednik Vrtca&nbsp; Semedela &#8211; Koper,&nbsp; Asilo Semedella &#8211; Capodistria, ki je bil ustanovljen leta 1961, pod imenom Varstveno vzgojna ustanova.<\/p>\n\n\n\n<p><strong><em>a) Dejavnost javnega zavoda zajema<\/em><\/strong><\/p>\n\n\n\n<p>Osnovna dejavnost Vrtca Semedela se \u0161teje kot javna slu\u017eba, ki se izvaja v javnem interesu.<\/p>\n\n\n\n<p>Vrtec Semedela je javni zavod, ki izvaja pred\u0161olsko dejavnost na podlagi veljavnega programa\u00a0<a href=\"https:\/\/www.gov.si\/assets\/ministrstva\/MVI\/Dokumenti\/Sektor-za-predsolsko-vzgojo\/Programi\/Kurikulum-za-vrtce_1.-9.-2025.pdf\" target=\"_blank\" rel=\"noreferrer noopener\">Kurikulum za vrtce<\/a>, v skladu s temeljnimi cilji in nalogami pred\u0161olske vzgoje v vrtcih, ki so opredeljeni v Zakonu o vrtcih.<\/p>\n\n\n\n<p><strong>Organi vrtca so:<\/strong><\/p>\n\n\n\n<ul class=\"wp-block-list\">\n<li>Svet zavoda Vrtca Semedela,<\/li>\n\n\n\n<li>Ravnatelj,<\/li>\n\n\n\n<li>Svet star\u0161ev in<\/li>\n\n\n\n<li>Strokovni organi: vzgojiteljski zbor in strokovni aktivi.<\/li>\n<\/ul>\n\n\n\n<p><strong><em>b)&nbsp;&nbsp;&nbsp;&nbsp;&nbsp; Seznam enot vrtca<\/em><\/strong><\/p>\n\n\n\n<ul class=\"wp-block-list\">\n<li>Enota Slavnik, Nova ulica 2b, Koper, 6000<\/li>\n\n\n\n<li>Enota Markovec, Pot v gaj 1, Koper, 6000<\/li>\n\n\n\n<li>Enota Rozmanova, Velu\u0161\u010dkova 6, Koper, 6000<\/li>\n\n\n\n<li>Enota Prisoje, Olj\u010dna pot 63, Koper, 6000<\/li>\n\n\n\n<li>Enota Hrvatini, Hrvatini 137\/a, Ankaran, 6280<\/li>\n<\/ul>\n\n\n\n<p><strong><em>c) &nbsp;&nbsp;&nbsp;&nbsp; Organigram in podatki o organizaciji zavoda<\/em><\/strong><em><\/em><\/p>\n\n\n\n<p>Organigram Vrtca je v pripravi.<\/p>\n\n\n\n<p><strong><em>d)&nbsp;&nbsp;&nbsp;&nbsp;&nbsp; Seznam glavnih predpisov z delovnega podro\u010dja zavoda<\/em><\/strong><\/p>\n\n\n\n<p><strong><em>Dr\u017eavni register predpisov, ki veljajo za podro\u010dje delovanja zavoda<\/em><\/strong><\/p>\n\n\n\n<p><a href=\"https:\/\/www.gov.si\/drzavni-organi\/ministrstva\/ministrstvo-za-vzgojo-in-izobrazevanje\/o-ministrstvu\/direktorat-za-predsolsko-vzgojo-in-osnovno-solstvo\/\" data-type=\"URL\" data-id=\"https:\/\/www.gov.si\/drzavni-organi\/ministrstva\/ministrstvo-za-vzgojo-in-izobrazevanje\/o-ministrstvu\/direktorat-za-predsolsko-vzgojo-in-osnovno-solstvo\/\" target=\"_blank\" rel=\"noreferrer noopener\">Direktorat za pred\u0161olsko vzgojo in osnovno \u0161olstvo<\/a><\/p>\n\n\n\n<p><a rel=\"noreferrer noopener\" href=\"https:\/\/www.gov.si\/drzavni-organi\/ministrstva\/ministrstvo-za-vzgojo-in-izobrazevanje\/zakonodaja\/\" data-type=\"URL\" data-id=\"https:\/\/www.gov.si\/drzavni-organi\/ministrstva\/ministrstvo-za-vzgojo-in-izobrazevanje\/zakonodaja\/\" target=\"_blank\">Zakonodaja Ministrstva za vzgojo in izobra\u017eevanje<\/a><\/p>\n\n\n\n<p><strong><em>Zakoni in podzakonski akti s podro\u010dja pred\u0161olske vzgoje<\/em><\/strong><\/p>\n\n\n\n<p><a href=\"https:\/\/pisrs.si\/pregledPredpisa?id=ZAKO447\" data-type=\"URL\" data-id=\"https:\/\/pisrs.si\/pregledPredpisa?id=ZAKO447\" target=\"_blank\" rel=\"noreferrer noopener\">Zakon o vrtcih<\/a><\/p>\n\n\n\n<p><a href=\"https:\/\/pisrs.si\/pregledPredpisa?id=ZAKO5124\" data-type=\"URL\" data-id=\"https:\/\/pisrs.si\/pregledPredpisa?id=ZAKO5124\" target=\"_blank\" rel=\"noreferrer noopener\">Zakon o organizaciji in financiranju vzgoje in izobra\u017eevanja<\/a><\/p>\n\n\n\n<p><a rel=\"noreferrer noopener\" href=\"https:\/\/www.varuh-rs.si\/fileadmin\/user_upload\/PRAVNE_PODLAGE\/Mednarodne_konvencije_-_OZN\/Konvencija_o_otrokovih_pravicah\/A_-_Konvencija_o_otrokovih_pravicah.pdf\" data-type=\"URL\" data-id=\"https:\/\/www.varuh-rs.si\/fileadmin\/user_upload\/PRAVNE_PODLAGE\/Mednarodne_konvencije_-_OZN\/Konvencija_o_otrokovih_pravicah\/A_-_Konvencija_o_otrokovih_pravicah.pdf\" target=\"_blank\">Konvencija o otrokovih pravicah<\/a><\/p>\n\n\n\n<p><a href=\"https:\/\/pisrs.si\/pregledPredpisa?id=ZAKO2057\" data-type=\"URL\" data-id=\"https:\/\/pisrs.si\/pregledPredpisa?id=ZAKO2057\" target=\"_blank\" rel=\"noreferrer noopener\">Zakon o ratifikaciji evropske konvencije o uresni\u010devanju otrokovih pravic<\/a><\/p>\n\n\n\n<p><a href=\"https:\/\/pisrs.si\/pregledPredpisa?id=PRAV3140\" data-type=\"URL\" data-id=\"https:\/\/pisrs.si\/pregledPredpisa?id=PRAV3140\" target=\"_blank\" rel=\"noreferrer noopener\">Pravilnik o normativih in minimalnih tehni\u010dnih pogojih&nbsp; za prostor in opremo vrtca<\/a><\/p>\n\n\n\n<p><a href=\"https:\/\/pisrs.si\/pregledPredpisa?id=PRAV7890\" data-type=\"URL\" data-id=\"https:\/\/pisrs.si\/pregledPredpisa?id=PRAV7890\" target=\"_blank\" rel=\"noreferrer noopener\">Pravilnik o pla\u010dilih star\u0161ev<\/a><\/p>\n\n\n\n<p><a href=\"https:\/\/pisrs.si\/pregledPredpisa?id=PRAV12026\" data-type=\"URL\" data-id=\"https:\/\/pisrs.si\/pregledPredpisa?id=PRAV12026\" target=\"_blank\" rel=\"noreferrer noopener\">Pravilnik o normativih za opravljanje dejavnosti pred\u0161olske vzgoje<\/a><\/p>\n\n\n\n<p>ter splo\u0161ni akti javnega zavoda.<\/p>\n\n\n\n<p><strong><em>Dr\u017eavni predpisi:<\/em><\/strong><\/p>\n\n\n\n<p>Pravno \u2013 informacijski sistem RS \u2013 <a rel=\"noreferrer noopener\" href=\"http:\/\/gov.si\/\" target=\"_blank\">http:\/\/gov.si<\/a>&nbsp;in &nbsp;<a rel=\"noreferrer noopener\" href=\"https:\/\/pisrs.si\/\" data-type=\"URL\" data-id=\"https:\/\/pisrs.si\/\" target=\"_blank\">http:\/\/pisrs.si<\/a><\/p>\n\n\n\n<p>Predpisi EU, evropski register predpisov &#8211; <a href=\"https:\/\/eur-lex.europa.eu\/\" target=\"_blank\" rel=\"noreferrer noopener\">https:\/\/eur-lex.europa.eu\/<\/a><\/p>\n\n\n\n<p><\/p>\n\n\n\n<p><strong><em>e)&nbsp;&nbsp;&nbsp;&nbsp;&nbsp; Seznam predlogov predpisov<\/em><\/strong><\/p>\n\n\n\n<p><a rel=\"noreferrer noopener\" href=\"https:\/\/e-uprava.gov.si\/drzava-in-druzba\/e-demokracija\/predlogi-predpisov.html#eyJmaWx0ZXJzIjp7ImNvbW1lbnQiOlsiLSJdLCJ0eXBlIjpbIi0iXSwic3RhdHVzIjpbIi0iXSwiY2F0IjpbIi0iXSwicmlqcyI6WyItMSJdLCJvZmZzZXQiOlsiMCJdLCJzZW50aW5lbF90eXBlIjpbIm9rIl0sInNlbnRpbmVsX3N0YXR1cyI6WyJvayJdLCJpc19hamF4IjpbIjEiXX19\" data-type=\"URL\" data-id=\"https:\/\/e-uprava.gov.si\/drzava-in-druzba\/e-demokracija\/predlogi-predpisov.html#eyJmaWx0ZXJzIjp7ImNvbW1lbnQiOlsiLSJdLCJ0eXBlIjpbIi0iXSwic3RhdHVzIjpbIi0iXSwiY2F0IjpbIi0iXSwicmlqcyI6WyItMSJdLCJvZmZzZXQiOlsiMCJdLCJzZW50aW5lbF90eXBlIjpbIm9rIl0sInNlbnRpbmVsX3N0YXR1cyI6WyJvayJdLCJpc19hamF4IjpbIjEiXX19\" target=\"_blank\">Predpisi v pripravi s podro\u010dja vzgoje in izobra\u017eevanja ter delovnopravne zakonodaje<\/a><strong> <\/strong><\/p>\n\n\n\n<p><\/p>\n\n\n\n<p><strong><em>f)&nbsp;&nbsp;&nbsp;&nbsp;&nbsp;&nbsp; Seznam sprejetih in predlaganih programov, strategij, stali\u0161\u010d, mnenj, analiz in drugih podobnih programov<\/em><\/strong><\/p>\n\n\n\n<p><strong><em>Letni delovni na\u010drt<\/em><\/strong><\/p>\n\n\n\n<p><a href=\"https:\/\/vrtecsemedela.si\/wp-content\/uploads\/2025\/10\/LETNI-DELOVNI-NACRT-VRTCA-SEMEDELA-solsko-leto-2025-2026-predlog.pdf\" data-type=\"attachment\" data-id=\"7710\" target=\"_blank\" rel=\"noreferrer noopener\">LDN Vrtca Semedela za leto 2025\/2026<\/a><\/p>\n\n\n\n<p><strong><em>Predstavitev vrtca<\/em><\/strong><em><\/em><\/p>\n\n\n\n<p><a href=\"https:\/\/vrtecsemedela.si\/index.php\/publikacija\/\" data-type=\"URL\" data-id=\"https:\/\/vrtecsemedela.si\/index.php\/publikacija\/\" target=\"_blank\" rel=\"noreferrer noopener\">Publikacija Vrtca Semedela 2025\/2026<\/a><\/p>\n\n\n\n<p><strong><em>Letni finan\u010dni na\u010drti<\/em><\/strong><\/p>\n\n\n\n<div class=\"wp-block-file\"><a id=\"wp-block-file--media-3e2813cc-cb2c-487b-86bf-593b3e28415b\" href=\"https:\/\/vrtecsemedela.si\/wp-content\/uploads\/2023\/10\/Financni-nacrt-Vrtca-Smedela-za-leto-2023_pod..pdf\" target=\"_blank\" rel=\"noreferrer noopener\">Finan\u010dni na\u010drt Vrtca Semedela za leto 2023<\/a><\/div>\n\n\n\n<p><strong><em>Letno poro\u010dilo za leto 2022<\/em><\/strong><\/p>\n\n\n\n<div class=\"wp-block-file\"><a id=\"wp-block-file--media-908d2eba-85a6-46b2-a705-da506d1f7907\" href=\"https:\/\/vrtecsemedela.si\/wp-content\/uploads\/2023\/10\/Letno-porocilo-2022-Vrtec-Semedela-podpis.pdf\" target=\"_blank\" rel=\"noreferrer noopener\">Letno poro\u010dilo 2022 Vrtca Semedela za leto 2022<\/a><\/div>\n\n\n\n<p><strong><em>Poro\u010dilo o realizaciji LDN Vrtca Semedela za leto 2022\/2023<\/em><\/strong><\/p>\n\n\n\n<p><a href=\"https:\/\/vrtecsemedela.si\/wp-content\/uploads\/2025\/10\/Porocila-o-realizaciji-LDN-Vrtca-Semedela-za-solsko-leto-2024-2025-predlog.pdf\" data-type=\"attachment\" data-id=\"7709\" target=\"_blank\" rel=\"noreferrer noopener\">Poro\u010dilo o realizaciji LDN Vrtca Semedela za leto 2024\/2025<\/a><\/p>\n\n\n\n<p><strong><em>g)&nbsp;&nbsp;&nbsp;&nbsp;&nbsp; Objava razpisne dokumentacije v skladu s predpisi, ki urejajo javne razpise\/naro\u010dila<\/em><\/strong><\/p>\n\n\n\n<p>Obvestila v zvezi z javnim naro\u010danjem so objavljena na <a href=\"https:\/\/www.enarocanje.si\/\" data-type=\"URL\" data-id=\"https:\/\/www.enarocanje.si\/\" target=\"_blank\" rel=\"noreferrer noopener\">portalu javnih naro\u010dil<\/a>.<\/p>\n\n\n\n<p><strong><em>h)&nbsp;&nbsp;&nbsp;&nbsp;&nbsp; Katalog vrst upravnih, sodnih ali zakonodajnih postopkov oziroma drugih uradnih ali javnih storitev, ki jih organ vodi oziroma zagotavlja svojim uporabnikom<\/em><\/strong><\/p>\n\n\n\n<p><strong><em>Postopki, ki jih zavod vodi:<\/em><\/strong><em><\/em><\/p>\n\n\n\n<ul class=\"wp-block-list\">\n<li>vpis otrok,<\/li>\n\n\n\n<li>odlo\u010danje o ugovoru na seznam sprejetih otrok v vrtec ali na \u010dakalni seznam<\/li>\n\n\n\n<li>dolo\u010ditev subvencije za zni\u017eano pla\u010dilo vrtca<\/li>\n\n\n\n<li>imenovanje in razre\u0161itev ravnatelja vrtca ali vr\u0161ilca dol\u017enosti ravnatelja,<\/li>\n\n\n\n<li>&nbsp;dolo\u010ditev vi\u0161ine dela pla\u010de za delovno uspe\u0161nost ravnatelja<\/li>\n\n\n\n<li>imenovanje in razre\u0161evanje \u010dlanov sveta vrtca,<\/li>\n\n\n\n<li>oblikovanje sveta star\u0161ev,<\/li>\n\n\n\n<li>sklepanje delovnih razmerij,<\/li>\n\n\n\n<li>Napredovanje delavcev v pla\u010dilne razrede,<\/li>\n\n\n\n<li>Napredovanje strokovnih delavcev v nazive,<\/li>\n\n\n\n<li>Sprejem Letnega delovnega na\u010drta,<\/li>\n\n\n\n<li>Sprejem Poro\u010dila o realizacij LDN,<\/li>\n\n\n\n<li>Sprejem Finan\u010dnega na\u010drta.<strong><\/strong><\/li>\n<\/ul>\n\n\n\n<p><strong><em>i)&nbsp;&nbsp;&nbsp;&nbsp;&nbsp; Seznam evidenc, ki jih upravlja zavod<\/em><\/strong><\/p>\n\n\n\n<p>1. Evidenca vpisanih in vklju\u010denih otrok (evidenca dostopna na upravi)<br>Zakonska podlaga: 44. \u010dlen&nbsp;Zakona o vrtcih<\/p>\n\n\n\n<p>2. Evidenca pla\u010dil star\u0161ev (evidenca ni javno dostopna)<br>Zakonska podlaga: 45. \u010dlen&nbsp;Zakona o vrtcih<\/p>\n\n\n\n<p>3. Evidenca otrok, ki potrebujejo svetovanje oz. pomo\u010d (evidenca ni javno dostopna)<br>Zakonska podlaga: 46. \u010dlen&nbsp;Zakona o vrtcih<\/p>\n\n\n\n<p>4.&nbsp;Evidenca upravi\u010dencev do sofinanciranja pla\u010dil star\u0161ev iz dr\u017eavnega prora\u010duna (evidenca ni javno dostopna)<br>Zakonska podlaga: 46.a \u010dlen&nbsp;Zakona o vrtcih<\/p>\n\n\n\n<p>5.&nbsp;\u0160tevilo zagotovljenih mest <br>Zakonska podlaga: 20. \u010dlen&nbsp;Zakona o vrtcih<\/p>\n\n\n\n<p>Opis in pogoji dostopa do evidence: Ministrstvo za \u0161olstvo in \u0161port je na podlagi 20.d \u010dlena Zakona o spremembah in dopolnitvah Zakona o vrtcih (ZVrt-D) vzpostavilo informacijsko to\u010dko o stanju kapacitet v vrtcih na celotnem obmo\u010dju dr\u017eave. Evidenca je javno dostopna &#8211;&nbsp;<a href=\"http:\/\/www.uradni-list.si\/1\/content?id=99740\" target=\"_blank\" rel=\"noreferrer noopener\">Pravilnik o posredovanju podatkov o stanju kapacitet v vrtcih<\/a><\/p>\n\n\n\n<p>6.&nbsp;\u0160tevilo prostih mest v vrtcu (evidenca dostopna na upravi in spletni strani vrtca)<br>Zakonska podlaga: 20. \u010dlen&nbsp;Zakona o vrtcih<\/p>\n\n\n\n<p>7.&nbsp;Evidenca o dejanski zasedenosti delovnih mest (evidenca dostopna na upravi)<br>Zakonska podlaga: 21. \u010dlen&nbsp;<a href=\"https:\/\/pisrs.si\/pregledPredpisa?id=ZAKO3177\" data-type=\"URL\" data-id=\"https:\/\/pisrs.si\/pregledPredpisa?id=ZAKO3177\" target=\"_blank\" rel=\"noreferrer noopener\">Zakona o javnih uslu\u017ebencih<\/a><\/p>\n\n\n\n<p>8. Evidenca o strukturi javnih uslu\u017ebencev po nazivih (evidenca dostopna na upravi)<\/p>\n\n\n\n<p>Zakonska podlaga: 21. \u010dlen&nbsp;<a href=\"https:\/\/pisrs.si\/pregledPredpisa?id=ZAKO3177\" data-type=\"URL\" data-id=\"https:\/\/pisrs.si\/pregledPredpisa?id=ZAKO3177\" target=\"_blank\" rel=\"noreferrer noopener\">Zakona o javnih uslu\u017ebencih<\/a><\/p>\n\n\n\n<p><mark style=\"background-color:rgba(0, 0, 0, 0)\" class=\"has-inline-color has-vivid-cyan-blue-color\"><strong>3. OPIS DOSTOPA DO INFORMACIJ JAVNEGA ZNA\u010cAJA<\/strong><\/mark><\/p>\n\n\n\n<p>Informacije javnega zna\u010daja so prosto dostopne pravnim in fizi\u010dnim osebam, ki imajo pravico na zahtevo pridobiti informacije javnega zna\u010daja tko, da informacijo pridobijo na vpogled ali kot prepis, ali kot fotokopijo ali elektronski zapis (5. \u010dlen Zakona o dostopu do informacij javnega zna\u010daja; ZDIJZ). Organ lahko pravnim in fizi\u010dnim osebam zavrne dostop do zahtevane informacije, \u010de gre za izjemo, ki jo opredeljuje 6. \u010dlen ZDIJZ .<\/p>\n\n\n\n<p>Zahteva se naslovi osebno ali po telefonu na kontaktno uradno osebo, ob delovnikih v \u010dasu uradnih ur ali pisno na naslov vrtca.<\/p>\n\n\n\n<p>Vrtec zagotavlja dostop do informacij javnega zna\u010daja na sede\u017eu vrtca, na spletni strani vrtca <a href=\"http:\/\/www.vrtecsemedela.si\" target=\"_blank\" rel=\"noreferrer noopener\">www.vrtecsemedela.si<\/a> in spletni strani Mestne ob\u010dine Koper; <a href=\"http:\/\/www.koper.si\" target=\"_blank\" rel=\"noreferrer noopener\">www.koper.si<\/a>.<\/p>\n\n\n\n<p><mark style=\"background-color:rgba(0, 0, 0, 0)\" class=\"has-inline-color has-vivid-cyan-blue-color\"><strong>4. STRO\u0160KOVNIK<\/strong><\/mark><\/p>\n\n\n\n<p>Vpogled v zahtevano informacijo javnega zna\u010daja je brezpla\u010den. Zara\u010dunamo vam lahko materialne stro\u0161ke, ki nastanejo pri posredovanju informacij javnega zna\u010daja (prepis, fotokopija, elektronski zapis) na podlagi 19. \u010dlena Uredbe o posredovanju in ponovni uporabi informacij javnega zna\u010daja (Ur. I. RS \u0161t. 76\/05).<\/p>\n\n\n\n<p><mark style=\"background-color:rgba(0, 0, 0, 0)\" class=\"has-inline-color has-vivid-cyan-blue-color\"><strong>5. MOREBITNI STRO\u0160KOVNIK ZA PONOVNO UPORABO, CENIK IN DRUGI POGOJI ZA PONOVNO UPORABO INFORMACIJ JAVNEGA ZNA\u010cAJA<\/strong><\/mark><\/p>\n\n\n\n<p>Zavod nima stro\u0161kovnika.<\/p>\n\n\n\n<p><mark style=\"background-color:rgba(0, 0, 0, 0)\" class=\"has-inline-color has-vivid-cyan-blue-color\"><strong>6. SEZNAM NAJPOGOSTEJE ZAHTEVANIH INFORMACIJ JAVNEGA ZNA\u010cAJA, VKLJU\u010cNO Z ZBIRKAMI PODATKOV<\/strong><\/mark><\/p>\n\n\n\n<ul class=\"wp-block-list\">\n<li>Informacije o vpisu otrok in mo\u017enostih za sprejem otrok v vrtec,<\/li>\n\n\n\n<li>ekonomska cena programa vrtca,<\/li>\n\n\n\n<li>poslovni \u010das vrtca,<\/li>\n\n\n\n<li>mo\u017enost opravljanja pedago\u0161ke prakse dijakov in \u0161tudentov,<\/li>\n\n\n\n<li>informacije o mo\u017enosti zaposlitve,<\/li>\n\n\n\n<li>informacije o vklju\u010devanju otrok s posebnimi potrebami.<\/li>\n<\/ul>\n\n\n\n<p><strong>Opombe:<\/strong><\/p>\n\n\n\n<p>Organ zagotavlja, da so informacije javnega zna\u010daja, ki jih posreduje v svetovni splet, dostopne tudi osebam s posebnimi potrebami.<\/p>\n\n\n\n<p>Tja\u0161a Rapotec,<\/p>\n\n\n\n<p>ravnateljica Vrtca Semedela<\/p>\n\n\n\n<p><\/p>\n","protected":false},"excerpt":{"rendered":"<p>KATALOG INFORMACIJ JAVNEGA ZNA\u010cAJA VRTCA SEMEDELA 1. OSNOVNI PODATKI Naziv organa in kontaktni podatki: Javni vzgojno-izobra\u017eevalni zavod Vrtec Semedela, Nova ulica 2b, 6000 Koper Skraj\u0161ana oblika: Vrtec Semedela, Nova ulica 2b, 6000 Koper Odgovorna uradna oseba: Tja\u0161a Rapotec, ravnateljica Datum prve izdaje kataloga:&nbsp; 1. 4. 2004 Datum zadnje spremembe: 25. 10. 2023 Katalog je dostopen &hellip; <\/p>\n<p class=\"link-more\"><a href=\"https:\/\/vrtecsemedela.si\/index.php\/kijz\/\" class=\"more-link\">Continue reading<span class=\"screen-reader-text\"> &#8220;KATALOG INFORMACIJ JAVNEGA ZNA\u010cAJA&#8221;<\/span><\/a><\/p>\n","protected":false},"author":1,"featured_media":0,"parent":0,"menu_order":0,"comment_status":"closed","ping_status":"closed","template":"","meta":{"footnotes":""},"class_list":["post-334","page","type-page","status-publish","hentry"],"_links":{"self":[{"href":"https:\/\/vrtecsemedela.si\/index.php\/wp-json\/wp\/v2\/pages\/334","targetHints":{"allow":["GET"]}}],"collection":[{"href":"https:\/\/vrtecsemedela.si\/index.php\/wp-json\/wp\/v2\/pages"}],"about":[{"href":"https:\/\/vrtecsemedela.si\/index.php\/wp-json\/wp\/v2\/types\/page"}],"author":[{"embeddable":true,"href":"https:\/\/vrtecsemedela.si\/index.php\/wp-json\/wp\/v2\/users\/1"}],"replies":[{"embeddable":true,"href":"https:\/\/vrtecsemedela.si\/index.php\/wp-json\/wp\/v2\/comments?post=334"}],"version-history":[{"count":33,"href":"https:\/\/vrtecsemedela.si\/index.php\/wp-json\/wp\/v2\/pages\/334\/revisions"}],"predecessor-version":[{"id":9361,"href":"https:\/\/vrtecsemedela.si\/index.php\/wp-json\/wp\/v2\/pages\/334\/revisions\/9361"}],"wp:attachment":[{"href":"https:\/\/vrtecsemedela.si\/index.php\/wp-json\/wp\/v2\/media?parent=334"}],"curies":[{"name":"wp","href":"https:\/\/api.w.org\/{rel}","templated":true}]}}