{"id":205,"date":"2022-10-27T23:03:25","date_gmt":"2022-10-27T22:03:25","guid":{"rendered":"http:\/\/429.ablak.arnes.si\/?page_id=205"},"modified":"2023-01-23T18:47:13","modified_gmt":"2023-01-23T17:47:13","slug":"enote","status":"publish","type":"page","link":"https:\/\/vrtecsemedela.si\/index.php\/enote\/","title":{"rendered":"Enote"},"content":{"rendered":"\n<p><strong><div class=\"row all-services\">\n            <div class=\"our_services_outer col-md-6 col-sm-6\">\n              <div class=\"services_inner\">\n                <div class=\"row hover_border\">\n                  <div class=\"col-md-3 pra-img-box\">\n                     <a href=\"https:\/\/vrtecsemedela.si\/index.php\/services\/great-facilities-12\/\"><img decoding=\"async\" src=\"https:\/\/vrtecsemedela.si\/wp-content\/uploads\/2022\/10\/e_hrvatini-1.jpg\" class=\"pra-img\"><\/a>\n                  <\/div>\n                  <div class=\"col-md-9\">\n                    <h4 class=\"mt-0 pra-title\"> <a href=\"https:\/\/vrtecsemedela.si\/index.php\/services\/great-facilities-12\/\">HRVATINI<\/a>\n                    <\/h4>\n                    <div class=\"short_text\">Hrvatini 137a, 6280 Ankaran in v prostorih O\u0160 dr. Ale\u0161 Beblar Primo\u017e, Hrvatini 05 651 33 00 041 50 51 57 051 35 39 06<\/div>\n                  <\/div>\n                <\/div>\n              <\/div>\n            <\/div>\n            <div class=\"our_services_outer col-md-6 col-sm-6\">\n              <div class=\"services_inner\">\n                <div class=\"row hover_border\">\n                  <div class=\"col-md-3 pra-img-box\">\n                     <a href=\"https:\/\/vrtecsemedela.si\/index.php\/services\/markovec\/\"><img decoding=\"async\" src=\"https:\/\/vrtecsemedela.si\/wp-content\/uploads\/2022\/10\/e_markovec.jpg\" class=\"pra-img\"><\/a>\n                  <\/div>\n                  <div class=\"col-md-9\">\n                    <h4 class=\"mt-0 pra-title\"> <a href=\"https:\/\/vrtecsemedela.si\/index.php\/services\/markovec\/\">MARKOVEC<\/a>\n                    <\/h4>\n                    <div class=\"short_text\">Pot v gaj 1, 6000 Koper I. trakt 05 614 50 00 II. trakt 05 614 50 01 III. trakt 05 614 50 02<\/div>\n                  <\/div>\n                <\/div>\n              <\/div>\n            <\/div><div class=\"clearfix\"><\/div>\n            <div class=\"our_services_outer col-md-6 col-sm-6\">\n              <div class=\"services_inner\">\n                <div class=\"row hover_border\">\n                  <div class=\"col-md-3 pra-img-box\">\n                     <a href=\"https:\/\/vrtecsemedela.si\/index.php\/services\/great-facilities-10\/\"><img decoding=\"async\" src=\"https:\/\/vrtecsemedela.si\/wp-content\/uploads\/2022\/10\/e_prisoje.jpg\" class=\"pra-img\"><\/a>\n                  <\/div>\n                  <div class=\"col-md-9\">\n                    <h4 class=\"mt-0 pra-title\"> <a href=\"https:\/\/vrtecsemedela.si\/index.php\/services\/great-facilities-10\/\">PRISOJE<\/a>\n                    <\/h4>\n                    <div class=\"short_text\">Olj\u010dna pot 63, 6000 Koper 05 625 81 81 05 625 81 85 05 625 81 86<\/div>\n                  <\/div>\n                <\/div>\n              <\/div>\n            <\/div>\n            <div class=\"our_services_outer col-md-6 col-sm-6\">\n              <div class=\"services_inner\">\n                <div class=\"row hover_border\">\n                  <div class=\"col-md-3 pra-img-box\">\n                     <a href=\"https:\/\/vrtecsemedela.si\/index.php\/services\/great-facilities-9\/\"><img decoding=\"async\" src=\"https:\/\/vrtecsemedela.si\/wp-content\/uploads\/2022\/10\/e_rozmanova.jpg\" class=\"pra-img\"><\/a>\n                  <\/div>\n                  <div class=\"col-md-9\">\n                    <h4 class=\"mt-0 pra-title\"> <a href=\"https:\/\/vrtecsemedela.si\/index.php\/services\/great-facilities-9\/\">ROZMANOVA<\/a>\n                    <\/h4>\n                    <div class=\"short_text\">Velu\u0161\u010dkova 6, 6000 Koper I. trakt 05 627 62 71 II. trakt 05 627 62 70<\/div>\n                  <\/div>\n                <\/div>\n              <\/div>\n            <\/div><div class=\"clearfix\"><\/div>\n            <div class=\"our_services_outer col-md-6 col-sm-6\">\n              <div class=\"services_inner\">\n                <div class=\"row hover_border\">\n                  <div class=\"col-md-3 pra-img-box\">\n                     <a href=\"https:\/\/vrtecsemedela.si\/index.php\/services\/great-facilities-8\/\"><img decoding=\"async\" src=\"https:\/\/vrtecsemedela.si\/wp-content\/uploads\/2022\/10\/e_slavnik1.jpg\" class=\"pra-img\"><\/a>\n                  <\/div>\n                  <div class=\"col-md-9\">\n                    <h4 class=\"mt-0 pra-title\"> <a href=\"https:\/\/vrtecsemedela.si\/index.php\/services\/great-facilities-8\/\">SLAVNIK<\/a>\n                    <\/h4>\n                    <div class=\"short_text\">Nova ulica 2b, 6000 Koper 05 614 50 21 05 614 50 22 05 614 50 23<\/div>\n                  <\/div>\n                <\/div>\n              <\/div>\n            <\/div><\/strong><\/p>\n","protected":false},"excerpt":{"rendered":"","protected":false},"author":1,"featured_media":0,"parent":0,"menu_order":0,"comment_status":"closed","ping_status":"closed","template":"","meta":{"footnotes":""},"class_list":["post-205","page","type-page","status-publish","hentry"],"_links":{"self":[{"href":"https:\/\/vrtecsemedela.si\/index.php\/wp-json\/wp\/v2\/pages\/205","targetHints":{"allow":["GET"]}}],"collection":[{"href":"https:\/\/vrtecsemedela.si\/index.php\/wp-json\/wp\/v2\/pages"}],"about":[{"href":"https:\/\/vrtecsemedela.si\/index.php\/wp-json\/wp\/v2\/types\/page"}],"author":[{"embeddable":true,"href":"https:\/\/vrtecsemedela.si\/index.php\/wp-json\/wp\/v2\/users\/1"}],"replies":[{"embeddable":true,"href":"https:\/\/vrtecsemedela.si\/index.php\/wp-json\/wp\/v2\/comments?post=205"}],"version-history":[{"count":13,"href":"https:\/\/vrtecsemedela.si\/index.php\/wp-json\/wp\/v2\/pages\/205\/revisions"}],"predecessor-version":[{"id":1481,"href":"https:\/\/vrtecsemedela.si\/index.php\/wp-json\/wp\/v2\/pages\/205\/revisions\/1481"}],"wp:attachment":[{"href":"https:\/\/vrtecsemedela.si\/index.php\/wp-json\/wp\/v2\/media?parent=205"}],"curies":[{"name":"wp","href":"https:\/\/api.w.org\/{rel}","templated":true}]}}