{"id":1887,"date":"2023-01-26T10:59:48","date_gmt":"2023-01-26T09:59:48","guid":{"rendered":"http:\/\/429.ablak.arnes.si\/?page_id=1887"},"modified":"2026-04-14T06:11:48","modified_gmt":"2026-04-14T04:11:48","slug":"vpis-v-vrtec","status":"publish","type":"page","link":"https:\/\/vrtecsemedela.si\/index.php\/vpis-v-vrtec\/","title":{"rendered":"Postopek vpisa v vrtec"},"content":{"rendered":"\n<p><\/p>\n\n\n\n<h5 class=\"wp-block-heading\">Vpis v vrtec &#8211; oddaja vloge<\/h5>\n\n\n\n<p>Postopek vpisa in sprejema otrok ureja <strong>Pravilnik o sprejemu otrok v vrtec<\/strong>&nbsp;(v nadaljevanju: pravilnik), v katerem je<strong> <\/strong>podrobneje dolo\u010den postopek vpisa in sprejema otrok, sestava in na\u010din dela komisije ter kriteriji za sprejem otrok v vse javne vrtce, katerih ustanoviteljica ali soustanoviteljica je Mestna ob\u010dina Koper. S pravilnikom je bil uveden enoten vpis otrok v vse javne vrtce <strong>Mestne ob\u010dine Koper <\/strong>in vzpostavitev centralne evidence vpisanih otrok v te vrtce.<\/p>\n\n\n\n<p>V vrtcu&nbsp;<strong>vpisujemo in sprejemamo otroke v programe, na podlagi prijav in prostih mest vse leto. <\/strong>Vrtec lahko sprejme otroka, ko je&nbsp;<strong>dopolnil starost najmanj 11 mesecev<\/strong>, \u010de star\u0161i ne uveljavljajo ve\u010d pravice do star\u0161evske\u00adga dopusta v obliki polne odsotnosti z dela.<\/p>\n\n\n\n<p>Star\u0161i ali skrbnik otroka (v nadaljevanju: star\u0161i) vpi\u0161ejo otroka v vrtec tako, da<strong>&nbsp;<\/strong>na predpisanem obrazcu <strong>oddajo vlogo za vpis otroka&nbsp;<\/strong>v vrtec.&nbsp;Vlogo lahko vlo\u017eijo za teko\u010de ali prihajajo\u010de \u0161olsko leto, pri \u010demer se vloge za prihajajo\u010de \u0161olsko leto obravnavajo skupaj z vlogami, ki tega leta prispejo na podlagi javnega poziva. &nbsp;<\/p>\n\n\n\n<p>Star\u0161i <strong>oddajo le eno vlogo za posameznega otro\u00adka<\/strong>.&nbsp;V njej navedejo enoto vrtca, v katero \u017eelijo vklju\u010diti otroka in vlogo oddajo v ta vrtec. V vlogi lahko navedejo tudi druge enote\/vrtce in\/ali izberejo tudi mo\u017enost \u00bbvsi vrtci MOK\u00ab, v primeru, da otrok ne bi bil sprejet v vrtec prve izbire in niti v vrtce drugih izbir.<\/p>\n\n\n\n<p>Star\u0161i ali skrbnik otroka lahko vlogo:<\/p>\n\n\n\n<ul class=\"wp-block-list\">\n<li>oddajo elektronsko kot <a href=\"https:\/\/e-uprava.gov.si\/si\/podrocja\/drzava-druzba\/storitve-obcin\/vpis-v-javne-vrtce-mestne-obcine-koper.html\" data-type=\"URL\" data-id=\"https:\/\/e-uprava.gov.si\/si\/podrocja\/drzava-druzba\/storitve-obcin\/vpis-v-javne-vrtce-mestne-obcine-koper.html\" target=\"_blank\" rel=\"noreferrer noopener\">e-vlogo preko portala e-uprava<\/a> ali<\/li>\n\n\n\n<li>natisnejo obrazec <a href=\"https:\/\/vrtecsemedela.si\/wp-content\/uploads\/2024\/11\/Vloga-za-sprejem-otroka-v-vrtec-2024-25.pdf\" data-type=\"URL\" data-id=\"https:\/\/vrtecsemedela.si\/wp-content\/uploads\/2024\/11\/Vloga-za-sprejem-otroka-v-vrtec-2024-25.pdf\" target=\"_blank\" rel=\"noreferrer noopener\">vloge v pdf obliki<\/a> in jo izpolnjeno po\u0161ljejo po po\u0161ti oz. oddajo osebno na upravi vrtca.<\/li>\n<\/ul>\n\n\n\n<h5 class=\"wp-block-heading\"><strong>Obravnava vloge in postopek sprejema otrok v vrtec<\/strong><\/h5>\n\n\n\n<p>\u010ce je v vrtcu dovolj prostih mest, odlo\u010da o sprejemu otrok ravnatelj posameznega vrtca. \u010ce je v vrtec vpisanih&nbsp;<strong>ve\u010d otrok kot je prostih mest<\/strong>, odlo\u010da o sprejemu skladno s pravilnikom komisija za sprejem otrok. Komisija obravnava vloge za sprejem otrok po zaklju\u010dku javnega vpisa novincev, v dolo\u010denih primerih pa lahko odlo\u010da tudi med \u0161olskim letom.<\/p>\n\n\n\n<p>Komisija izmed vpisanih otrok&nbsp;<strong>najprej obravnava otroke s posebnimi potrebami<\/strong>, za katere so vlagatelji predlo\u017eili odlo\u010dbo o usmeritvi, in&nbsp;<strong>otroke, za katere so vlagatelji predlo\u017eili mnenje centra za socialno delo o ogro\u017eenosti<\/strong>&nbsp;zaradi socialnega polo\u00ad\u017eaja dru\u017eine. Mnenje o ogro\u017eenosti otroka zaradi socialnega polo\u017eaja dru\u017eine vsebuje navedbe, da je dru\u017eina v skladu s predpisi, ki urejajo socialno varnost oziroma polo\u017eaj dru\u017eine, obravnavana kot socialno ogro\u017eena dru\u017eina s strani centra za socialno delo, kar je razvidno iz uradnih evidenc, ki jih vodijo centri za socialno delo.&nbsp;<strong>Otroci so prednostno sprejeti<\/strong>.<\/p>\n\n\n\n<p>Za preostale vpisane otroke komisija dolo\u010di na&nbsp;<strong>podlagi kri\u00adterijev prednostni vrstni red&nbsp;<\/strong>tako, da razvrsti vse vpisane otroke po dose\u017eenem \u0161tevilu to\u010dk, od najvi\u0161jega do najni\u017ejega \u0161tevila. Otroci se vklju\u010dujejo v enote vrtca s prednostnega vrstnega reda glede na starost, prosto mesto v posameznem oddelku in glede na program vrtca, ki se izvaja v oddelku.<\/p>\n\n\n\n<p>Vrtec v osmih dneh po seji komisije&nbsp;izda <strong>prednostni vr\u00adstni red,<\/strong>&nbsp;iz katerega izhaja<strong>&nbsp;seznam sprejetih otrok in \u010dakalni seznam. <\/strong>\u010cakalni seznam posameznega vrtca velja do oblikovanja centralnega \u010dakalnega seznama in je objavljen na oglasni deski in spletni strani vrtca. O uvrstitvi na seznam sprejetih otrok ali \u010dakalni seznam vrtca vrtec obvesti star\u0161e, ki imajo skladno s pravilnikom mo\u017enost ugovora.<\/p>\n\n\n\n<p>Ko je v vrtcu odlo\u010deno o vseh ugovorih star\u0161ev zoper obvestilo o prednostnem vrstnem redu otrok, vrtec star\u0161em otrok, ki so sprejeti v vrtec, po\u0161lje poziv k sklenitvi pogodbe o medsebojnih pravicah in obveznostih med vrtcem in star\u0161i. V pozivu vrtec izrecno navede, da se \u0161teje, da so star\u0161i umaknili vlogo za vpis otroka v vrtec, \u010de v petih delovnih dneh od vro\u010ditve poziva ne podpi\u0161ejo pogodbe z vrtcem. <\/p>\n\n\n\n<h5 class=\"wp-block-heading\"><strong>Oblikovanje centralnega \u010dakalnega seznama<\/strong><\/h5>\n\n\n\n<p>Po kon\u010danem postopku sprejema otrok v vseh vrtcih prve izbire, se v informacijskem sistemu Mestne ob\u010dine Koper, \u010dakalne sezname otrok posameznih vrtcev zdru\u017ei v&nbsp;<strong>centralni \u010dakalni seznam<\/strong>, tako da se prednostni vrstni red oblikuje po dose\u017eenem \u0161tevilu to\u010dk, ki ga je dolo\u010dila komisija za sprejem otrok v posameznem vrtcu.<\/p>\n\n\n\n<p><strong>Centralni \u010dakalni seznam velja&nbsp;<\/strong>do zadnjega dne \u0161olskega leta, za katerega je bil oblikovan, in se <strong>se objavi<\/strong>&nbsp;na oglasnih deskah v vseh vrtcih&nbsp;in na njihovih spletnih straneh ter na spletni strani Mestne ob\u010dine Koper.<\/p>\n\n\n\n<p>Vrtec, ki ima po kon\u010danem postopku sprejema otrok novo prosto mesto za sprejem otroka v enoto vrtca, star\u0161e pozove k podpisu pogodbe, glede na datum \u017eelene vklju\u010ditve, po prednostnem vrstnem redu s centralne\u00adga \u010dakalnega seznama, \u010de so star\u0161i ta vrtec navedli kot eno od izbir. Pri tem vrtec upo\u0161teva protokol dolo\u010den v pravilniku.<\/p>\n\n\n\n<p><strong>Star\u0161i otroka so dol\u017eni&nbsp;<\/strong>v roku 5 delovnih dni od dneva vro\u010ditve poziva k sklenitvi pogodbe podpisati pogodbo, v nasprotnem primeru vrtec otroka vrne nazaj na centralni \u010dakalni seznam in pozove k sklenitvi pogodbe star\u0161e naslednjega otroka po vrstnem redu iz centralnega \u010dakalnega seznama.<\/p>\n\n\n\n<p>\u010ce star\u0161i otroka s centralnega \u010dakalnega seznama po pozivu k podpisu pogodbe o vklju\u010ditvi otroka v vrtec, odklonijo sprejem otroka v enoto vrtca oziroma ne podpi\u0161ejo pogodbe z vrtcem v roku iz prej\u0161njega odstavka, se ne \u0161teje, da so umaknili vlogo. Otrok ostane na centralnem \u010dakalnem seznamu do vklju\u010ditve v vrtec oziroma do zadnjega dne \u0161olskega leta, za katerega je bil oblikovan centralni \u010dakalni seznam. V primeru treh zaporednih odklonitev ponujenega prostega mesta se otrok uvrsti na zadnje mesto \u010dakalnega seznama. Enota, ki so jo star\u0161i odklonili, jim do konca \u0161olskega leta, za katerega velja centralni \u010dakalni seznam, ne bo ve\u010d ponujena v sprejem.<\/p>\n\n\n\n<p>Dokler velja centralni \u010dakalni seznam, vrtci ne smejo sprejemati otrok, ki niso uvr\u0161\u010deni na centralni \u010dakalni seznam, razen otrok s posebnimi potrebami, za katere so vlagatelji predlo\u017eili odlo\u010dbo o usmeritvi, in otrok, za katere so vlagatelji predlo\u017eili mnenje centra za socialno delo o ogro\u017eenosti zaradi socialnega polo\u017eaja dru\u017eine ali \u010de star\u0161i vseh otrok, ki so na centralnem \u010dakalnem seznamu, odklonijo sprejem otroka v vrtec oziroma ne podpi\u0161ejo pogodbe o vklju\u010ditvi otroka v vrtec v roku 5 delovnih dni od dneva vro\u010ditve poziva k sklenitvi pogodbe.<\/p>\n\n\n\n<p>Otrok se izbri\u0161e iz centralnega \u010dakalnega seznama samo, \u010de&nbsp;<strong>vlagatelj vlogo umakne<\/strong>. S tem je postopek zaklju\u010den.<\/p>\n\n\n\n<div class=\"wp-block-file\"><a id=\"wp-block-file--media-b28e9352-e3ed-4cc8-b7f7-94fb5e13de9f\" href=\"https:\/\/vrtecsemedela.si\/wp-content\/uploads\/2026\/04\/Cakalni-seznam-2026.pdf\" target=\"_blank\" rel=\"noreferrer noopener\">\u010cakalni seznam za naknadni sprejem otrok v vrtec &#8211; 2026<\/a><\/div>\n\n\n\n<div class=\"wp-block-file\"><a id=\"wp-block-file--media-25125629-a489-4416-9f6e-f5552acf1411\" href=\"https:\/\/vrtecsemedela.si\/wp-content\/uploads\/2025\/04\/cakalni-seznam-za-naknadni-sprejem-otrok-v-vrtec.pdf\" target=\"_blank\" rel=\"noreferrer noopener\">\u010cakalni seznam za naknadni sprejem otrok v vrtec &#8211; 2025<\/a><\/div>\n\n\n\n<h5 class=\"wp-block-heading\"><strong>Podpis pogodbe o medsebojnih pravicah in obveznostih med star\u0161i in vrtcem<\/strong><\/h5>\n\n\n\n<p><strong>Vrtec star\u0161e pisno obvesti o<\/strong>&nbsp;roku za sklenitev Pogodbe o medsebojnih pravicah in obveznostih med vrtcem in star\u0161i, o datumu vklju\u010ditve otroka v vrtec in o obveznostih star\u0161ev. S podpisom pogodbe med vrtcem in star\u0161i se \u0161teje, da je otrok vklju\u010den v vrtec.<\/p>\n\n\n\n<p>Star\u0161i morajo pred vklju\u010ditvijo otroka v vrtec predlo\u017eiti&nbsp;<strong>potrdilo pediatra&nbsp;<\/strong>o&nbsp; zdravstvenem stanju otroka in njegovih posebnostih.<\/p>\n\n\n\n<p>Vabimo vas, da pred vklju\u010ditvijo otroka preberete tudi objavo <a href=\"https:\/\/vrtecsemedela.si\/index.php\/uvajanje-otroka-v-vrtec\/\" data-type=\"URL\" data-id=\"https:\/\/vrtecsemedela.si\/index.php\/uvajanje-otroka-v-vrtec\/\" target=\"_blank\" rel=\"noreferrer noopener\">Uvajanje v vrtec<\/a>. <\/p>\n\n\n\n<figure class=\"wp-block-image size-large\"><img loading=\"lazy\" decoding=\"async\" width=\"1024\" height=\"768\" src=\"https:\/\/vrtecsemedela.si\/wp-content\/uploads\/2023\/01\/vrtec-4-1-1024x768.jpeg\" alt=\"\" class=\"wp-image-2364\" srcset=\"https:\/\/vrtecsemedela.si\/wp-content\/uploads\/2023\/01\/vrtec-4-1-1024x768.jpeg 1024w, https:\/\/vrtecsemedela.si\/wp-content\/uploads\/2023\/01\/vrtec-4-1-300x225.jpeg 300w, https:\/\/vrtecsemedela.si\/wp-content\/uploads\/2023\/01\/vrtec-4-1-768x576.jpeg 768w, https:\/\/vrtecsemedela.si\/wp-content\/uploads\/2023\/01\/vrtec-4-1-1536x1152.jpeg 1536w, https:\/\/vrtecsemedela.si\/wp-content\/uploads\/2023\/01\/vrtec-4-1-2048x1536.jpeg 2048w\" sizes=\"auto, (max-width: 1024px) 100vw, 1024px\" \/><\/figure>\n","protected":false},"excerpt":{"rendered":"<p>Vpis v vrtec &#8211; oddaja vloge Postopek vpisa in sprejema otrok ureja Pravilnik o sprejemu otrok v vrtec&nbsp;(v nadaljevanju: pravilnik), v katerem je podrobneje dolo\u010den postopek vpisa in sprejema otrok, sestava in na\u010din dela komisije ter kriteriji za sprejem otrok v vse javne vrtce, katerih ustanoviteljica ali soustanoviteljica je Mestna ob\u010dina Koper. S pravilnikom je &hellip; <\/p>\n<p class=\"link-more\"><a href=\"https:\/\/vrtecsemedela.si\/index.php\/vpis-v-vrtec\/\" class=\"more-link\">Continue reading<span class=\"screen-reader-text\"> &#8220;Postopek vpisa v vrtec&#8221;<\/span><\/a><\/p>\n","protected":false},"author":11,"featured_media":0,"parent":0,"menu_order":0,"comment_status":"closed","ping_status":"closed","template":"","meta":{"footnotes":""},"class_list":["post-1887","page","type-page","status-publish","hentry"],"_links":{"self":[{"href":"https:\/\/vrtecsemedela.si\/index.php\/wp-json\/wp\/v2\/pages\/1887","targetHints":{"allow":["GET"]}}],"collection":[{"href":"https:\/\/vrtecsemedela.si\/index.php\/wp-json\/wp\/v2\/pages"}],"about":[{"href":"https:\/\/vrtecsemedela.si\/index.php\/wp-json\/wp\/v2\/types\/page"}],"author":[{"embeddable":true,"href":"https:\/\/vrtecsemedela.si\/index.php\/wp-json\/wp\/v2\/users\/11"}],"replies":[{"embeddable":true,"href":"https:\/\/vrtecsemedela.si\/index.php\/wp-json\/wp\/v2\/comments?post=1887"}],"version-history":[{"count":35,"href":"https:\/\/vrtecsemedela.si\/index.php\/wp-json\/wp\/v2\/pages\/1887\/revisions"}],"predecessor-version":[{"id":9578,"href":"https:\/\/vrtecsemedela.si\/index.php\/wp-json\/wp\/v2\/pages\/1887\/revisions\/9578"}],"wp:attachment":[{"href":"https:\/\/vrtecsemedela.si\/index.php\/wp-json\/wp\/v2\/media?parent=1887"}],"curies":[{"name":"wp","href":"https:\/\/api.w.org\/{rel}","templated":true}]}}