{"id":1737,"date":"2023-01-24T01:04:10","date_gmt":"2023-01-24T00:04:10","guid":{"rendered":"http:\/\/429.ablak.arnes.si\/?page_id=1737"},"modified":"2025-08-31T12:14:19","modified_gmt":"2025-08-31T10:14:19","slug":"novice-enote-rozmanova","status":"publish","type":"page","link":"https:\/\/vrtecsemedela.si\/index.php\/novice-enote-rozmanova\/","title":{"rendered":"Novice enote Rozmanova"},"content":{"rendered":"\n<p><\/p>\n\n\n<ul class=\"wp-block-latest-posts__list is-grid columns-3 has-dates wp-block-latest-posts\"><li><a class=\"wp-block-latest-posts__post-title\" href=\"https:\/\/vrtecsemedela.si\/index.php\/februar-v-enoti-rozmanova-2\/\">FEBRUAR V ENOTI ROZMANOVA<\/a><time datetime=\"2026-03-13T12:12:18+01:00\" class=\"wp-block-latest-posts__post-date\">13. marca, 2026<\/time><div class=\"wp-block-latest-posts__post-excerpt\">V na\u0161i enoti je bil pretekli mesec poln raznolikih dejavnosti, ustvarjalnosti, gibanja in veselja. Skupaj smo obele\u017eili pomemben slovenski praznik, se preizkusili v \u0161portnih izzivih, rajali v pustnih maskah ter do\u017eiveli prav poseben obisk. Vsak dan je prinesel nove nasmehe in nepozabne trenutke, ki so \u0161e dodatno obogatili na\u0161 skupni vsakdan. Obele\u017eili smo slovenski kulturni &hellip; <p class=\"link-more\"><a href=\"https:\/\/vrtecsemedela.si\/index.php\/februar-v-enoti-rozmanova-2\/\" class=\"more-link\">Continue reading<span class=\"screen-reader-text\"> &#8220;FEBRUAR V ENOTI ROZMANOVA&#8221;<\/span><\/a><\/p><\/div><\/li>\n<li><a class=\"wp-block-latest-posts__post-title\" href=\"https:\/\/vrtecsemedela.si\/index.php\/januar-v-enoti-rozmanova\/\">JANUAR V ENOTI ROZMANOVA<\/a><time datetime=\"2026-02-13T11:14:30+01:00\" class=\"wp-block-latest-posts__post-date\">13. februarja, 2026<\/time><div class=\"wp-block-latest-posts__post-excerpt\">Po zelo dolgem \u010dasu nas je razveselil sneg. Res ga ni bilo veliko, a ravno dovolj, da je med otroki zanetil veselje in navdu\u0161enje. Sne\u017einke so iz dneva ustvarile prav posebno do\u017eivetje, otroci pa so z rde\u010dimi li\u010dki in navdu\u0161enjem izkoristili vsak trenutek tega redkega zimskega obiska. Zimsko vzdu\u0161je se je najprej preselilo na prosto, &hellip; <p class=\"link-more\"><a href=\"https:\/\/vrtecsemedela.si\/index.php\/januar-v-enoti-rozmanova\/\" class=\"more-link\">Continue reading<span class=\"screen-reader-text\"> &#8220;JANUAR V ENOTI ROZMANOVA&#8221;<\/span><\/a><\/p><\/div><\/li>\n<li><a class=\"wp-block-latest-posts__post-title\" href=\"https:\/\/vrtecsemedela.si\/index.php\/praznicni-december-2\/\">PRAZNI\u010cNI DECEMBER<\/a><time datetime=\"2026-01-12T10:03:10+01:00\" class=\"wp-block-latest-posts__post-date\">12. januarja, 2026<\/time><div class=\"wp-block-latest-posts__post-excerpt\">Mesec december je v vrtcu vedno nekaj posebnega. To je \u010das, ko se vsak koti\u010dek igralnic zasveti v prazni\u010dnih barvah, otro\u0161ka domi\u0161ljija pa dobi \u0161e ve\u010d kril. \u017de prvi dnevi meseca prinesejo val pri\u010dakovanj, iskrivih pogovorov o dobrih mo\u017eeh, okra\u0161evanja in skupnega ustvarjanja. V zraku je \u010dutiti prijetno vznemirjanje, saj otroci vsak dan znova odkrivajo &hellip; <p class=\"link-more\"><a href=\"https:\/\/vrtecsemedela.si\/index.php\/praznicni-december-2\/\" class=\"more-link\">Continue reading<span class=\"screen-reader-text\"> &#8220;PRAZNI\u010cNI DECEMBER&#8221;<\/span><\/a><\/p><\/div><\/li>\n<li><a class=\"wp-block-latest-posts__post-title\" href=\"https:\/\/vrtecsemedela.si\/index.php\/november-v-enoti-rozmanova\/\">NOVEMBER V ENOTI ROZMANOVA<\/a><time datetime=\"2025-12-05T14:11:40+01:00\" class=\"wp-block-latest-posts__post-date\">5. decembra, 2025<\/time><div class=\"wp-block-latest-posts__post-excerpt\">November smo za\u010deli z raziskovanjem jesenske narave v bli\u017enji okolici. Otroci so z vsemi \u010dutili radovedno odkrivali jesenske plodove. Del zbranih plodov smo prinesli tudi v igralnico, kjer so otroci nadaljevali z raziskovanjem in ustvarjanjem. Topli, son\u010dni dnevi so bili kot nala\u0161\u010d za spro\u0161\u010deno gibanje na prostem, opazovanje sprememb v naravi ter do\u017eivljanje jeseni na &hellip; <p class=\"link-more\"><a href=\"https:\/\/vrtecsemedela.si\/index.php\/november-v-enoti-rozmanova\/\" class=\"more-link\">Continue reading<span class=\"screen-reader-text\"> &#8220;NOVEMBER V ENOTI ROZMANOVA&#8221;<\/span><\/a><\/p><\/div><\/li>\n<li><a class=\"wp-block-latest-posts__post-title\" href=\"https:\/\/vrtecsemedela.si\/index.php\/oktober-v-enoti-rozmanova\/\">OKTOBER V ENOTI ROZMANOVA<\/a><time datetime=\"2025-11-14T07:55:54+01:00\" class=\"wp-block-latest-posts__post-date\">14. novembra, 2025<\/time><div class=\"wp-block-latest-posts__post-excerpt\">Mesec oktober je bil v na\u0161i enoti \u017eivahen, razigran in poln jesenskih dogodiv\u0161\u010din. V za\u010detku meseca smo obele\u017eili Teden otroka, ki je letos potekal v znamenju prijaznosti in hvale\u017enosti. Vrhunec tedna je bil Tek prijateljstva na Bonifiki, kjer smo skupaj tekli, se veselili gibanja in u\u017eivali v dru\u017eenju na prostem. V oktobru nas je obiskala &hellip; <p class=\"link-more\"><a href=\"https:\/\/vrtecsemedela.si\/index.php\/oktober-v-enoti-rozmanova\/\" class=\"more-link\">Continue reading<span class=\"screen-reader-text\"> &#8220;OKTOBER V ENOTI ROZMANOVA&#8221;<\/span><\/a><\/p><\/div><\/li>\n<li><a class=\"wp-block-latest-posts__post-title\" href=\"https:\/\/vrtecsemedela.si\/index.php\/teden-otroka-3\/\">TEDEN OTROKA<\/a><time datetime=\"2025-10-27T08:15:48+01:00\" class=\"wp-block-latest-posts__post-date\">27. oktobra, 2025<\/time><div class=\"wp-block-latest-posts__post-excerpt\">V prvem oktobrskem tednu je v vseh na\u0161ih enotah vladalo veselje, smeh in toplina prijaznih besed. Otroci so skozi igro, pogovor, ustvarjanje in gibanje spoznavali, da lahko \u017ee z majhnim dejanjem nekomu polep\u0161amo dan. Skupaj smo raziskovali pomen prijaznosti, hvale\u017enosti in spo\u0161tovanja ter spoznali, da so lepe besede in dejanja tiste, ki nas povezujejo. V &hellip; <p class=\"link-more\"><a href=\"https:\/\/vrtecsemedela.si\/index.php\/teden-otroka-3\/\" class=\"more-link\">Continue reading<span class=\"screen-reader-text\"> &#8220;TEDEN OTROKA&#8221;<\/span><\/a><\/p><\/div><\/li>\n<li><a class=\"wp-block-latest-posts__post-title\" href=\"https:\/\/vrtecsemedela.si\/index.php\/september-v-enoti-rozmanova\/\">SEPTEMBER V ENOTI ROZMANOVA<\/a><time datetime=\"2025-10-01T12:41:40+02:00\" class=\"wp-block-latest-posts__post-date\">1. oktobra, 2025<\/time><div class=\"wp-block-latest-posts__post-excerpt\">Prvi koraki v novo \u0161olsko leto Mesec september je bil v na\u0161i enoti pisan, poln novih do\u017eivetij in prijetnih trenutkov. V za\u010detku meseca smo najve\u010d pozornosti namenili uvajanju otrok, saj je bil za mnoge to njihov prvi korak v vrtec. Skupaj z otroki, star\u0161i in strokovnimi delavkami smo gradili ob\u010dutek varnosti, zaupanja in topline, ki &hellip; <p class=\"link-more\"><a href=\"https:\/\/vrtecsemedela.si\/index.php\/september-v-enoti-rozmanova\/\" class=\"more-link\">Continue reading<span class=\"screen-reader-text\"> &#8220;SEPTEMBER V ENOTI ROZMANOVA&#8221;<\/span><\/a><\/p><\/div><\/li>\n<li><a class=\"wp-block-latest-posts__post-title\" href=\"https:\/\/vrtecsemedela.si\/index.php\/studentke-na-praksi-radovednost-raziskovanje-in-naravoslovje-v-vrtcu\/\">\u0160TUDENTKE NA PRAKSI: RADOVEDNOST, RAZISKOVANJE IN NARAVOSLOVJE V VRTCU<\/a><time datetime=\"2025-05-06T14:25:41+02:00\" class=\"wp-block-latest-posts__post-date\">6. maja, 2025<\/time><div class=\"wp-block-latest-posts__post-excerpt\">V mesecu marcu in aprilu so v okviru \u0161tudijskega predmeta Zgodnje u\u010denje naravoslovja nas obiskale \u0161tudentke pred\u0161olske vzgoje, ki so v sodelovanju z vzgojiteljicami izvedle naravoslovne dejavnosti za otroke druge starostne skupine. Dejavnosti so potekale v igralnicah 6, 7 in 8, kjer so \u0161tudentke otrokom pripravile zanimive in starosti prilagojene naravoslovne dejavnosti. Otroci so z &hellip; <p class=\"link-more\"><a href=\"https:\/\/vrtecsemedela.si\/index.php\/studentke-na-praksi-radovednost-raziskovanje-in-naravoslovje-v-vrtcu\/\" class=\"more-link\">Continue reading<span class=\"screen-reader-text\"> &#8220;\u0160TUDENTKE NA PRAKSI: RADOVEDNOST, RAZISKOVANJE IN NARAVOSLOVJE V VRTCU&#8221;<\/span><\/a><\/p><\/div><\/li>\n<li><a class=\"wp-block-latest-posts__post-title\" href=\"https:\/\/vrtecsemedela.si\/index.php\/dejavnosti-v-mesecu-februar\/\">DEJAVNOSTI V MESECU FEBRUAR<\/a><time datetime=\"2025-03-27T10:58:07+01:00\" class=\"wp-block-latest-posts__post-date\">27. marca, 2025<\/time><div class=\"wp-block-latest-posts__post-excerpt\">Mlaj\u0161i otroci so se prepustili svetu pravljic \u2013 prebirali so Muco Copatarico in se preizkusili v \u0161ivanju copatk, kar je bila \u010dudovita prilo\u017enost za razvoj finomotori\u010dnih spretnosti in ustvarjalnosti. Pri starej\u0161ih skupinah so otroci skozi igro in razli\u010dne dejavnosti razvijajo ve\u0161\u010dine, ki jim bodo pomagale pri prehodu v \u0161olsko okolje. Spoznali so kako poteka sistematski &hellip; <p class=\"link-more\"><a href=\"https:\/\/vrtecsemedela.si\/index.php\/dejavnosti-v-mesecu-februar\/\" class=\"more-link\">Continue reading<span class=\"screen-reader-text\"> &#8220;DEJAVNOSTI V MESECU FEBRUAR&#8221;<\/span><\/a><\/p><\/div><\/li>\n<li><a class=\"wp-block-latest-posts__post-title\" href=\"https:\/\/vrtecsemedela.si\/index.php\/barvita-jesen-na-obisku\/\">Barvita jesen na obisku<\/a><time datetime=\"2024-12-03T07:04:21+01:00\" class=\"wp-block-latest-posts__post-date\">3. decembra, 2024<\/time><div class=\"wp-block-latest-posts__post-excerpt\">Barvita jesen je obiskala tudi na\u0161o enoto. Na\u0161i najmlaj\u0161i so urili gibalne spretnosti, kjer so se plazili v tunelih. Spoznavali so sadje in razli\u010dno zelenjavo, ki je zna\u010dilna za jesen in tudi na to temo ustavljali. Narisali so res prekrasna jabolka. Seveda ne smemo izpustit, da so si na\u0161i najmlaj\u0161i otroci tudi prvi\u010d ogledali predstavo &hellip; <p class=\"link-more\"><a href=\"https:\/\/vrtecsemedela.si\/index.php\/barvita-jesen-na-obisku\/\" class=\"more-link\">Continue reading<span class=\"screen-reader-text\"> &#8220;Barvita jesen na obisku&#8221;<\/span><\/a><\/p><\/div><\/li>\n<li><a class=\"wp-block-latest-posts__post-title\" href=\"https:\/\/vrtecsemedela.si\/index.php\/teden-knjige-v-enoti-rozmanova\/\">TEDEN KNJIGE V ENOTI ROZMANOVA<\/a><time datetime=\"2024-05-15T12:45:39+02:00\" class=\"wp-block-latest-posts__post-date\">15. maja, 2024<\/time><div class=\"wp-block-latest-posts__post-excerpt\">V tednu knjige smo imeli pestro dogajanje. Pogovorili smo se o tem kako knjiga nastane in kak\u0161ne so lahko vsebine le teh. Vsaka skupina se je podala v izdelavo svoje knjige. Najprej smo si naredili svoj papir, nato se dogovorili o vsebini in nastajati so za\u010dele razli\u010dne in zelo zanimive knjige. Od knjig o \u017eivalih, &hellip; <p class=\"link-more\"><a href=\"https:\/\/vrtecsemedela.si\/index.php\/teden-knjige-v-enoti-rozmanova\/\" class=\"more-link\">Continue reading<span class=\"screen-reader-text\"> &#8220;TEDEN KNJIGE V ENOTI ROZMANOVA&#8221;<\/span><\/a><\/p><\/div><\/li>\n<li><a class=\"wp-block-latest-posts__post-title\" href=\"https:\/\/vrtecsemedela.si\/index.php\/februar-v-enoti-rozmanova\/\">Februar v enoti Rozmanova<\/a><time datetime=\"2024-03-25T14:53:34+01:00\" class=\"wp-block-latest-posts__post-date\">25. marca, 2024<\/time><div class=\"wp-block-latest-posts__post-excerpt\">Za nami je zelo razgiban mesec. Odpravili smo se na dalj\u0161e sprehod ob son\u010dku. Ugotavljali smo katera obla\u010dila so primerna za zimski \u010das in se igrali matematiko. S konstrukcijskim materialom, smo ustvarjali na barvnih podlagah. Pou\u010dili smo se o pticah in o pomembnosti skrbi zanje. Izdeleli smo jim krmilnico in jih skozi okno opazovali. Izvedli &hellip; <p class=\"link-more\"><a href=\"https:\/\/vrtecsemedela.si\/index.php\/februar-v-enoti-rozmanova\/\" class=\"more-link\">Continue reading<span class=\"screen-reader-text\"> &#8220;Februar v enoti Rozmanova&#8221;<\/span><\/a><\/p><\/div><\/li>\n<li><a class=\"wp-block-latest-posts__post-title\" href=\"https:\/\/vrtecsemedela.si\/index.php\/prosta-igra-je-za-otroka-zelo-pomembna\/\">Prosta igra je za otroka zelo pomembna<\/a><time datetime=\"2024-01-08T09:26:47+01:00\" class=\"wp-block-latest-posts__post-date\">8. januarja, 2024<\/time><div class=\"wp-block-latest-posts__post-excerpt\">Vrtec je okolje, kjer se otrok preko razli\u010dnih dejavnosti in situacij, v katere je vklju\u010den ali pa je le opazovalec, celostno razvija. Otrokov dan je strukturiran tako, da so vanj zajeti na\u010drtovana vodena dejavnost z vseh podro\u010dij Kurikula za vrtce, prosta igra in bivanje na prostem. Vsi trije deli se zelo prepletajo in so zelo &hellip; <p class=\"link-more\"><a href=\"https:\/\/vrtecsemedela.si\/index.php\/prosta-igra-je-za-otroka-zelo-pomembna\/\" class=\"more-link\">Continue reading<span class=\"screen-reader-text\"> &#8220;Prosta igra je za otroka zelo pomembna&#8221;<\/span><\/a><\/p><\/div><\/li>\n<li><a class=\"wp-block-latest-posts__post-title\" href=\"https:\/\/vrtecsemedela.si\/index.php\/bivanje-na-prostem\/\">Bivanje na prostem<\/a><time datetime=\"2023-11-17T07:45:57+01:00\" class=\"wp-block-latest-posts__post-date\">17. novembra, 2023<\/time><div class=\"wp-block-latest-posts__post-excerpt\">V \u010dasu bivanja otrok v vrtcu se trudimo, da z otroki pre\u017eivljamo \u010dim ve\u010d \u010dasa na prostem. Na zunanjih povr\u0161inah se otroci lahko igrajo na igralih, tekajo, se lovijo na travniku, vozijo z vozil, igrajo z \u017eogo, raziskujejo razne povr\u0161ine, ob\u010dudujejo okolje na sprehodih in \u0161e mnogo drugega. Skupaj raziskujemo razna podro\u010dja in se pogovarjamo &hellip; <p class=\"link-more\"><a href=\"https:\/\/vrtecsemedela.si\/index.php\/bivanje-na-prostem\/\" class=\"more-link\">Continue reading<span class=\"screen-reader-text\"> &#8220;Bivanje na prostem&#8221;<\/span><\/a><\/p><\/div><\/li>\n<li><a class=\"wp-block-latest-posts__post-title\" href=\"https:\/\/vrtecsemedela.si\/index.php\/turizem-in-vrtec-nahrbtnik-si-pripravimo-in-se-na-pot-odpravimo\/\">TURIZEM IN VRTEC &#8211; Enota Rozmanova:  Nahrbtnik si pripravimo in se na pot odpravimo.<\/a><time datetime=\"2023-06-22T14:28:50+02:00\" class=\"wp-block-latest-posts__post-date\">22. junija, 2023<\/time><div class=\"wp-block-latest-posts__post-excerpt\">Otroci 2. trakta (od 3 do 6 let) so sodelovali v projektu TURIZEM IN VRTEC, kjer je bila izbrana tema \u0161portna do\u017eivetja bogatijo mladinski turizem. Pa poglejmo, kaj so otroci spoznali in se novega nau\u010dili:<\/div><\/li>\n<li><a class=\"wp-block-latest-posts__post-title\" href=\"https:\/\/vrtecsemedela.si\/index.php\/zmajcek-jurcek-na-obisku-pri-nas\/\">ZMAJ\u010cEK JUR\u010cEK NA OBISKU PRI NAS<\/a><time datetime=\"2023-05-30T19:40:47+02:00\" class=\"wp-block-latest-posts__post-date\">30. maja, 2023<\/time><div class=\"wp-block-latest-posts__post-excerpt\">K nam na obisk je pri\u0161el Zmaj\u010dek Jur\u010dek obiskal je pred\u0161olske otroke in s seboj je v nahrbtniku prinesel naloge, ob katerih so otroci raziskovali, kaj vse nakupujemo in s kak\u0161no embala\u017eo se ob tem sre\u010dujemo. Ker je Zeleni nahrbtnik ekolo\u0161ki projekt, so tudi sami posku\u0161ali razmi\u0161ljati \u010dimbolj ekolo\u0161ko in iskali naravi prijazne re\u0161itve shranjevanja &hellip; <p class=\"link-more\"><a href=\"https:\/\/vrtecsemedela.si\/index.php\/zmajcek-jurcek-na-obisku-pri-nas\/\" class=\"more-link\">Continue reading<span class=\"screen-reader-text\"> &#8220;ZMAJ\u010cEK JUR\u010cEK NA OBISKU PRI NAS&#8221;<\/span><\/a><\/p><\/div><\/li>\n<li><a class=\"wp-block-latest-posts__post-title\" href=\"https:\/\/vrtecsemedela.si\/index.php\/polzki\/\">Pol\u017eki<\/a><time datetime=\"2023-05-30T18:25:22+02:00\" class=\"wp-block-latest-posts__post-date\">30. maja, 2023<\/time><div class=\"wp-block-latest-posts__post-excerpt\">Po stezici leze, po stezici, po stezici. Dva ro\u017ei\u010dka ka\u017ee, dva ro\u017ei\u010dka, dva ro\u017ei\u010dka. Hi\u0161o sabo nosi, hi\u0161o nosi, hi\u0161o nosi. Kdo je ta junak ? To je to je pol\u017eek korenjak, to je to je pol\u017eek korenjak. Na\u0161e najmlaj\u0161e otroke so obiskali pol\u017eki, otroci so jih bo\u017eali, nekateri so dovolili, da jim pol\u017eek leze &hellip; <p class=\"link-more\"><a href=\"https:\/\/vrtecsemedela.si\/index.php\/polzki\/\" class=\"more-link\">Continue reading<span class=\"screen-reader-text\"> &#8220;Pol\u017eki&#8221;<\/span><\/a><\/p><\/div><\/li>\n<li><a class=\"wp-block-latest-posts__post-title\" href=\"https:\/\/vrtecsemedela.si\/index.php\/pomahajmo-v-svet\/\">Pomahajmo v svet<\/a><time datetime=\"2023-01-30T13:50:00+01:00\" class=\"wp-block-latest-posts__post-date\">30. januarja, 2023<\/time><div class=\"wp-block-latest-posts__post-excerpt\">Spo\u0161tovani star\u0161i, pozdravljeni na na\u0161i spletni strani Vrtca Semedela, enote Rozmanova. Tukaj boste lahko spremljali novi\u010dke o dogajanju v enoti, kjer se igramo, u\u010dimo in rastemo skupaj. Trenutno dve skupini starej\u0161ih otrok ( od 3 do 5 let in od 4 do 6 let) sodelujeta v mednarodnem projektu &#8220;Pomahajmo v svet&#8221;. Izdelovali in ustvarjali so &hellip; <p class=\"link-more\"><a href=\"https:\/\/vrtecsemedela.si\/index.php\/pomahajmo-v-svet\/\" class=\"more-link\">Continue reading<span class=\"screen-reader-text\"> &#8220;Pomahajmo v svet&#8221;<\/span><\/a><\/p><\/div><\/li>\n<\/ul>","protected":false},"excerpt":{"rendered":"","protected":false},"author":1,"featured_media":0,"parent":0,"menu_order":0,"comment_status":"closed","ping_status":"closed","template":"","meta":{"footnotes":""},"class_list":["post-1737","page","type-page","status-publish","hentry"],"_links":{"self":[{"href":"https:\/\/vrtecsemedela.si\/index.php\/wp-json\/wp\/v2\/pages\/1737","targetHints":{"allow":["GET"]}}],"collection":[{"href":"https:\/\/vrtecsemedela.si\/index.php\/wp-json\/wp\/v2\/pages"}],"about":[{"href":"https:\/\/vrtecsemedela.si\/index.php\/wp-json\/wp\/v2\/types\/page"}],"author":[{"embeddable":true,"href":"https:\/\/vrtecsemedela.si\/index.php\/wp-json\/wp\/v2\/users\/1"}],"replies":[{"embeddable":true,"href":"https:\/\/vrtecsemedela.si\/index.php\/wp-json\/wp\/v2\/comments?post=1737"}],"version-history":[{"count":3,"href":"https:\/\/vrtecsemedela.si\/index.php\/wp-json\/wp\/v2\/pages\/1737\/revisions"}],"predecessor-version":[{"id":7537,"href":"https:\/\/vrtecsemedela.si\/index.php\/wp-json\/wp\/v2\/pages\/1737\/revisions\/7537"}],"wp:attachment":[{"href":"https:\/\/vrtecsemedela.si\/index.php\/wp-json\/wp\/v2\/media?parent=1737"}],"curies":[{"name":"wp","href":"https:\/\/api.w.org\/{rel}","templated":true}]}}